{"id":15,"date":"2022-12-13T14:53:06","date_gmt":"2022-12-13T19:53:06","guid":{"rendered":"https:\/\/fermelpe.com\/cart\/"},"modified":"2025-11-30T16:29:21","modified_gmt":"2025-11-30T20:29:21","slug":"panier","status":"publish","type":"page","link":"https:\/\/fermelpe.com\/en\/panier\/","title":{"rendered":"Basket"},"content":{"rendered":"<div data-elementor-type=\"wp-page\" data-elementor-id=\"15\" class=\"elementor elementor-15\" data-elementor-post-type=\"page\">\n\t\t\t\t<div class=\"elementor-element elementor-element-6e0442b e-flex e-con-boxed e-con e-parent\" data-id=\"6e0442b\" data-element_type=\"container\" data-settings=\"{&quot;background_background&quot;:&quot;classic&quot;}\">\n\t\t\t\t\t<div class=\"e-con-inner\">\n\t\t<div class=\"elementor-element elementor-element-c054ded e-con-full e-flex e-con e-child\" data-id=\"c054ded\" data-element_type=\"container\">\n\t\t\t\t<div class=\"elementor-element elementor-element-7a28003 elementor-widget elementor-widget-spacer\" data-id=\"7a28003\" data-element_type=\"widget\" data-widget_type=\"spacer.default\">\n\t\t\t\t\t\t\t<div class=\"elementor-spacer\">\n\t\t\t<div class=\"elementor-spacer-inner\"><\/div>\n\t\t<\/div>\n\t\t\t\t\t\t<\/div>\n\t\t\t\t<div class=\"elementor-element elementor-element-5ebc2b0 text-center elementor-widget elementor-widget-tp-heading-title\" data-id=\"5ebc2b0\" data-element_type=\"widget\" data-widget_type=\"tp-heading-title.default\">\n\t\t\t\t\t<div class=\"heading heading_style heading_style69e741e12c0a9 style-2\" ><div class=\"sub-style\"  ><div class=\"head-title\" > <h1  class=\"heading-title\"   data-hover=\"Panier\">Basket<\/h1><\/div><\/div><\/div>\t\t\t\t<\/div>\n\t\t\t\t<div class=\"elementor-element elementor-element-9d1c23b elementor-widget elementor-widget-tp-woo-cart\" data-id=\"9d1c23b\" data-element_type=\"widget\" data-widget_type=\"tp-woo-cart.default\">\n\t\t\t\t\t<style> .elementor-element-9d1c23b .tp-cart-page-wrapper .woocommerce-cart-form{ display: block !important } <\/style><div class=\"tp-cart-page-wrapper 9d1c23b layout-2 tp-wcart-left\"><\/div>\t\t\t\t<\/div>\n\t\t<div class=\"elementor-element elementor-element-bc450db e-con-full e-flex e-con e-child\" data-id=\"bc450db\" data-element_type=\"container\">\n\t\t<div class=\"elementor-element elementor-element-b0ec8f2 e-con-full e-flex e-con e-child\" data-id=\"b0ec8f2\" data-element_type=\"container\">\n\t\t\t\t<div class=\"elementor-element elementor-element-50a6c71 text-left elementor-widget elementor-widget-tp-heading-title\" data-id=\"50a6c71\" data-element_type=\"widget\" data-widget_type=\"tp-heading-title.default\">\n\t\t\t\t\t<div class=\"heading heading_style heading_style69e741e12fd52 style-4\" ><div class=\"sub-style\"  ><div class=\"head-title\" > <h2  class=\"heading-title\"   data-hover=\"Vous aimerez peut-\u00eatre...\">You might also like...<\/h2><div class=\"seprator sep-l\" ><span class=\"title-sep sep-l\"><\/span><span class=\"title-sep sep-r\" ><\/span><\/div><\/div><\/div><\/div>\t\t\t\t<\/div>\n\t\t<div class=\"elementor-element elementor-element-044f3da e-flex e-con-boxed e-con e-child\" data-id=\"044f3da\" data-element_type=\"container\">\n\t\t\t\t\t<div class=\"e-con-inner\">\n\t\t\t\t<div class=\"elementor-element elementor-element-bb41b81 elementor-widget elementor-widget-tp-dynamic-listing\" data-id=\"bb41b81\" data-element_type=\"widget\" data-widget_type=\"tp-dynamic-listing.default\">\n\t\t\t\t\t<div id=\"pt-plus-dynamic-listing\" class=\"dynamic-listing post69e741e155c3f  list-isotope  dynamic-listing-style-3 hover-image-style-1  layout-style-1   tp-dy-l-type-page_listing\"    data-layout-type=\"fitRows\"   data-id=\"post69e741e155c3f\" data-style=\"style-3\"   dir= \"data-enable-isotope=\"1\"\" filter-type = \"normal\"><div id=\"post69e741e155c3f\" class=\"tp-row post-inner-loop   post69e741e155c3f  content-left  tp_list\" data-extparam= '{\"loading-opt\":\"skeleton\",\"URL-para\":\"\"}'    \" data-widgetid = \"bb41b81\"><div class=\"grid-item metro-item  tp-col-lg-6 tp-col-md-6 tp-col-sm-6 tp-col-6\"><article id=\"post-5501\" class=\"post-5501 product type-product status-publish has-post-thumbnail wc_square_synced-yes product_cat-miel-transforme first instock shipping-taxable purchasable product-type-variable\">\n\t<div class=\"blog-list-content d-flex flex-row flex-wrap tp-align-items-center\">\n\t\t\t\t\t\t<div class=\"post-content-image tp-col-12 tp-col-md-4 tp-col-sm-4 tp-col-xs-12 flex-column flex-wrap\">\n\t\t\t<a href=\"https:\/\/fermelpe.com\/en\/boutique\/miel-a-la-cannelle\/\">\n\t\t\t\t\t<div class=\"blog-featured-image  tp-cst-img-full img\">\n\t<span class=\"thumb-wrap\">\n\t\t<img fetchpriority=\"high\" decoding=\"async\" width=\"480\" height=\"480\" src=\"https:\/\/i0.wp.com\/fermelpe.com\/wp-content\/uploads\/2023\/01\/IMG_6906_jpg-1-e1696466842617.jpg?resize=480%2C480&amp;ssl=1\" class=\"attachment-tp-image-grid size-tp-image-grid\" alt=\"\" srcset=\"https:\/\/i0.wp.com\/fermelpe.com\/wp-content\/uploads\/2023\/01\/IMG_6906_jpg-1-e1696466842617.jpg?w=480&amp;ssl=1 480w, https:\/\/i0.wp.com\/fermelpe.com\/wp-content\/uploads\/2023\/01\/IMG_6906_jpg-1-e1696466842617.jpg?resize=300%2C300&amp;ssl=1 300w, https:\/\/i0.wp.com\/fermelpe.com\/wp-content\/uploads\/2023\/01\/IMG_6906_jpg-1-e1696466842617.jpg?resize=150%2C150&amp;ssl=1 150w, https:\/\/i0.wp.com\/fermelpe.com\/wp-content\/uploads\/2023\/01\/IMG_6906_jpg-1-e1696466842617.jpg?resize=12%2C12&amp;ssl=1 12w, https:\/\/i0.wp.com\/fermelpe.com\/wp-content\/uploads\/2023\/01\/IMG_6906_jpg-1-e1696466842617.jpg?resize=100%2C100&amp;ssl=1 100w\" sizes=\"(max-width: 480px) 100vw, 480px\" \/>\t<\/span>\n\t<\/div>\n\t\t\t<\/a>\n\t\t<\/div>\n\t\t\t\t<div class=\"post-content-bottom tp-col-12 tp-col-md-8 tp-col-sm-8 tp-col-xs-12 flex-column flex-wrap\">\n\t\t\t\t<div class=\"post-metro-category-top\">\n\t\t<div class=\"post-category-list style-1\">\t\n\t<\/div>\n\t<\/div>\n<div class=\"post-metro-content\">\n\t<h3 class=\"post-title\">\n\t<a href=\"https:\/\/fermelpe.com\/en\/boutique\/miel-a-la-cannelle\/\" class=\"normal\">Cinnamon honey<\/a>\n<\/h3>\n\t\t\t<div class=\"pt-plus-button-wrapper\"><div class=\"button_parallax\"><div class=\"ts-button\"><div class=\"pt_plus_button btn69e741e156ceb button-style-8\"><div class=\"animted-content-inner\"><a href=\"https:\/\/fermelpe.com\/en\/boutique\/miel-a-la-cannelle\/\" rel=\"nofollow\" class=\"button-link-wrap\" role=\"button\">Add to Cart<\/a><\/div><\/div><\/div><\/div><\/div><\/div>\n\t\t<\/div>\n\t\t\t<\/div>\n<\/article>\n<\/div><div class=\"grid-item metro-item  tp-col-lg-6 tp-col-md-6 tp-col-sm-6 tp-col-6\"><article id=\"post-7705\" class=\"post-7705 product type-product status-publish has-post-thumbnail product_cat-plants product_shipping_class-plants  instock taxable shipping-taxable purchasable product-type-variable\">\n\t<div class=\"blog-list-content d-flex flex-row flex-wrap tp-align-items-center\">\n\t\t\t\t\t\t<div class=\"post-content-image tp-col-12 tp-col-md-4 tp-col-sm-4 tp-col-xs-12 flex-column flex-wrap\">\n\t\t\t<a href=\"https:\/\/fermelpe.com\/en\/boutique\/plant-de-poivron-biologique\/\">\n\t\t\t\t\t<div class=\"blog-featured-image  tp-cst-img-full img\">\n\t<span class=\"thumb-wrap\">\n\t\t<img decoding=\"async\" width=\"700\" height=\"700\" src=\"https:\/\/i0.wp.com\/fermelpe.com\/wp-content\/uploads\/2023\/03\/Poivrons-scaled-e1587944619460.jpg?resize=700%2C700&amp;ssl=1\" class=\"attachment-tp-image-grid size-tp-image-grid\" alt=\"\" srcset=\"https:\/\/i0.wp.com\/fermelpe.com\/wp-content\/uploads\/2023\/03\/Poivrons-scaled-e1587944619460.jpg?resize=300%2C300&amp;ssl=1 300w, https:\/\/i0.wp.com\/fermelpe.com\/wp-content\/uploads\/2023\/03\/Poivrons-scaled-e1587944619460.jpg?resize=100%2C100&amp;ssl=1 100w, https:\/\/i0.wp.com\/fermelpe.com\/wp-content\/uploads\/2023\/03\/Poivrons-scaled-e1587944619460.jpg?resize=150%2C150&amp;ssl=1 150w, https:\/\/i0.wp.com\/fermelpe.com\/wp-content\/uploads\/2023\/03\/Poivrons-scaled-e1587944619460.jpg?resize=700%2C700&amp;ssl=1 700w, https:\/\/i0.wp.com\/fermelpe.com\/wp-content\/uploads\/2023\/03\/Poivrons-scaled-e1587944619460.jpg?resize=500%2C500&amp;ssl=1 500w, https:\/\/i0.wp.com\/fermelpe.com\/wp-content\/uploads\/2023\/03\/Poivrons-scaled-e1587944619460.jpg?zoom=2&amp;resize=700%2C700&amp;ssl=1 1400w\" sizes=\"(max-width: 700px) 100vw, 700px\" \/>\t<\/span>\n\t<\/div>\n\t\t\t<\/a>\n\t\t<\/div>\n\t\t\t\t<div class=\"post-content-bottom tp-col-12 tp-col-md-8 tp-col-sm-8 tp-col-xs-12 flex-column flex-wrap\">\n\t\t\t\t<div class=\"post-metro-category-top\">\n\t\t<div class=\"post-category-list style-1\">\t\n\t<\/div>\n\t<\/div>\n<div class=\"post-metro-content\">\n\t<h3 class=\"post-title\">\n\t<a href=\"https:\/\/fermelpe.com\/en\/boutique\/plant-de-poivron-biologique\/\" class=\"normal\">Organic pepper plant<\/a>\n<\/h3>\n\t\t\t<div class=\"pt-plus-button-wrapper\"><div class=\"button_parallax\"><div class=\"ts-button\"><div class=\"pt_plus_button btn69e741e1597b3 button-style-8\"><div class=\"animted-content-inner\"><a href=\"https:\/\/fermelpe.com\/en\/boutique\/plant-de-poivron-biologique\/\" rel=\"nofollow\" class=\"button-link-wrap\" role=\"button\">Add to Cart<\/a><\/div><\/div><\/div><\/div><\/div><\/div>\n\t\t<\/div>\n\t\t\t<\/div>\n<\/article>\n<\/div><div class=\"grid-item metro-item  tp-col-lg-6 tp-col-md-6 tp-col-sm-6 tp-col-6\"><article id=\"post-5574\" class=\"post-5574 product type-product status-publish has-post-thumbnail wc_square_synced-yes product_cat-argousier  instock shipping-taxable purchasable product-type-simple\">\n\t<div class=\"blog-list-content d-flex flex-row flex-wrap tp-align-items-center\">\n\t\t\t\t\t\t<div class=\"post-content-image tp-col-12 tp-col-md-4 tp-col-sm-4 tp-col-xs-12 flex-column flex-wrap\">\n\t\t\t<a href=\"https:\/\/fermelpe.com\/en\/boutique\/sel-dargousier\/\">\n\t\t\t\t\t<div class=\"blog-featured-image  tp-cst-img-full img\">\n\t<span class=\"thumb-wrap\">\n\t\t<img decoding=\"async\" width=\"700\" height=\"700\" src=\"https:\/\/i0.wp.com\/fermelpe.com\/wp-content\/uploads\/2023\/01\/DDD5C240-E4A8-4E90-BCB1-076862A56220_1_201_a.jpeg?resize=700%2C700&amp;ssl=1\" class=\"attachment-tp-image-grid size-tp-image-grid\" alt=\"\" srcset=\"https:\/\/i0.wp.com\/fermelpe.com\/wp-content\/uploads\/2023\/01\/DDD5C240-E4A8-4E90-BCB1-076862A56220_1_201_a.jpeg?w=1123&amp;ssl=1 1123w, https:\/\/i0.wp.com\/fermelpe.com\/wp-content\/uploads\/2023\/01\/DDD5C240-E4A8-4E90-BCB1-076862A56220_1_201_a.jpeg?resize=300%2C300&amp;ssl=1 300w, https:\/\/i0.wp.com\/fermelpe.com\/wp-content\/uploads\/2023\/01\/DDD5C240-E4A8-4E90-BCB1-076862A56220_1_201_a.jpeg?resize=100%2C100&amp;ssl=1 100w, https:\/\/i0.wp.com\/fermelpe.com\/wp-content\/uploads\/2023\/01\/DDD5C240-E4A8-4E90-BCB1-076862A56220_1_201_a.jpeg?resize=1024%2C1024&amp;ssl=1 1024w, https:\/\/i0.wp.com\/fermelpe.com\/wp-content\/uploads\/2023\/01\/DDD5C240-E4A8-4E90-BCB1-076862A56220_1_201_a.jpeg?resize=150%2C150&amp;ssl=1 150w, https:\/\/i0.wp.com\/fermelpe.com\/wp-content\/uploads\/2023\/01\/DDD5C240-E4A8-4E90-BCB1-076862A56220_1_201_a.jpeg?resize=768%2C768&amp;ssl=1 768w, https:\/\/i0.wp.com\/fermelpe.com\/wp-content\/uploads\/2023\/01\/DDD5C240-E4A8-4E90-BCB1-076862A56220_1_201_a.jpeg?resize=700%2C700&amp;ssl=1 700w, https:\/\/i0.wp.com\/fermelpe.com\/wp-content\/uploads\/2023\/01\/DDD5C240-E4A8-4E90-BCB1-076862A56220_1_201_a.jpeg?resize=500%2C500&amp;ssl=1 500w\" sizes=\"(max-width: 700px) 100vw, 700px\" \/>\t<\/span>\n\t<\/div>\n\t\t\t<\/a>\n\t\t<\/div>\n\t\t\t\t<div class=\"post-content-bottom tp-col-12 tp-col-md-8 tp-col-sm-8 tp-col-xs-12 flex-column flex-wrap\">\n\t\t\t\t<div class=\"post-metro-category-top\">\n\t\t<div class=\"post-category-list style-1\">\t\n\t<\/div>\n\t<\/div>\n<div class=\"post-metro-content\">\n\t<h3 class=\"post-title\">\n\t<a href=\"https:\/\/fermelpe.com\/en\/boutique\/sel-dargousier\/\" class=\"normal\">Sea buckthorn salt<\/a>\n<\/h3>\n\t\t\t<div class=\"pt-plus-button-wrapper\"><div class=\"button_parallax\"><div class=\"ts-button\"><div class=\"pt_plus_button btn69e741e15cd88 button-style-8\"><div class=\"animted-content-inner\"><a href=\"https:\/\/fermelpe.com\/en\/boutique\/sel-dargousier\/\" rel=\"nofollow\" class=\"button-link-wrap\" role=\"button\">Add to Cart<\/a><\/div><\/div><\/div><\/div><\/div><\/div>\n\t\t<\/div>\n\t\t\t<\/div>\n<\/article>\n<\/div><div class=\"grid-item metro-item  tp-col-lg-6 tp-col-md-6 tp-col-sm-6 tp-col-6\"><article id=\"post-7407\" class=\"post-7407 product type-product status-publish has-post-thumbnail product_cat-plants product_shipping_class-plants last instock taxable shipping-taxable purchasable product-type-simple\">\n\t<div class=\"blog-list-content d-flex flex-row flex-wrap tp-align-items-center\">\n\t\t\t\t\t\t<div class=\"post-content-image tp-col-12 tp-col-md-4 tp-col-sm-4 tp-col-xs-12 flex-column flex-wrap\">\n\t\t\t<a href=\"https:\/\/fermelpe.com\/en\/boutique\/plant-de-courgette-biologique\/\">\n\t\t\t\t\t<div class=\"blog-featured-image  tp-cst-img-full img\">\n\t<span class=\"thumb-wrap\">\n\t\t<img loading=\"lazy\" decoding=\"async\" width=\"422\" height=\"422\" src=\"https:\/\/i0.wp.com\/fermelpe.com\/wp-content\/uploads\/2023\/03\/plant-de-courgette-e1587935039974.jpg?resize=422%2C422&amp;ssl=1\" class=\"attachment-tp-image-grid size-tp-image-grid\" alt=\"\" srcset=\"https:\/\/i0.wp.com\/fermelpe.com\/wp-content\/uploads\/2023\/03\/plant-de-courgette-e1587935039974.jpg?w=422&amp;ssl=1 422w, https:\/\/i0.wp.com\/fermelpe.com\/wp-content\/uploads\/2023\/03\/plant-de-courgette-e1587935039974.jpg?resize=300%2C300&amp;ssl=1 300w, https:\/\/i0.wp.com\/fermelpe.com\/wp-content\/uploads\/2023\/03\/plant-de-courgette-e1587935039974.jpg?resize=100%2C100&amp;ssl=1 100w, https:\/\/i0.wp.com\/fermelpe.com\/wp-content\/uploads\/2023\/03\/plant-de-courgette-e1587935039974.jpg?resize=150%2C150&amp;ssl=1 150w, https:\/\/i0.wp.com\/fermelpe.com\/wp-content\/uploads\/2023\/03\/plant-de-courgette-e1587935039974.jpg?resize=12%2C12&amp;ssl=1 12w\" sizes=\"(max-width: 422px) 100vw, 422px\" \/>\t<\/span>\n\t<\/div>\n\t\t\t<\/a>\n\t\t<\/div>\n\t\t\t\t<div class=\"post-content-bottom tp-col-12 tp-col-md-8 tp-col-sm-8 tp-col-xs-12 flex-column flex-wrap\">\n\t\t\t\t<div class=\"post-metro-category-top\">\n\t\t<div class=\"post-category-list style-1\">\t\n\t<\/div>\n\t<\/div>\n<div class=\"post-metro-content\">\n\t<h3 class=\"post-title\">\n\t<a href=\"https:\/\/fermelpe.com\/en\/boutique\/plant-de-courgette-biologique\/\" class=\"normal\">Organic zucchini plant<\/a>\n<\/h3>\n\t\t\t<div class=\"pt-plus-button-wrapper\"><div class=\"button_parallax\"><div class=\"ts-button\"><div class=\"pt_plus_button btn69e741e15e2d6 button-style-8\"><div class=\"animted-content-inner\"><a href=\"https:\/\/fermelpe.com\/en\/boutique\/plant-de-courgette-biologique\/\" rel=\"nofollow\" class=\"button-link-wrap\" role=\"button\">Add to Cart<\/a><\/div><\/div><\/div><\/div><\/div><\/div>\n\t\t<\/div>\n\t\t\t<\/div>\n<\/article>\n<\/div><\/div><\/div>\t\t\t\t<\/div>\n\t\t\t\t\t<\/div>\n\t\t\t\t<\/div>\n\t\t\t\t<\/div>\n\t\t<div class=\"elementor-element elementor-element-6a17f0e e-con-full e-flex e-con e-child\" data-id=\"6a17f0e\" data-element_type=\"container\">\n\t\t\t\t<div class=\"elementor-element elementor-element-36f60d9 elementor-widget elementor-widget-tp-woo-cart\" data-id=\"36f60d9\" data-element_type=\"widget\" data-widget_type=\"tp-woo-cart.default\">\n\t\t\t\t\t<div class=\"tp-cart-page-wrapper 36f60d9  tp-wcart-\"><\/div>\t\t\t\t<\/div>\n\t\t\t\t<\/div>\n\t\t\t\t<\/div>\n\t\t\t\t<div class=\"elementor-element elementor-element-88fc8c5 elementor-widget elementor-widget-spacer\" data-id=\"88fc8c5\" data-element_type=\"widget\" data-widget_type=\"spacer.default\">\n\t\t\t\t\t\t\t<div class=\"elementor-spacer\">\n\t\t\t<div class=\"elementor-spacer-inner\"><\/div>\n\t\t<\/div>\n\t\t\t\t\t\t<\/div>\n\t\t\t\t<\/div>\n\t\t\t\t\t<\/div>\n\t\t\t\t<\/div>\n\t\t\t\t<\/div>","protected":false},"excerpt":{"rendered":"<p>Panier Retirer l\u2019\u00e9l\u00e9ment Miniature Produit Prix Quantit\u00e9 Sous-total &times; Marinade De Zucchini &#36;11.00 quantit\u00e9 de Marinade De Zucchini &#36;11.00 Code promo: Appliquer le code promo Mettre \u00e0 jour le panier Totaux panier Sous-total &#36;11.00 Exp\u00e9dition Calculer les frais d\u2019exp\u00e9dition Pays\u00a0\/ r\u00e9gion S\u00e9lectionner un pays\/r\u00e9gion\u2026Canada Province \/ \u00c9tat S\u00e9lectionnez une option&hellip;AlbertaColombie-BritanniqueManitobaNouveau-BrunswickTerre-Neuve-et-LabradorTerritoires du Nord-OuestNouvelle-\u00c9cosseNunavutOntario\u00cele du Prince-\u00c9douardQu\u00e9becSaskatchewanYukon Ville\u00a0: [&hellip;]<\/p>","protected":false},"author":1,"featured_media":0,"parent":0,"menu_order":0,"comment_status":"closed","ping_status":"closed","template":"","meta":{"wprm-recipe-roundup-name":"","wprm-recipe-roundup-description":"","wpupg_custom_link":[],"wpupg_custom_link_behaviour":[],"wpupg_custom_link_nofollow":[],"wpupg_custom_image":[],"wpupg_custom_image_id":[],"footnotes":""},"class_list":["post-15","page","type-page","status-publish","hentry"],"yoast_head":"<!-- This site is optimized with the Yoast SEO plugin v26.7 - https:\/\/yoast.com\/wordpress\/plugins\/seo\/ -->\n<title>Panier | Ferme Les Petites \u00c9cores<\/title>\n<meta name=\"robots\" content=\"index, follow, max-snippet:-1, max-image-preview:large, max-video-preview:-1\" \/>\n<link rel=\"canonical\" href=\"https:\/\/fermelpe.com\/en\/panier\/\" \/>\n<meta property=\"og:locale\" content=\"en_US\" \/>\n<meta property=\"og:type\" content=\"article\" \/>\n<meta property=\"og:title\" content=\"Panier | Ferme Les Petites \u00c9cores\" \/>\n<meta property=\"og:description\" content=\"Panier Retirer l\u2019\u00e9l\u00e9ment Miniature Produit Prix Quantit\u00e9 Sous-total &times; Marinade De Zucchini &#036;11.00 quantit\u00e9 de Marinade De Zucchini &#036;11.00 Code promo: Appliquer le code promo Mettre \u00e0 jour le panier Totaux panier Sous-total &#036;11.00 Exp\u00e9dition Calculer les frais d\u2019exp\u00e9dition Pays\u00a0\/ r\u00e9gion S\u00e9lectionner un pays\/r\u00e9gion\u2026Canada Province \/ \u00c9tat S\u00e9lectionnez une option&hellip;AlbertaColombie-BritanniqueManitobaNouveau-BrunswickTerre-Neuve-et-LabradorTerritoires du Nord-OuestNouvelle-\u00c9cosseNunavutOntario\u00cele du Prince-\u00c9douardQu\u00e9becSaskatchewanYukon Ville\u00a0: [&hellip;]\" \/>\n<meta property=\"og:url\" content=\"https:\/\/fermelpe.com\/en\/panier\/\" \/>\n<meta property=\"og:site_name\" content=\"Ferme Les Petites \u00c9cores\" \/>\n<meta property=\"article:publisher\" content=\"https:\/\/www.facebook.com\/fermelpe\" \/>\n<meta property=\"article:modified_time\" content=\"2025-11-30T20:29:21+00:00\" \/>\n<meta property=\"og:image\" content=\"https:\/\/fermelpe.com\/wp-content\/uploads\/woocommerce-placeholder-300x300.png\" \/>\n<script type=\"application\/ld+json\" class=\"yoast-schema-graph\">{\"@context\":\"https:\/\/schema.org\",\"@graph\":[{\"@type\":\"WebPage\",\"@id\":\"https:\/\/fermelpe.com\/panier\/\",\"url\":\"https:\/\/fermelpe.com\/panier\/\",\"name\":\"Panier | Ferme Les Petites \u00c9cores\",\"isPartOf\":{\"@id\":\"https:\/\/fermelpe.com\/#website\"},\"primaryImageOfPage\":{\"@id\":\"https:\/\/fermelpe.com\/panier\/#primaryimage\"},\"image\":{\"@id\":\"https:\/\/fermelpe.com\/panier\/#primaryimage\"},\"thumbnailUrl\":\"https:\/\/fermelpe.com\/wp-content\/uploads\/woocommerce-placeholder-300x300.png\",\"datePublished\":\"2022-12-13T19:53:06+00:00\",\"dateModified\":\"2025-11-30T20:29:21+00:00\",\"breadcrumb\":{\"@id\":\"https:\/\/fermelpe.com\/panier\/#breadcrumb\"},\"inLanguage\":\"en-CA\",\"potentialAction\":[{\"@type\":\"ReadAction\",\"target\":[\"https:\/\/fermelpe.com\/panier\/\"]}]},{\"@type\":\"ImageObject\",\"inLanguage\":\"en-CA\",\"@id\":\"https:\/\/fermelpe.com\/panier\/#primaryimage\",\"url\":\"https:\/\/fermelpe.com\/wp-content\/uploads\/woocommerce-placeholder-300x300.png\",\"contentUrl\":\"https:\/\/fermelpe.com\/wp-content\/uploads\/woocommerce-placeholder-300x300.png\"},{\"@type\":\"BreadcrumbList\",\"@id\":\"https:\/\/fermelpe.com\/panier\/#breadcrumb\",\"itemListElement\":[{\"@type\":\"ListItem\",\"position\":1,\"name\":\"Accueil\",\"item\":\"https:\/\/fermelpe.com\/\"},{\"@type\":\"ListItem\",\"position\":2,\"name\":\"Panier\"}]},{\"@type\":\"WebSite\",\"@id\":\"https:\/\/fermelpe.com\/#website\",\"url\":\"https:\/\/fermelpe.com\/\",\"name\":\"Ferme Les Petites \u00c9cores\",\"description\":\"\u00c9veillez vos sens au vrai go\u00fbt\",\"publisher\":{\"@id\":\"https:\/\/fermelpe.com\/#organization\"},\"potentialAction\":[{\"@type\":\"SearchAction\",\"target\":{\"@type\":\"EntryPoint\",\"urlTemplate\":\"https:\/\/fermelpe.com\/?s={search_term_string}\"},\"query-input\":{\"@type\":\"PropertyValueSpecification\",\"valueRequired\":true,\"valueName\":\"search_term_string\"}}],\"inLanguage\":\"en-CA\"},{\"@type\":\"Organization\",\"@id\":\"https:\/\/fermelpe.com\/#organization\",\"name\":\"Ferme Les Petites \u00c9cores\",\"url\":\"https:\/\/fermelpe.com\/\",\"logo\":{\"@type\":\"ImageObject\",\"inLanguage\":\"en-CA\",\"@id\":\"https:\/\/fermelpe.com\/#\/schema\/logo\/image\/\",\"url\":\"https:\/\/i0.wp.com\/fermelpe.com\/wp-content\/uploads\/2022\/12\/Facebook-Logo.png?fit=180%2C180&ssl=1\",\"contentUrl\":\"https:\/\/i0.wp.com\/fermelpe.com\/wp-content\/uploads\/2022\/12\/Facebook-Logo.png?fit=180%2C180&ssl=1\",\"width\":180,\"height\":180,\"caption\":\"Ferme Les Petites \u00c9cores\"},\"image\":{\"@id\":\"https:\/\/fermelpe.com\/#\/schema\/logo\/image\/\"},\"sameAs\":[\"https:\/\/www.facebook.com\/fermelpe\",\"https:\/\/www.instagram.com\/flpecores\/\"]}]}<\/script>\n<!-- \/ Yoast SEO plugin. -->","yoast_head_json":{"title":"Cart | Les Petites \u00c9cores Farm","robots":{"index":"index","follow":"follow","max-snippet":"max-snippet:-1","max-image-preview":"max-image-preview:large","max-video-preview":"max-video-preview:-1"},"canonical":"https:\/\/fermelpe.com\/en\/panier\/","og_locale":"en_US","og_type":"article","og_title":"Panier | Ferme Les Petites \u00c9cores","og_description":"Panier Retirer l\u2019\u00e9l\u00e9ment Miniature Produit Prix Quantit\u00e9 Sous-total &times; Marinade De Zucchini &#36;11.00 quantit\u00e9 de Marinade De Zucchini &#36;11.00 Code promo: Appliquer le code promo Mettre \u00e0 jour le panier Totaux panier Sous-total &#36;11.00 Exp\u00e9dition Calculer les frais d\u2019exp\u00e9dition Pays\u00a0\/ r\u00e9gion S\u00e9lectionner un pays\/r\u00e9gion\u2026Canada Province \/ \u00c9tat S\u00e9lectionnez une option&hellip;AlbertaColombie-BritanniqueManitobaNouveau-BrunswickTerre-Neuve-et-LabradorTerritoires du Nord-OuestNouvelle-\u00c9cosseNunavutOntario\u00cele du Prince-\u00c9douardQu\u00e9becSaskatchewanYukon Ville\u00a0: [&hellip;]","og_url":"https:\/\/fermelpe.com\/en\/panier\/","og_site_name":"Ferme Les Petites \u00c9cores","article_publisher":"https:\/\/www.facebook.com\/fermelpe","article_modified_time":"2025-11-30T20:29:21+00:00","og_image":[{"url":"https:\/\/fermelpe.com\/wp-content\/uploads\/woocommerce-placeholder-300x300.png","type":"","width":"","height":""}],"schema":{"@context":"https:\/\/schema.org","@graph":[{"@type":"WebPage","@id":"https:\/\/fermelpe.com\/panier\/","url":"https:\/\/fermelpe.com\/panier\/","name":"Cart | Les Petites \u00c9cores Farm","isPartOf":{"@id":"https:\/\/fermelpe.com\/#website"},"primaryImageOfPage":{"@id":"https:\/\/fermelpe.com\/panier\/#primaryimage"},"image":{"@id":"https:\/\/fermelpe.com\/panier\/#primaryimage"},"thumbnailUrl":"https:\/\/fermelpe.com\/wp-content\/uploads\/woocommerce-placeholder-300x300.png","datePublished":"2022-12-13T19:53:06+00:00","dateModified":"2025-11-30T20:29:21+00:00","breadcrumb":{"@id":"https:\/\/fermelpe.com\/panier\/#breadcrumb"},"inLanguage":"en-CA","potentialAction":[{"@type":"ReadAction","target":["https:\/\/fermelpe.com\/panier\/"]}]},{"@type":"ImageObject","inLanguage":"en-CA","@id":"https:\/\/fermelpe.com\/panier\/#primaryimage","url":"https:\/\/fermelpe.com\/wp-content\/uploads\/woocommerce-placeholder-300x300.png","contentUrl":"https:\/\/fermelpe.com\/wp-content\/uploads\/woocommerce-placeholder-300x300.png"},{"@type":"BreadcrumbList","@id":"https:\/\/fermelpe.com\/panier\/#breadcrumb","itemListElement":[{"@type":"ListItem","position":1,"name":"Accueil","item":"https:\/\/fermelpe.com\/"},{"@type":"ListItem","position":2,"name":"Panier"}]},{"@type":"WebSite","@id":"https:\/\/fermelpe.com\/#website","url":"https:\/\/fermelpe.com\/","name":"Ferme Les Petites \u00c9cores","description":"Awaken your senses to true taste","publisher":{"@id":"https:\/\/fermelpe.com\/#organization"},"potentialAction":[{"@type":"SearchAction","target":{"@type":"EntryPoint","urlTemplate":"https:\/\/fermelpe.com\/?s={search_term_string}"},"query-input":{"@type":"PropertyValueSpecification","valueRequired":true,"valueName":"search_term_string"}}],"inLanguage":"en-CA"},{"@type":"Organization","@id":"https:\/\/fermelpe.com\/#organization","name":"Ferme Les Petites \u00c9cores","url":"https:\/\/fermelpe.com\/","logo":{"@type":"ImageObject","inLanguage":"en-CA","@id":"https:\/\/fermelpe.com\/#\/schema\/logo\/image\/","url":"https:\/\/i0.wp.com\/fermelpe.com\/wp-content\/uploads\/2022\/12\/Facebook-Logo.png?fit=180%2C180&ssl=1","contentUrl":"https:\/\/i0.wp.com\/fermelpe.com\/wp-content\/uploads\/2022\/12\/Facebook-Logo.png?fit=180%2C180&ssl=1","width":180,"height":180,"caption":"Ferme Les Petites \u00c9cores"},"image":{"@id":"https:\/\/fermelpe.com\/#\/schema\/logo\/image\/"},"sameAs":["https:\/\/www.facebook.com\/fermelpe","https:\/\/www.instagram.com\/flpecores\/"]}]}},"_links":{"self":[{"href":"https:\/\/fermelpe.com\/en\/wp-json\/wp\/v2\/pages\/15","targetHints":{"allow":["GET"]}}],"collection":[{"href":"https:\/\/fermelpe.com\/en\/wp-json\/wp\/v2\/pages"}],"about":[{"href":"https:\/\/fermelpe.com\/en\/wp-json\/wp\/v2\/types\/page"}],"author":[{"embeddable":true,"href":"https:\/\/fermelpe.com\/en\/wp-json\/wp\/v2\/users\/1"}],"replies":[{"embeddable":true,"href":"https:\/\/fermelpe.com\/en\/wp-json\/wp\/v2\/comments?post=15"}],"version-history":[{"count":49,"href":"https:\/\/fermelpe.com\/en\/wp-json\/wp\/v2\/pages\/15\/revisions"}],"predecessor-version":[{"id":9734,"href":"https:\/\/fermelpe.com\/en\/wp-json\/wp\/v2\/pages\/15\/revisions\/9734"}],"wp:attachment":[{"href":"https:\/\/fermelpe.com\/en\/wp-json\/wp\/v2\/media?parent=15"}],"curies":[{"name":"wp","href":"https:\/\/api.w.org\/{rel}","templated":true}]}}