{"id":265,"date":"2022-12-16T20:31:27","date_gmt":"2022-12-16T20:31:27","guid":{"rendered":"https:\/\/fermelpe.com\/?page_id=265"},"modified":"2025-02-10T11:45:27","modified_gmt":"2025-02-10T15:45:27","slug":"nous-joindre","status":"publish","type":"page","link":"https:\/\/fermelpe.com\/en\/nous-joindre\/","title":{"rendered":"Contact us"},"content":{"rendered":"<div data-elementor-type=\"wp-page\" data-elementor-id=\"265\" class=\"elementor elementor-265\" data-elementor-post-type=\"page\">\n\t\t\t\t<div class=\"elementor-element elementor-element-03c04a4 e-con-full e-flex e-con e-parent\" data-id=\"03c04a4\" data-element_type=\"container\" data-settings=\"{&quot;background_background&quot;:&quot;classic&quot;}\">\n\t\t<div class=\"elementor-element elementor-element-6139d0a e-flex e-con-boxed e-con e-child\" data-id=\"6139d0a\" data-element_type=\"container\" data-settings=\"{&quot;background_background&quot;:&quot;classic&quot;}\">\n\t\t\t\t\t<div class=\"e-con-inner\">\n\t\t\t\t<div class=\"elementor-element elementor-element-6a3d8e1 elementor-widget elementor-widget-elementskit-heading\" data-id=\"6a3d8e1\" data-element_type=\"widget\" data-widget_type=\"elementskit-heading.default\">\n\t\t\t\t\t<div class=\"ekit-wid-con\" ><div class=\"ekit-heading elementskit-section-title-wraper text_center   ekit_heading_tablet-text_center   ekit_heading_mobile-\"><h1 class=\"ekit-heading--title elementskit-section-title\">Contact <span><span>us<\/span><\/span><\/h1><\/div><\/div>\t\t\t\t<\/div>\n\t\t\t\t\t<\/div>\n\t\t\t\t<\/div>\n\t\t\t\t<\/div>\n\t\t<div class=\"elementor-element elementor-element-c306aaa e-flex e-con-boxed e-con e-parent\" data-id=\"c306aaa\" data-element_type=\"container\">\n\t\t\t\t\t<div class=\"e-con-inner\">\n\t\t<div class=\"elementor-element elementor-element-fbfe5e9 e-flex e-con-boxed e-con e-child\" data-id=\"fbfe5e9\" data-element_type=\"container\">\n\t\t\t\t\t<div class=\"e-con-inner\">\n\t\t\t\t<div class=\"elementor-element elementor-element-305ee01 elementor-widget elementor-widget-woocommerce-breadcrumb\" data-id=\"305ee01\" data-element_type=\"widget\" data-widget_type=\"woocommerce-breadcrumb.default\">\n\t\t\t\t\t<nav class=\"woocommerce-breadcrumb\" aria-label=\"Breadcrumbs\">Home<\/nav>\t\t\t\t<\/div>\n\t\t\t\t\t<\/div>\n\t\t\t\t<\/div>\n\t\t\t\t\t<\/div>\n\t\t\t\t<\/div>\n\t\t<div class=\"elementor-element elementor-element-6602915 e-flex e-con-boxed e-con e-parent\" data-id=\"6602915\" data-element_type=\"container\">\n\t\t\t\t\t<div class=\"e-con-inner\">\n\t\t<div class=\"elementor-element elementor-element-a4bac66 animated-slow e-con-full elementor-hidden-mobile e-flex elementor-invisible e-con e-child\" data-id=\"a4bac66\" data-element_type=\"container\" data-settings=\"{&quot;animation&quot;:&quot;fadeInLeft&quot;}\">\n\t\t\t\t<div class=\"elementor-element elementor-element-0f43c59 elementor-widget elementor-widget-image\" data-id=\"0f43c59\" data-element_type=\"widget\" data-widget_type=\"image.default\">\n\t\t\t\t\t\t\t\t\t\t\t\t\t\t\t\t<a href=\"https:\/\/fermelpe.com\/en\/activites\/autocueillette-argousier\/\">\n\t\t\t\t\t\t\t<img fetchpriority=\"high\" decoding=\"async\" width=\"900\" height=\"1200\" src=\"https:\/\/i0.wp.com\/fermelpe.com\/wp-content\/uploads\/2023\/02\/20220825_1515511.jpg?fit=900%2C1200&amp;ssl=1\" class=\"attachment-full size-full wp-image-6353\" alt=\"Argousier\" srcset=\"https:\/\/i0.wp.com\/fermelpe.com\/wp-content\/uploads\/2023\/02\/20220825_1515511.jpg?w=900&amp;ssl=1 900w, https:\/\/i0.wp.com\/fermelpe.com\/wp-content\/uploads\/2023\/02\/20220825_1515511.jpg?resize=300%2C400&amp;ssl=1 300w, https:\/\/i0.wp.com\/fermelpe.com\/wp-content\/uploads\/2023\/02\/20220825_1515511.jpg?resize=225%2C300&amp;ssl=1 225w, https:\/\/i0.wp.com\/fermelpe.com\/wp-content\/uploads\/2023\/02\/20220825_1515511.jpg?resize=768%2C1024&amp;ssl=1 768w\" sizes=\"(max-width: 800px) 100vw, 800px\" \/>\t\t\t\t\t\t\t\t<\/a>\n\t\t\t\t\t\t\t\t\t\t\t\t\t\t\t<\/div>\n\t\t\t\t<div class=\"elementor-element elementor-element-a1ff321 elementor-widget elementor-widget-image\" data-id=\"a1ff321\" data-element_type=\"widget\" data-widget_type=\"image.default\">\n\t\t\t\t\t\t\t\t\t\t\t\t\t\t\t\t<a href=\"https:\/\/fermelpe.com\/en\/activites\/table-champetre\/\">\n\t\t\t\t\t\t\t<img decoding=\"async\" width=\"1000\" height=\"1333\" src=\"https:\/\/i0.wp.com\/fermelpe.com\/wp-content\/uploads\/2023\/02\/20220708_171856.jpg?fit=1000%2C1333&amp;ssl=1\" class=\"attachment-full size-full wp-image-6355\" alt=\"\" srcset=\"https:\/\/i0.wp.com\/fermelpe.com\/wp-content\/uploads\/2023\/02\/20220708_171856.jpg?w=1000&amp;ssl=1 1000w, https:\/\/i0.wp.com\/fermelpe.com\/wp-content\/uploads\/2023\/02\/20220708_171856.jpg?resize=300%2C400&amp;ssl=1 300w, https:\/\/i0.wp.com\/fermelpe.com\/wp-content\/uploads\/2023\/02\/20220708_171856.jpg?resize=225%2C300&amp;ssl=1 225w, https:\/\/i0.wp.com\/fermelpe.com\/wp-content\/uploads\/2023\/02\/20220708_171856.jpg?resize=768%2C1024&amp;ssl=1 768w\" sizes=\"(max-width: 800px) 100vw, 800px\" \/>\t\t\t\t\t\t\t\t<\/a>\n\t\t\t\t\t\t\t\t\t\t\t\t\t\t\t<\/div>\n\t\t\t\t<div class=\"elementor-element elementor-element-2d58af0 e-transform elementor-widget elementor-widget-heading\" data-id=\"2d58af0\" data-element_type=\"widget\" data-settings=\"{&quot;_transform_translateY_effect&quot;:{&quot;unit&quot;:&quot;px&quot;,&quot;size&quot;:-112,&quot;sizes&quot;:[]},&quot;_transform_translateX_effect&quot;:{&quot;unit&quot;:&quot;px&quot;,&quot;size&quot;:&quot;&quot;,&quot;sizes&quot;:[]},&quot;_transform_translateX_effect_tablet&quot;:{&quot;unit&quot;:&quot;px&quot;,&quot;size&quot;:&quot;&quot;,&quot;sizes&quot;:[]},&quot;_transform_translateX_effect_mobile&quot;:{&quot;unit&quot;:&quot;px&quot;,&quot;size&quot;:&quot;&quot;,&quot;sizes&quot;:[]},&quot;_transform_translateY_effect_tablet&quot;:{&quot;unit&quot;:&quot;px&quot;,&quot;size&quot;:&quot;&quot;,&quot;sizes&quot;:[]},&quot;_transform_translateY_effect_mobile&quot;:{&quot;unit&quot;:&quot;px&quot;,&quot;size&quot;:&quot;&quot;,&quot;sizes&quot;:[]}}\" data-widget_type=\"heading.default\">\n\t\t\t\t\t<h5 class=\"elementor-heading-title elementor-size-default\"><a href=\"https:\/\/fermelpe.com\/en\/activites\/visite-de-la-ferme\/\">Farm activities<\/a><\/h5>\t\t\t\t<\/div>\n\t\t\t\t<\/div>\n\t\t<div class=\"elementor-element elementor-element-e7a6af2 e-con-full e-flex e-con e-child\" data-id=\"e7a6af2\" data-element_type=\"container\">\n\t\t\t\t<div class=\"elementor-element elementor-element-703f617 elementor-widget elementor-widget-heading\" data-id=\"703f617\" data-element_type=\"widget\" data-widget_type=\"heading.default\">\n\t\t\t\t\t<h2 class=\"elementor-heading-title elementor-size-default\">Farm store opening hours<\/h2>\t\t\t\t<\/div>\n\t\t\t\t<div class=\"elementor-element elementor-element-20412b6 elementor-widget elementor-widget-heading\" data-id=\"20412b6\" data-element_type=\"widget\" data-widget_type=\"heading.default\">\n\t\t\t\t\t<h3 class=\"elementor-heading-title elementor-size-default\">Hello, are you open?<\/h3>\t\t\t\t<\/div>\n\t\t\t\t<div class=\"elementor-element elementor-element-dd7b3a4 elementor-widget elementor-widget-text-editor\" data-id=\"dd7b3a4\" data-element_type=\"widget\" data-widget_type=\"text-editor.default\">\n\t\t\t\t\t\t\t\t\t<p><strong>Summer season \u2013 May 17 to October 31<\/strong><br>Monday \u2013 Thursday: Closed<br>Friday: 9:30 a.m. to 4 p.m.<br>Saturday: 9:30 a.m. to 4 p.m.<br>Sunday: 9:30 a.m. to 4 p.m.<br><strong>Winter season \u2013 November 1st to May 16th<\/strong><br>Call us to make an appointment at 438-274-0183 ext. 5<br><strong>Sunday, December 7, 2025&nbsp;<\/strong>Farm gift basket<\/p>\t\t\t\t\t\t\t\t<\/div>\n\t\t\t\t<div class=\"elementor-element elementor-element-06ad992 elementor-align-center elementor-tablet-align-center elementor-widget elementor-widget-button\" data-id=\"06ad992\" data-element_type=\"widget\" data-widget_type=\"button.default\">\n\t\t\t\t\t\t\t\t\t\t<a class=\"elementor-button elementor-button-link elementor-size-lg elementor-animation-shrink\" href=\"https:\/\/fermelpe.com\/en\/activites\/visite-de-la-ferme\/\">\n\t\t\t\t\t\t<span class=\"elementor-button-content-wrapper\">\n\t\t\t\t\t\t\t\t\t<span class=\"elementor-button-text\">Farm tour schedule<\/span>\n\t\t\t\t\t<\/span>\n\t\t\t\t\t<\/a>\n\t\t\t\t\t\t\t\t<\/div>\n\t\t\t\t<\/div>\n\t\t\t\t\t<\/div>\n\t\t\t\t<\/div>\n\t\t<div class=\"elementor-element elementor-element-2a96583 e-flex e-con-boxed e-con e-parent\" data-id=\"2a96583\" data-element_type=\"container\">\n\t\t\t\t\t<div class=\"e-con-inner\">\n\t\t<div class=\"elementor-element elementor-element-449af79 e-con-full e-flex e-con e-child\" data-id=\"449af79\" data-element_type=\"container\">\n\t\t\t\t<div class=\"elementor-element elementor-element-45c1485 elementor-widget elementor-widget-elementskit-heading\" data-id=\"45c1485\" data-element_type=\"widget\" data-widget_type=\"elementskit-heading.default\">\n\t\t\t\t\t<div class=\"ekit-wid-con\" ><div class=\"ekit-heading elementskit-section-title-wraper text_center   ekit_heading_tablet-text_center   ekit_heading_mobile-\"><h2 class=\"ekit-heading--title elementskit-section-title translation-block\">Ferme Les Petites \u00c9cores<\/h2><\/div><\/div>\t\t\t\t<\/div>\n\t\t\t\t<div class=\"elementor-element elementor-element-d69dc3a elementor-widget elementor-widget-text-editor\" data-id=\"d69dc3a\" data-element_type=\"widget\" data-widget_type=\"text-editor.default\">\n\t\t\t\t\t\t\t\t\t<p style=\"text-align: center;\">www.fermelpe.com<\/p><p style=\"text-align: center;\">547 chemin des Outaouais,<\/p><p style=\"text-align: center;\">Pointe-Fortune, Qc<\/p>\t\t\t\t\t\t\t\t<\/div>\n\t\t<div class=\"elementor-element elementor-element-646179e e-con-full e-flex e-con e-child\" data-id=\"646179e\" data-element_type=\"container\">\n\t\t\t\t<div class=\"elementor-element elementor-element-c8b0bcd elementor-position-inline-start elementor-view-default elementor-mobile-position-block-start elementor-widget elementor-widget-icon-box\" data-id=\"c8b0bcd\" data-element_type=\"widget\" data-widget_type=\"icon-box.default\">\n\t\t\t\t\t\t\t<div class=\"elementor-icon-box-wrapper\">\n\n\t\t\t\t\t\t<div class=\"elementor-icon-box-icon\">\n\t\t\t\t<a href=\"tel:4382740183\" class=\"elementor-icon\" tabindex=\"-1\" aria-label=\"Phone\">\n\t\t\t\t<i aria-hidden=\"true\" class=\"icon icon-phone1\"><\/i>\t\t\t\t<\/a>\n\t\t\t<\/div>\n\t\t\t\n\t\t\t\t\t\t<div class=\"elementor-icon-box-content\">\n\n\t\t\t\t\t\t\t\t\t<h5 class=\"elementor-icon-box-title\">\n\t\t\t\t\t\t<a href=\"tel:4382740183\" >\n\t\t\t\t\t\t\tPhone\t\t\t\t\t\t<\/a>\n\t\t\t\t\t<\/h5>\n\t\t\t\t\n\t\t\t\t\t\t\t\t\t<p class=\"elementor-icon-box-description\">\n\t\t\t\t\t\t438-274-0183\t\t\t\t\t<\/p>\n\t\t\t\t\n\t\t\t<\/div>\n\t\t\t\n\t\t<\/div>\n\t\t\t\t\t\t<\/div>\n\t\t\t\t<div class=\"elementor-element elementor-element-6f49724 elementor-position-inline-start elementor-view-default elementor-mobile-position-block-start elementor-widget elementor-widget-icon-box\" data-id=\"6f49724\" data-element_type=\"widget\" data-widget_type=\"icon-box.default\">\n\t\t\t\t\t\t\t<div class=\"elementor-icon-box-wrapper\">\n\n\t\t\t\t\t\t<div class=\"elementor-icon-box-icon\">\n\t\t\t\t<a href=\"mailto:info@fermelpe.com\" class=\"elementor-icon\" tabindex=\"-1\" aria-label=\"E-mail\">\n\t\t\t\t<i aria-hidden=\"true\" class=\"icon icon-envelope3\"><\/i>\t\t\t\t<\/a>\n\t\t\t<\/div>\n\t\t\t\n\t\t\t\t\t\t<div class=\"elementor-icon-box-content\">\n\n\t\t\t\t\t\t\t\t\t<h4 class=\"elementor-icon-box-title\">\n\t\t\t\t\t\t<a href=\"mailto:info@fermelpe.com\" >\n\t\t\t\t\t\t\tE-mail\t\t\t\t\t\t<\/a>\n\t\t\t\t\t<\/h4>\n\t\t\t\t\n\t\t\t\t\t\t\t\t\t<p class=\"elementor-icon-box-description\">\n\t\t\t\t\t\tinfo@fermelpe.com\t\t\t\t\t<\/p>\n\t\t\t\t\n\t\t\t<\/div>\n\t\t\t\n\t\t<\/div>\n\t\t\t\t\t\t<\/div>\n\t\t\t\t<\/div>\n\t\t\t\t<\/div>\n\t\t<div class=\"elementor-element elementor-element-c3cc623 e-con-full e-flex e-con e-child\" data-id=\"c3cc623\" data-element_type=\"container\">\n\t\t\t\t<div class=\"elementor-element elementor-element-abc392d elementor-widget elementor-widget-google_maps\" data-id=\"abc392d\" data-element_type=\"widget\" data-widget_type=\"google_maps.default\">\n\t\t\t\t\t\t\t<div class=\"elementor-custom-embed\">\n\t\t\t<iframe loading=\"lazy\"\n\t\t\t\t\tsrc=\"https:\/\/maps.google.com\/maps?q=547%20chemin%20des%20Outaouais%2C%20Pointe-Fortune%2C%20Qc&#038;t=m&#038;z=10&#038;output=embed&#038;iwloc=near\"\n\t\t\t\t\ttitle=\"547 chemin des Outaouais, Pointe-Fortune, Qc\"\n\t\t\t\t\taria-label=\"547 chemin des Outaouais, Pointe-Fortune, Qc\"\n\t\t\t><\/iframe>\n\t\t<\/div>\n\t\t\t\t\t\t<\/div>\n\t\t\t\t<\/div>\n\t\t\t\t\t<\/div>\n\t\t\t\t<\/div>\n\t\t\t\t<\/div>","protected":false},"excerpt":{"rendered":"<p>Nous joindre Activit\u00e9s \u00e0 la ferme Heures d&#8217;ouverture de la boutique Bonjour, \u00eates-vous ouvert? Saison estival \u2013 17 mai au 31 octobreLundi \u2013 jeudi : Ferm\u00e9Vendredi : 9h30 \u00e0 16hSamedi :&nbsp;9h30 \u00e0 16hDimanche :&nbsp;9h30 \u00e0 16hSaison hivernale \u2013 1er novembre au 16 maiAppelez-nous afin de prendre rendez-vous au 438-274-0183 poste 5Dimanche 7 d\u00e9cembre 2025&nbsp;Panier cadeaux [&hellip;]<\/p>","protected":false},"author":2,"featured_media":0,"parent":0,"menu_order":0,"comment_status":"closed","ping_status":"closed","template":"elementor_header_footer","meta":{"wprm-recipe-roundup-name":"","wprm-recipe-roundup-description":"","wpupg_custom_link":[],"wpupg_custom_link_behaviour":[],"wpupg_custom_link_nofollow":[],"wpupg_custom_image":[],"wpupg_custom_image_id":[],"footnotes":""},"class_list":["post-265","page","type-page","status-publish","hentry"],"yoast_head":"<!-- This site is optimized with the Yoast SEO plugin v26.7 - https:\/\/yoast.com\/wordpress\/plugins\/seo\/ -->\n<title>Nous joindre | Ferme Les Petites \u00c9cores<\/title>\n<meta name=\"robots\" content=\"index, follow, max-snippet:-1, max-image-preview:large, max-video-preview:-1\" \/>\n<link rel=\"canonical\" href=\"https:\/\/fermelpe.com\/en\/nous-joindre\/\" \/>\n<meta property=\"og:locale\" content=\"en_US\" \/>\n<meta property=\"og:type\" content=\"article\" \/>\n<meta property=\"og:title\" content=\"Nous joindre | Ferme Les Petites \u00c9cores\" \/>\n<meta property=\"og:description\" content=\"Nous joindre Activit\u00e9s \u00e0 la ferme Heures d&#8217;ouverture de la boutique Bonjour, \u00eates-vous ouvert? Saison estival \u2013 17 mai au 31 octobreLundi \u2013 jeudi : Ferm\u00e9Vendredi : 9h30 \u00e0 16hSamedi :&nbsp;9h30 \u00e0 16hDimanche :&nbsp;9h30 \u00e0 16hSaison hivernale \u2013 1er novembre au 16 maiAppelez-nous afin de prendre rendez-vous au 438-274-0183 poste 5Dimanche 7 d\u00e9cembre 2025&nbsp;Panier cadeaux [&hellip;]\" \/>\n<meta property=\"og:url\" content=\"https:\/\/fermelpe.com\/en\/nous-joindre\/\" \/>\n<meta property=\"og:site_name\" content=\"Ferme Les Petites \u00c9cores\" \/>\n<meta property=\"article:publisher\" content=\"https:\/\/www.facebook.com\/fermelpe\" \/>\n<meta property=\"article:modified_time\" content=\"2025-02-10T15:45:27+00:00\" \/>\n<meta property=\"og:image\" content=\"https:\/\/i0.wp.com\/fermelpe.com\/wp-content\/uploads\/2023\/02\/20220825_1515511.jpg?fit=900%2C1200&ssl=1\" \/>\n\t<meta property=\"og:image:width\" content=\"900\" \/>\n\t<meta property=\"og:image:height\" content=\"1200\" \/>\n\t<meta property=\"og:image:type\" content=\"image\/jpeg\" \/>\n<script type=\"application\/ld+json\" class=\"yoast-schema-graph\">{\"@context\":\"https:\/\/schema.org\",\"@graph\":[{\"@type\":\"WebPage\",\"@id\":\"https:\/\/fermelpe.com\/nous-joindre\/\",\"url\":\"https:\/\/fermelpe.com\/nous-joindre\/\",\"name\":\"Nous joindre | Ferme Les Petites \u00c9cores\",\"isPartOf\":{\"@id\":\"https:\/\/fermelpe.com\/#website\"},\"primaryImageOfPage\":{\"@id\":\"https:\/\/fermelpe.com\/nous-joindre\/#primaryimage\"},\"image\":{\"@id\":\"https:\/\/fermelpe.com\/nous-joindre\/#primaryimage\"},\"thumbnailUrl\":\"https:\/\/fermelpe.com\/wp-content\/uploads\/2023\/02\/20220825_1515511.jpg\",\"datePublished\":\"2022-12-16T20:31:27+00:00\",\"dateModified\":\"2025-02-10T15:45:27+00:00\",\"breadcrumb\":{\"@id\":\"https:\/\/fermelpe.com\/nous-joindre\/#breadcrumb\"},\"inLanguage\":\"en-CA\",\"potentialAction\":[{\"@type\":\"ReadAction\",\"target\":[\"https:\/\/fermelpe.com\/nous-joindre\/\"]}]},{\"@type\":\"ImageObject\",\"inLanguage\":\"en-CA\",\"@id\":\"https:\/\/fermelpe.com\/nous-joindre\/#primaryimage\",\"url\":\"https:\/\/fermelpe.com\/wp-content\/uploads\/2023\/02\/20220825_1515511.jpg\",\"contentUrl\":\"https:\/\/fermelpe.com\/wp-content\/uploads\/2023\/02\/20220825_1515511.jpg\"},{\"@type\":\"BreadcrumbList\",\"@id\":\"https:\/\/fermelpe.com\/nous-joindre\/#breadcrumb\",\"itemListElement\":[{\"@type\":\"ListItem\",\"position\":1,\"name\":\"Accueil\",\"item\":\"https:\/\/fermelpe.com\/\"},{\"@type\":\"ListItem\",\"position\":2,\"name\":\"Nous joindre\"}]},{\"@type\":\"WebSite\",\"@id\":\"https:\/\/fermelpe.com\/#website\",\"url\":\"https:\/\/fermelpe.com\/\",\"name\":\"Ferme Les Petites \u00c9cores\",\"description\":\"\u00c9veillez vos sens au vrai go\u00fbt\",\"publisher\":{\"@id\":\"https:\/\/fermelpe.com\/#organization\"},\"potentialAction\":[{\"@type\":\"SearchAction\",\"target\":{\"@type\":\"EntryPoint\",\"urlTemplate\":\"https:\/\/fermelpe.com\/?s={search_term_string}\"},\"query-input\":{\"@type\":\"PropertyValueSpecification\",\"valueRequired\":true,\"valueName\":\"search_term_string\"}}],\"inLanguage\":\"en-CA\"},{\"@type\":\"Organization\",\"@id\":\"https:\/\/fermelpe.com\/#organization\",\"name\":\"Ferme Les Petites \u00c9cores\",\"url\":\"https:\/\/fermelpe.com\/\",\"logo\":{\"@type\":\"ImageObject\",\"inLanguage\":\"en-CA\",\"@id\":\"https:\/\/fermelpe.com\/#\/schema\/logo\/image\/\",\"url\":\"https:\/\/i0.wp.com\/fermelpe.com\/wp-content\/uploads\/2022\/12\/Facebook-Logo.png?fit=180%2C180&ssl=1\",\"contentUrl\":\"https:\/\/i0.wp.com\/fermelpe.com\/wp-content\/uploads\/2022\/12\/Facebook-Logo.png?fit=180%2C180&ssl=1\",\"width\":180,\"height\":180,\"caption\":\"Ferme Les Petites \u00c9cores\"},\"image\":{\"@id\":\"https:\/\/fermelpe.com\/#\/schema\/logo\/image\/\"},\"sameAs\":[\"https:\/\/www.facebook.com\/fermelpe\",\"https:\/\/www.instagram.com\/flpecores\/\"]}]}<\/script>\n<!-- \/ Yoast SEO plugin. -->","yoast_head_json":{"title":"Contact us | Ferme Les Petites \u00c9cores","robots":{"index":"index","follow":"follow","max-snippet":"max-snippet:-1","max-image-preview":"max-image-preview:large","max-video-preview":"max-video-preview:-1"},"canonical":"https:\/\/fermelpe.com\/en\/nous-joindre\/","og_locale":"en_US","og_type":"article","og_title":"Nous joindre | Ferme Les Petites \u00c9cores","og_description":"Nous joindre Activit\u00e9s \u00e0 la ferme Heures d&#8217;ouverture de la boutique Bonjour, \u00eates-vous ouvert? Saison estival \u2013 17 mai au 31 octobreLundi \u2013 jeudi : Ferm\u00e9Vendredi : 9h30 \u00e0 16hSamedi :&nbsp;9h30 \u00e0 16hDimanche :&nbsp;9h30 \u00e0 16hSaison hivernale \u2013 1er novembre au 16 maiAppelez-nous afin de prendre rendez-vous au 438-274-0183 poste 5Dimanche 7 d\u00e9cembre 2025&nbsp;Panier cadeaux [&hellip;]","og_url":"https:\/\/fermelpe.com\/en\/nous-joindre\/","og_site_name":"Ferme Les Petites \u00c9cores","article_publisher":"https:\/\/www.facebook.com\/fermelpe","article_modified_time":"2025-02-10T15:45:27+00:00","og_image":[{"width":900,"height":1200,"url":"https:\/\/i0.wp.com\/fermelpe.com\/wp-content\/uploads\/2023\/02\/20220825_1515511.jpg?fit=900%2C1200&ssl=1","type":"image\/jpeg"}],"schema":{"@context":"https:\/\/schema.org","@graph":[{"@type":"WebPage","@id":"https:\/\/fermelpe.com\/nous-joindre\/","url":"https:\/\/fermelpe.com\/nous-joindre\/","name":"Contact us | Ferme Les Petites \u00c9cores","isPartOf":{"@id":"https:\/\/fermelpe.com\/#website"},"primaryImageOfPage":{"@id":"https:\/\/fermelpe.com\/nous-joindre\/#primaryimage"},"image":{"@id":"https:\/\/fermelpe.com\/nous-joindre\/#primaryimage"},"thumbnailUrl":"https:\/\/fermelpe.com\/wp-content\/uploads\/2023\/02\/20220825_1515511.jpg","datePublished":"2022-12-16T20:31:27+00:00","dateModified":"2025-02-10T15:45:27+00:00","breadcrumb":{"@id":"https:\/\/fermelpe.com\/nous-joindre\/#breadcrumb"},"inLanguage":"en-CA","potentialAction":[{"@type":"ReadAction","target":["https:\/\/fermelpe.com\/nous-joindre\/"]}]},{"@type":"ImageObject","inLanguage":"en-CA","@id":"https:\/\/fermelpe.com\/nous-joindre\/#primaryimage","url":"https:\/\/fermelpe.com\/wp-content\/uploads\/2023\/02\/20220825_1515511.jpg","contentUrl":"https:\/\/fermelpe.com\/wp-content\/uploads\/2023\/02\/20220825_1515511.jpg"},{"@type":"BreadcrumbList","@id":"https:\/\/fermelpe.com\/nous-joindre\/#breadcrumb","itemListElement":[{"@type":"ListItem","position":1,"name":"Accueil","item":"https:\/\/fermelpe.com\/"},{"@type":"ListItem","position":2,"name":"Nous joindre"}]},{"@type":"WebSite","@id":"https:\/\/fermelpe.com\/#website","url":"https:\/\/fermelpe.com\/","name":"Ferme Les Petites \u00c9cores","description":"Awaken your senses to true taste","publisher":{"@id":"https:\/\/fermelpe.com\/#organization"},"potentialAction":[{"@type":"SearchAction","target":{"@type":"EntryPoint","urlTemplate":"https:\/\/fermelpe.com\/?s={search_term_string}"},"query-input":{"@type":"PropertyValueSpecification","valueRequired":true,"valueName":"search_term_string"}}],"inLanguage":"en-CA"},{"@type":"Organization","@id":"https:\/\/fermelpe.com\/#organization","name":"Ferme Les Petites \u00c9cores","url":"https:\/\/fermelpe.com\/","logo":{"@type":"ImageObject","inLanguage":"en-CA","@id":"https:\/\/fermelpe.com\/#\/schema\/logo\/image\/","url":"https:\/\/i0.wp.com\/fermelpe.com\/wp-content\/uploads\/2022\/12\/Facebook-Logo.png?fit=180%2C180&ssl=1","contentUrl":"https:\/\/i0.wp.com\/fermelpe.com\/wp-content\/uploads\/2022\/12\/Facebook-Logo.png?fit=180%2C180&ssl=1","width":180,"height":180,"caption":"Ferme Les Petites \u00c9cores"},"image":{"@id":"https:\/\/fermelpe.com\/#\/schema\/logo\/image\/"},"sameAs":["https:\/\/www.facebook.com\/fermelpe","https:\/\/www.instagram.com\/flpecores\/"]}]}},"_links":{"self":[{"href":"https:\/\/fermelpe.com\/en\/wp-json\/wp\/v2\/pages\/265","targetHints":{"allow":["GET"]}}],"collection":[{"href":"https:\/\/fermelpe.com\/en\/wp-json\/wp\/v2\/pages"}],"about":[{"href":"https:\/\/fermelpe.com\/en\/wp-json\/wp\/v2\/types\/page"}],"author":[{"embeddable":true,"href":"https:\/\/fermelpe.com\/en\/wp-json\/wp\/v2\/users\/2"}],"replies":[{"embeddable":true,"href":"https:\/\/fermelpe.com\/en\/wp-json\/wp\/v2\/comments?post=265"}],"version-history":[{"count":80,"href":"https:\/\/fermelpe.com\/en\/wp-json\/wp\/v2\/pages\/265\/revisions"}],"predecessor-version":[{"id":8952,"href":"https:\/\/fermelpe.com\/en\/wp-json\/wp\/v2\/pages\/265\/revisions\/8952"}],"wp:attachment":[{"href":"https:\/\/fermelpe.com\/en\/wp-json\/wp\/v2\/media?parent=265"}],"curies":[{"name":"wp","href":"https:\/\/api.w.org\/{rel}","templated":true}]}}