{"id":3,"date":"2022-12-13T14:44:03","date_gmt":"2022-12-13T19:44:03","guid":{"rendered":"https:\/\/fermelpe.com\/?page_id=3"},"modified":"2024-01-19T11:03:17","modified_gmt":"2024-01-19T16:03:17","slug":"politique-de-confidentialite","status":"publish","type":"page","link":"https:\/\/fermelpe.com\/en\/politique-de-confidentialite\/","title":{"rendered":"Privacy Policy"},"content":{"rendered":"<div data-elementor-type=\"wp-page\" data-elementor-id=\"3\" class=\"elementor elementor-3\" data-elementor-post-type=\"page\">\n\t\t\t\t<div class=\"elementor-element elementor-element-d9c435f e-flex e-con-boxed e-con e-parent\" data-id=\"d9c435f\" data-element_type=\"container\">\n\t\t\t\t\t<div class=\"e-con-inner\">\n\t\t<div class=\"elementor-element elementor-element-121e5f5 e-con-full e-flex e-con e-child\" data-id=\"121e5f5\" data-element_type=\"container\">\n\t\t\t\t<div class=\"elementor-element elementor-element-00e193c elementor-widget elementor-widget-text-editor\" data-id=\"00e193c\" data-element_type=\"widget\" data-widget_type=\"text-editor.default\">\n\t\t\t\t\t\t\t\t\t<p><\/p>\n<ul>\n<li>Privacy Policy<\/li>\n<\/ul>\n<div>&nbsp;<\/div>\n<div><strong>Introduction<\/strong><\/div>\n<div>Given the development of new communication tools, it is essential to pay particular attention to the protection of privacy. Therefore, we are committed to respecting the confidentiality of the personal information we collect.<\/div>\n<div>&nbsp;<\/div>\n<h2 class=\"wp-block-heading\">Collection of personal information<\/h2>\n<div>&nbsp;<\/div>\n<div>\n<ul>\n<li>First name<\/li>\n<li>Address<\/li>\n<li>Postal code<\/li>\n<li>Email address<\/li>\n<li>Telephone\/fax number<\/li>\n<\/ul>\n<\/div>\n<div>The personal information we collect is gathered through forms and through the interaction between you and our website. We also use cookies and\/or log files, as described in the following section, to collect information about you.<\/div>\n<div>&nbsp;<\/div>\n<h2>Forms and interactivity:<\/h2>\n<div><div>Your personal information is collected via forms, namely:<\/div><div><ul style=\"font-size: 16px;\"><li style=\"font-size: 16px;\">Website registration form<\/li><li style=\"font-size: 16px;\">Order form<\/li><li style=\"font-size: 16px;\">Newsletter Subscription Form<\/li><\/ul><\/div><div>We use the information collected for the following purposes:<\/div><ul style=\"font-size: 16px; background-color: rgb(242, 242, 242);\"><li style=\"font-size: 16px;\">&nbsp;<span style=\"background-color: transparent; color: var( --e-global-color-text ); font-family: var( --e-global-typography-text-font-family ), Sans-serif; font-weight: var( --e-global-typography-text-font-weight ); text-align: var(--text-align); letter-spacing: var( --e-global-typography-229db8b-letter-spacing ); word-spacing: var( --e-global-typography-229db8b-word-spacing );\">Order Tracking<\/span><\/li><\/ul><div><ul style=\"font-size: 16px;\"><li style=\"font-size: 16px;\">Information \/ Promotional offers<\/li><li style=\"font-size: 16px;\">Statistics<\/li><li style=\"font-size: 16px;\">Contact<\/li><\/ul><\/div><br><span style=\"color: var( --e-global-color-text ); font-family: var( --e-global-typography-text-font-family ), Sans-serif; font-weight: var( --e-global-typography-text-font-weight ); text-align: var(--text-align); background-color: var( --e-global-color-144e6ba ); font-size: var( --e-global-typography-229db8b-font-size ); letter-spacing: var( --e-global-typography-229db8b-letter-spacing ); word-spacing: var( --e-global-typography-229db8b-word-spacing );\">Your information is&nbsp;<\/span><span style=\"color: var( --e-global-color-text ); font-family: var( --e-global-typography-text-font-family ), Sans-serif; font-weight: var( --e-global-typography-text-font-weight ); text-align: var(--text-align); background-color: var( --e-global-color-144e6ba ); font-size: var( --e-global-typography-229db8b-font-size ); letter-spacing: var( --e-global-typography-229db8b-letter-spacing ); word-spacing: var( --e-global-typography-229db8b-word-spacing );\">also<\/span><span style=\"color: var( --e-global-color-text ); font-family: var( --e-global-typography-text-font-family ), Sans-serif; font-weight: var( --e-global-typography-text-font-weight ); text-align: var(--text-align); background-color: var( --e-global-color-144e6ba ); font-size: var( --e-global-typography-229db8b-font-size ); letter-spacing: var( --e-global-typography-229db8b-letter-spacing ); word-spacing: var( --e-global-typography-229db8b-word-spacing );\">&nbsp;<\/span><span style=\"background-color: var( --e-global-color-144e6ba ); color: var( --e-global-color-text ); font-family: var( --e-global-typography-text-font-family ), Sans-serif; font-size: var( --e-global-typography-229db8b-font-size ); font-weight: var( --e-global-typography-text-font-weight ); letter-spacing: var( --e-global-typography-229db8b-letter-spacing ); text-align: var(--text-align); word-spacing: var( --e-global-typography-229db8b-word-spacing );\">collected through the interactivity that may occur between you and our website, as follows:<\/span><\/div>\n<div>\n<ul>\n<li>Comments<\/li>\n<li>Correspondence<\/li><li style=\"font-size: 16px;\">Other forms<\/li>\n<\/ul>\n<\/div>\n<div>We use the information collected for the following purposes:<\/div>\n<div>\n<ul>\n<li>Information or for promotional offers<\/li>\n<li>Statistics<\/li>\n<li>Contact<\/li><\/ul><div><div><ul style=\"font-size: 16px;\">\n<\/ul>\n<\/div>\n<\/div>\n<\/div>\n<div>&nbsp;<\/div>\n<h2>Right to object and withdraw<\/h2>\n<div>We are committed to offering you the right to object to and withdraw your personal information.<\/div>\n<div>The right to object is understood as the possibility offered to internet users to refuse that their personal information be used for certain purposes mentioned during collection.<\/div>\n<div>&nbsp;<\/div>\n<div>The right to withdraw consent means the possibility offered to internet users to request that their personal information no longer appear, for example, in a mailing list.<\/div>\n<div>&nbsp;<\/div>\n<div><strong>To be able to exercise these rights, you can:<\/strong><\/div>\n<div>&nbsp;<\/div>\n<div>Zip code: J0P1N0<\/div>\n<div>Email: info@fermelpe.com<\/div>\n<div>Telephone: 4382740183 #5<\/div>\n<div>&nbsp;<\/div>\n<div>&nbsp;<\/div>\n<h2>Right of access<\/h2>\n<div>We are committed to recognizing the right of access and rectification for individuals wishing to consult, modify, or even delete information concerning them.<\/div>\n<div>&nbsp;<\/div>\n<div><strong>This right will be exercised:<\/strong><\/div>\n<div>&nbsp;<\/div>\n<div>Zip code: J0P1N0<\/div>\n<div>Email: info@fermelpe.com<\/div>\n<div>Telephone: 4382740183 #5<\/div>\n<div>&nbsp;<\/div>\n<div>&nbsp;<\/div>\n<h2>Security<\/h2>\n<div>The personal information we collect is stored in a secure environment. Our employees are required to maintain the confidentiality of your information.<\/div>\n<div>&nbsp;<\/div>\n<div>To ensure the security of your personal information, we use the following measures:<\/div>\n<div>&nbsp;<\/div>\n<div>\n<ul>\n<li>SSL protocol<\/li>\n<li>Access management \u2013 authorized person<\/li>\n<li>Network monitoring software<\/li>\n<li>Computer backup<\/li>\n<li>Login password<\/li>\n<li>firewall<\/li>\n<\/ul>\n<\/div>\n<div>We are committed to maintaining a high level of confidentiality by integrating the latest technological innovations to ensure the privacy of your transactions. However, since no mechanism offers absolute security, a degree of risk is always present when using the Internet to transmit personal information.<\/div>\n<div>&nbsp;<\/div>\n<h2>Legislation<\/h2>\n<div>We are committed to complying with the legislative provisions set out in:<\/div>\n<div>&nbsp;<\/div>\n<div>Legislation: the Act respecting the protection of personal information in the private sector of the province of Quebec, as well as the Personal Information Protection and Electronic Documents Act (Canadian Act)<\/div>\n<p><\/p>\n<h2 style=\"font-family: var( --e-global-typography-bab515a-font-family ), Sans-serif; font-weight: var( --e-global-typography-bab515a-font-weight ); line-height: var( --e-global-typography-bab515a-line-height ); color: #3a3537; font-size: var( --e-global-typography-bab515a-font-size ); letter-spacing: normal; word-spacing: 0px;\">Responsible for the protection of personal information<\/h2>\n<div>For any questions relating to the protection of personal information, please contact the person in charge:<\/div>\n<p><i><span style=\"color: var( --e-global-color-text ); font-family: var( --e-global-typography-text-font-family ), Sans-serif; font-weight: var( --e-global-typography-text-font-weight ); text-align: var(--text-align); background-color: var( --e-global-color-144e6ba ); font-size: var( --e-global-typography-229db8b-font-size ); letter-spacing: var( --e-global-typography-229db8b-letter-spacing ); word-spacing: var( --e-global-typography-229db8b-word-spacing );\">Eric B\u00e9langer Laflamme<\/span><br><\/i><\/p>\n<p><i>438-274-0183 #5<\/i><\/p>\n<p><i>eric@fermelpe.com<\/i><\/p>\n<p><i>547 Chemin des Outaouais, Pointe-Fortune, J0P 1N0, Quebec, Canada<\/i><\/p>\n<p><\/p>\t\t\t\t\t\t\t\t<\/div>\n\t\t\t\t<\/div>\n\t\t\t\t\t<\/div>\n\t\t\t\t<\/div>\n\t\t\t\t<\/div>","protected":false},"excerpt":{"rendered":"<p>Politique de confidentialit\u00e9 &nbsp; Introduction Devant le d\u00e9veloppement des nouveaux outils de communication, il est n\u00e9cessaire de porter une attention particuli\u00e8re \u00e0 la protection de la vie priv\u00e9e. C\u2019est pourquoi, nous nous engageons \u00e0 respecter la confidentialit\u00e9 des renseignements personnels que nous collectons. &nbsp; Collecte des renseignements personnels &nbsp; Pr\u00e9nom Adresse postale Code postal Adresse [&hellip;]<\/p>","protected":false},"author":1,"featured_media":0,"parent":0,"menu_order":0,"comment_status":"closed","ping_status":"closed","template":"","meta":{"wprm-recipe-roundup-name":"","wprm-recipe-roundup-description":"","wpupg_custom_link":[],"wpupg_custom_link_behaviour":[],"wpupg_custom_link_nofollow":[],"wpupg_custom_image":[],"wpupg_custom_image_id":[],"footnotes":""},"class_list":["post-3","page","type-page","status-publish","hentry"],"yoast_head":"<!-- This site is optimized with the Yoast SEO plugin v26.7 - https:\/\/yoast.com\/wordpress\/plugins\/seo\/ -->\n<title>Politique de confidentialit\u00e9 | Ferme Les Petites \u00c9cores<\/title>\n<meta name=\"robots\" content=\"index, follow, max-snippet:-1, max-image-preview:large, max-video-preview:-1\" \/>\n<link rel=\"canonical\" href=\"https:\/\/fermelpe.com\/en\/politique-de-confidentialite\/\" \/>\n<meta property=\"og:locale\" content=\"en_US\" \/>\n<meta property=\"og:type\" content=\"article\" \/>\n<meta property=\"og:title\" content=\"Politique de confidentialit\u00e9 | Ferme Les Petites \u00c9cores\" \/>\n<meta property=\"og:description\" content=\"Politique de confidentialit\u00e9 &nbsp; Introduction Devant le d\u00e9veloppement des nouveaux outils de communication, il est n\u00e9cessaire de porter une attention particuli\u00e8re \u00e0 la protection de la vie priv\u00e9e. C\u2019est pourquoi, nous nous engageons \u00e0 respecter la confidentialit\u00e9 des renseignements personnels que nous collectons. &nbsp; Collecte des renseignements personnels &nbsp; Pr\u00e9nom Adresse postale Code postal Adresse [&hellip;]\" \/>\n<meta property=\"og:url\" content=\"https:\/\/fermelpe.com\/en\/politique-de-confidentialite\/\" \/>\n<meta property=\"og:site_name\" content=\"Ferme Les Petites \u00c9cores\" \/>\n<meta property=\"article:publisher\" content=\"https:\/\/www.facebook.com\/fermelpe\" \/>\n<meta property=\"article:modified_time\" content=\"2024-01-19T16:03:17+00:00\" \/>\n<script type=\"application\/ld+json\" class=\"yoast-schema-graph\">{\"@context\":\"https:\/\/schema.org\",\"@graph\":[{\"@type\":\"WebPage\",\"@id\":\"https:\/\/fermelpe.com\/politique-de-confidentialite\/\",\"url\":\"https:\/\/fermelpe.com\/politique-de-confidentialite\/\",\"name\":\"Politique de confidentialit\u00e9 | Ferme Les Petites \u00c9cores\",\"isPartOf\":{\"@id\":\"https:\/\/fermelpe.com\/#website\"},\"datePublished\":\"2022-12-13T19:44:03+00:00\",\"dateModified\":\"2024-01-19T16:03:17+00:00\",\"breadcrumb\":{\"@id\":\"https:\/\/fermelpe.com\/politique-de-confidentialite\/#breadcrumb\"},\"inLanguage\":\"en-CA\",\"potentialAction\":[{\"@type\":\"ReadAction\",\"target\":[\"https:\/\/fermelpe.com\/politique-de-confidentialite\/\"]}]},{\"@type\":\"BreadcrumbList\",\"@id\":\"https:\/\/fermelpe.com\/politique-de-confidentialite\/#breadcrumb\",\"itemListElement\":[{\"@type\":\"ListItem\",\"position\":1,\"name\":\"Accueil\",\"item\":\"https:\/\/fermelpe.com\/\"},{\"@type\":\"ListItem\",\"position\":2,\"name\":\"Politique de confidentialit\u00e9\"}]},{\"@type\":\"WebSite\",\"@id\":\"https:\/\/fermelpe.com\/#website\",\"url\":\"https:\/\/fermelpe.com\/\",\"name\":\"Ferme Les Petites \u00c9cores\",\"description\":\"\u00c9veillez vos sens au vrai go\u00fbt\",\"publisher\":{\"@id\":\"https:\/\/fermelpe.com\/#organization\"},\"potentialAction\":[{\"@type\":\"SearchAction\",\"target\":{\"@type\":\"EntryPoint\",\"urlTemplate\":\"https:\/\/fermelpe.com\/?s={search_term_string}\"},\"query-input\":{\"@type\":\"PropertyValueSpecification\",\"valueRequired\":true,\"valueName\":\"search_term_string\"}}],\"inLanguage\":\"en-CA\"},{\"@type\":\"Organization\",\"@id\":\"https:\/\/fermelpe.com\/#organization\",\"name\":\"Ferme Les Petites \u00c9cores\",\"url\":\"https:\/\/fermelpe.com\/\",\"logo\":{\"@type\":\"ImageObject\",\"inLanguage\":\"en-CA\",\"@id\":\"https:\/\/fermelpe.com\/#\/schema\/logo\/image\/\",\"url\":\"https:\/\/i0.wp.com\/fermelpe.com\/wp-content\/uploads\/2022\/12\/Facebook-Logo.png?fit=180%2C180&ssl=1\",\"contentUrl\":\"https:\/\/i0.wp.com\/fermelpe.com\/wp-content\/uploads\/2022\/12\/Facebook-Logo.png?fit=180%2C180&ssl=1\",\"width\":180,\"height\":180,\"caption\":\"Ferme Les Petites \u00c9cores\"},\"image\":{\"@id\":\"https:\/\/fermelpe.com\/#\/schema\/logo\/image\/\"},\"sameAs\":[\"https:\/\/www.facebook.com\/fermelpe\",\"https:\/\/www.instagram.com\/flpecores\/\"]}]}<\/script>\n<!-- \/ Yoast SEO plugin. -->","yoast_head_json":{"title":"Privacy Policy | Les Petites Ecores Farm","robots":{"index":"index","follow":"follow","max-snippet":"max-snippet:-1","max-image-preview":"max-image-preview:large","max-video-preview":"max-video-preview:-1"},"canonical":"https:\/\/fermelpe.com\/en\/politique-de-confidentialite\/","og_locale":"en_US","og_type":"article","og_title":"Politique de confidentialit\u00e9 | Ferme Les Petites \u00c9cores","og_description":"Politique de confidentialit\u00e9 &nbsp; Introduction Devant le d\u00e9veloppement des nouveaux outils de communication, il est n\u00e9cessaire de porter une attention particuli\u00e8re \u00e0 la protection de la vie priv\u00e9e. C\u2019est pourquoi, nous nous engageons \u00e0 respecter la confidentialit\u00e9 des renseignements personnels que nous collectons. &nbsp; Collecte des renseignements personnels &nbsp; Pr\u00e9nom Adresse postale Code postal Adresse [&hellip;]","og_url":"https:\/\/fermelpe.com\/en\/politique-de-confidentialite\/","og_site_name":"Ferme Les Petites \u00c9cores","article_publisher":"https:\/\/www.facebook.com\/fermelpe","article_modified_time":"2024-01-19T16:03:17+00:00","schema":{"@context":"https:\/\/schema.org","@graph":[{"@type":"WebPage","@id":"https:\/\/fermelpe.com\/politique-de-confidentialite\/","url":"https:\/\/fermelpe.com\/politique-de-confidentialite\/","name":"Privacy Policy | Les Petites Ecores Farm","isPartOf":{"@id":"https:\/\/fermelpe.com\/#website"},"datePublished":"2022-12-13T19:44:03+00:00","dateModified":"2024-01-19T16:03:17+00:00","breadcrumb":{"@id":"https:\/\/fermelpe.com\/politique-de-confidentialite\/#breadcrumb"},"inLanguage":"en-CA","potentialAction":[{"@type":"ReadAction","target":["https:\/\/fermelpe.com\/politique-de-confidentialite\/"]}]},{"@type":"BreadcrumbList","@id":"https:\/\/fermelpe.com\/politique-de-confidentialite\/#breadcrumb","itemListElement":[{"@type":"ListItem","position":1,"name":"Accueil","item":"https:\/\/fermelpe.com\/"},{"@type":"ListItem","position":2,"name":"Politique de confidentialit\u00e9"}]},{"@type":"WebSite","@id":"https:\/\/fermelpe.com\/#website","url":"https:\/\/fermelpe.com\/","name":"Ferme Les Petites \u00c9cores","description":"Awaken your senses to true taste","publisher":{"@id":"https:\/\/fermelpe.com\/#organization"},"potentialAction":[{"@type":"SearchAction","target":{"@type":"EntryPoint","urlTemplate":"https:\/\/fermelpe.com\/?s={search_term_string}"},"query-input":{"@type":"PropertyValueSpecification","valueRequired":true,"valueName":"search_term_string"}}],"inLanguage":"en-CA"},{"@type":"Organization","@id":"https:\/\/fermelpe.com\/#organization","name":"Ferme Les Petites \u00c9cores","url":"https:\/\/fermelpe.com\/","logo":{"@type":"ImageObject","inLanguage":"en-CA","@id":"https:\/\/fermelpe.com\/#\/schema\/logo\/image\/","url":"https:\/\/i0.wp.com\/fermelpe.com\/wp-content\/uploads\/2022\/12\/Facebook-Logo.png?fit=180%2C180&ssl=1","contentUrl":"https:\/\/i0.wp.com\/fermelpe.com\/wp-content\/uploads\/2022\/12\/Facebook-Logo.png?fit=180%2C180&ssl=1","width":180,"height":180,"caption":"Ferme Les Petites \u00c9cores"},"image":{"@id":"https:\/\/fermelpe.com\/#\/schema\/logo\/image\/"},"sameAs":["https:\/\/www.facebook.com\/fermelpe","https:\/\/www.instagram.com\/flpecores\/"]}]}},"_links":{"self":[{"href":"https:\/\/fermelpe.com\/en\/wp-json\/wp\/v2\/pages\/3","targetHints":{"allow":["GET"]}}],"collection":[{"href":"https:\/\/fermelpe.com\/en\/wp-json\/wp\/v2\/pages"}],"about":[{"href":"https:\/\/fermelpe.com\/en\/wp-json\/wp\/v2\/types\/page"}],"author":[{"embeddable":true,"href":"https:\/\/fermelpe.com\/en\/wp-json\/wp\/v2\/users\/1"}],"replies":[{"embeddable":true,"href":"https:\/\/fermelpe.com\/en\/wp-json\/wp\/v2\/comments?post=3"}],"version-history":[{"count":13,"href":"https:\/\/fermelpe.com\/en\/wp-json\/wp\/v2\/pages\/3\/revisions"}],"predecessor-version":[{"id":8135,"href":"https:\/\/fermelpe.com\/en\/wp-json\/wp\/v2\/pages\/3\/revisions\/8135"}],"wp:attachment":[{"href":"https:\/\/fermelpe.com\/en\/wp-json\/wp\/v2\/media?parent=3"}],"curies":[{"name":"wp","href":"https:\/\/api.w.org\/{rel}","templated":true}]}}