{"id":5611,"date":"2023-01-16T19:43:17","date_gmt":"2023-01-16T19:43:17","guid":{"rendered":"https:\/\/fermelpe.com\/?page_id=5611"},"modified":"2026-01-22T14:07:09","modified_gmt":"2026-01-22T18:07:09","slug":"emplois","status":"publish","type":"page","link":"https:\/\/fermelpe.com\/en\/nous-joindre\/emplois\/","title":{"rendered":"Jobs"},"content":{"rendered":"<div data-elementor-type=\"wp-page\" data-elementor-id=\"5611\" class=\"elementor elementor-5611\" data-elementor-post-type=\"page\">\n\t\t\t\t<div class=\"elementor-element elementor-element-2b4d1f6 e-flex e-con-boxed e-con e-parent\" data-id=\"2b4d1f6\" data-element_type=\"container\" data-settings=\"{&quot;background_background&quot;:&quot;classic&quot;}\">\n\t\t\t\t\t<div class=\"e-con-inner\">\n\t\t\t\t<div class=\"elementor-element elementor-element-ec81ed0 elementor-widget elementor-widget-elementskit-heading\" data-id=\"ec81ed0\" data-element_type=\"widget\" data-widget_type=\"elementskit-heading.default\">\n\t\t\t\t\t<div class=\"ekit-wid-con\" ><div class=\"ekit-heading elementskit-section-title-wraper text_center   ekit_heading_tablet-text_center   ekit_heading_mobile-\"><h1 class=\"ekit-heading--title elementskit-section-title translation-block\">Job <span><span>offer<\/span><\/span><\/h1><\/div><\/div>\t\t\t\t<\/div>\n\t\t\t\t\t<\/div>\n\t\t\t\t<\/div>\n\t\t<div class=\"elementor-element elementor-element-5554c9d e-con-full e-flex e-con e-parent\" data-id=\"5554c9d\" data-element_type=\"container\">\n\t\t\t\t<div class=\"elementor-element elementor-element-6e2ed10 elementor-widget elementor-widget-text-editor\" data-id=\"6e2ed10\" data-element_type=\"widget\" data-widget_type=\"text-editor.default\">\n\t\t\t\t\t\t\t\t\t<p><b>Several positions available for 2026<\/b><\/p><p>You can apply for farm work at any time. Please send your cover letter and resume to <a href=\"mailto:helene@fermelpe.com\">helene@fermelpe.com<\/a>. Only those selected will be contacted.<\/p>\t\t\t\t\t\t\t\t<\/div>\n\t\t\t\t<div class=\"elementor-element elementor-element-63bd0f6 elementor-hidden-desktop elementor-hidden-tablet elementor-align-center elementor-widget elementor-widget-elementskit-button\" data-id=\"63bd0f6\" data-element_type=\"widget\" data-widget_type=\"elementskit-button.default\">\n\t\t\t\t\t<div class=\"ekit-wid-con\" >\t\t<div class=\"ekit-btn-wraper\">\n\t\t\t\t\t\t\t<a href=\"https:\/\/fermelpe.com\/wp-content\/uploads\/2026\/01\/Affichage-postes-2026.pdf\" class=\"elementskit-btn  whitespace--normal\" id=\"\">\n\t\t\t\t\tView job offers\t\t\t\t<\/a>\n\t\t\t\t\t<\/div>\n        <\/div>\t\t\t\t<\/div>\n\t\t\t\t<div class=\"elementor-element elementor-element-956429e elementor-hidden-tablet elementor-hidden-mobile elementor-widget elementor-widget-html\" data-id=\"956429e\" data-element_type=\"widget\" data-widget_type=\"html.default\">\n\t\t\t\t\t<object data=\"https:\/\/fermelpe.com\/wp-content\/uploads\/2026\/01\/Affichage-postes-2026.pdf\" width=\"700px\" height=\"1200px\">\r\n<\/object>\t\t\t\t<\/div>\n\t\t\t\t<\/div>\n\t\t\t\t<\/div>","protected":false},"excerpt":{"rendered":"<p>Offres d&#8217;emplois Plusieurs postes disponibles pour 2026 Il est possible en tout temps de nous envoyer votre candidature pour un travail \u00e0 la ferme. Veuillez nous envoyer votre lettre de motivation et votre CV \u00e0 helene@fermelpe.com. Seules les personnes retenues seront contact\u00e9es. Voir les offres d&#039;emplois<\/p>","protected":false},"author":2,"featured_media":0,"parent":265,"menu_order":0,"comment_status":"closed","ping_status":"closed","template":"elementor_header_footer","meta":{"wprm-recipe-roundup-name":"","wprm-recipe-roundup-description":"","wpupg_custom_link":[],"wpupg_custom_link_behaviour":[],"wpupg_custom_link_nofollow":[],"wpupg_custom_image":[],"wpupg_custom_image_id":[],"footnotes":""},"class_list":["post-5611","page","type-page","status-publish","hentry"],"yoast_head":"<!-- This site is optimized with the Yoast SEO plugin v26.7 - https:\/\/yoast.com\/wordpress\/plugins\/seo\/ -->\n<title>Emplois | Ferme Les Petites \u00c9cores<\/title>\n<meta name=\"robots\" content=\"index, follow, max-snippet:-1, max-image-preview:large, max-video-preview:-1\" \/>\n<link rel=\"canonical\" href=\"https:\/\/fermelpe.com\/en\/nous-joindre\/emplois\/\" \/>\n<meta property=\"og:locale\" content=\"en_US\" \/>\n<meta property=\"og:type\" content=\"article\" \/>\n<meta property=\"og:title\" content=\"Emplois | Ferme Les Petites \u00c9cores\" \/>\n<meta property=\"og:description\" content=\"Offres d&#8217;emplois Plusieurs postes disponibles pour 2026 Il est possible en tout temps de nous envoyer votre candidature pour un travail \u00e0 la ferme. Veuillez nous envoyer votre lettre de motivation et votre CV \u00e0 helene@fermelpe.com. Seules les personnes retenues seront contact\u00e9es. Voir les offres d&#039;emplois\" \/>\n<meta property=\"og:url\" content=\"https:\/\/fermelpe.com\/en\/nous-joindre\/emplois\/\" \/>\n<meta property=\"og:site_name\" content=\"Ferme Les Petites \u00c9cores\" \/>\n<meta property=\"article:publisher\" content=\"https:\/\/www.facebook.com\/fermelpe\" \/>\n<meta property=\"article:modified_time\" content=\"2026-01-22T18:07:09+00:00\" \/>\n<script type=\"application\/ld+json\" class=\"yoast-schema-graph\">{\"@context\":\"https:\/\/schema.org\",\"@graph\":[{\"@type\":\"WebPage\",\"@id\":\"https:\/\/fermelpe.com\/nous-joindre\/emplois\/\",\"url\":\"https:\/\/fermelpe.com\/nous-joindre\/emplois\/\",\"name\":\"Emplois | Ferme Les Petites \u00c9cores\",\"isPartOf\":{\"@id\":\"https:\/\/fermelpe.com\/#website\"},\"datePublished\":\"2023-01-16T19:43:17+00:00\",\"dateModified\":\"2026-01-22T18:07:09+00:00\",\"breadcrumb\":{\"@id\":\"https:\/\/fermelpe.com\/nous-joindre\/emplois\/#breadcrumb\"},\"inLanguage\":\"en-CA\",\"potentialAction\":[{\"@type\":\"ReadAction\",\"target\":[\"https:\/\/fermelpe.com\/nous-joindre\/emplois\/\"]}]},{\"@type\":\"BreadcrumbList\",\"@id\":\"https:\/\/fermelpe.com\/nous-joindre\/emplois\/#breadcrumb\",\"itemListElement\":[{\"@type\":\"ListItem\",\"position\":1,\"name\":\"Accueil\",\"item\":\"https:\/\/fermelpe.com\/\"},{\"@type\":\"ListItem\",\"position\":2,\"name\":\"Nous joindre\",\"item\":\"https:\/\/fermelpe.com\/nous-joindre\/\"},{\"@type\":\"ListItem\",\"position\":3,\"name\":\"Emplois\"}]},{\"@type\":\"WebSite\",\"@id\":\"https:\/\/fermelpe.com\/#website\",\"url\":\"https:\/\/fermelpe.com\/\",\"name\":\"Ferme Les Petites \u00c9cores\",\"description\":\"\u00c9veillez vos sens au vrai go\u00fbt\",\"publisher\":{\"@id\":\"https:\/\/fermelpe.com\/#organization\"},\"potentialAction\":[{\"@type\":\"SearchAction\",\"target\":{\"@type\":\"EntryPoint\",\"urlTemplate\":\"https:\/\/fermelpe.com\/?s={search_term_string}\"},\"query-input\":{\"@type\":\"PropertyValueSpecification\",\"valueRequired\":true,\"valueName\":\"search_term_string\"}}],\"inLanguage\":\"en-CA\"},{\"@type\":\"Organization\",\"@id\":\"https:\/\/fermelpe.com\/#organization\",\"name\":\"Ferme Les Petites \u00c9cores\",\"url\":\"https:\/\/fermelpe.com\/\",\"logo\":{\"@type\":\"ImageObject\",\"inLanguage\":\"en-CA\",\"@id\":\"https:\/\/fermelpe.com\/#\/schema\/logo\/image\/\",\"url\":\"https:\/\/i0.wp.com\/fermelpe.com\/wp-content\/uploads\/2022\/12\/Facebook-Logo.png?fit=180%2C180&ssl=1\",\"contentUrl\":\"https:\/\/i0.wp.com\/fermelpe.com\/wp-content\/uploads\/2022\/12\/Facebook-Logo.png?fit=180%2C180&ssl=1\",\"width\":180,\"height\":180,\"caption\":\"Ferme Les Petites \u00c9cores\"},\"image\":{\"@id\":\"https:\/\/fermelpe.com\/#\/schema\/logo\/image\/\"},\"sameAs\":[\"https:\/\/www.facebook.com\/fermelpe\",\"https:\/\/www.instagram.com\/flpecores\/\"]}]}<\/script>\n<!-- \/ Yoast SEO plugin. -->","yoast_head_json":{"title":"Jobs | Les Petites Ecores Farm","robots":{"index":"index","follow":"follow","max-snippet":"max-snippet:-1","max-image-preview":"max-image-preview:large","max-video-preview":"max-video-preview:-1"},"canonical":"https:\/\/fermelpe.com\/en\/nous-joindre\/emplois\/","og_locale":"en_US","og_type":"article","og_title":"Emplois | Ferme Les Petites \u00c9cores","og_description":"Offres d&#8217;emplois Plusieurs postes disponibles pour 2026 Il est possible en tout temps de nous envoyer votre candidature pour un travail \u00e0 la ferme. Veuillez nous envoyer votre lettre de motivation et votre CV \u00e0 helene@fermelpe.com. Seules les personnes retenues seront contact\u00e9es. Voir les offres d&#039;emplois","og_url":"https:\/\/fermelpe.com\/en\/nous-joindre\/emplois\/","og_site_name":"Ferme Les Petites \u00c9cores","article_publisher":"https:\/\/www.facebook.com\/fermelpe","article_modified_time":"2026-01-22T18:07:09+00:00","schema":{"@context":"https:\/\/schema.org","@graph":[{"@type":"WebPage","@id":"https:\/\/fermelpe.com\/nous-joindre\/emplois\/","url":"https:\/\/fermelpe.com\/nous-joindre\/emplois\/","name":"Jobs | Les Petites Ecores Farm","isPartOf":{"@id":"https:\/\/fermelpe.com\/#website"},"datePublished":"2023-01-16T19:43:17+00:00","dateModified":"2026-01-22T18:07:09+00:00","breadcrumb":{"@id":"https:\/\/fermelpe.com\/nous-joindre\/emplois\/#breadcrumb"},"inLanguage":"en-CA","potentialAction":[{"@type":"ReadAction","target":["https:\/\/fermelpe.com\/nous-joindre\/emplois\/"]}]},{"@type":"BreadcrumbList","@id":"https:\/\/fermelpe.com\/nous-joindre\/emplois\/#breadcrumb","itemListElement":[{"@type":"ListItem","position":1,"name":"Accueil","item":"https:\/\/fermelpe.com\/"},{"@type":"ListItem","position":2,"name":"Nous joindre","item":"https:\/\/fermelpe.com\/nous-joindre\/"},{"@type":"ListItem","position":3,"name":"Emplois"}]},{"@type":"WebSite","@id":"https:\/\/fermelpe.com\/#website","url":"https:\/\/fermelpe.com\/","name":"Ferme Les Petites \u00c9cores","description":"Awaken your senses to true taste","publisher":{"@id":"https:\/\/fermelpe.com\/#organization"},"potentialAction":[{"@type":"SearchAction","target":{"@type":"EntryPoint","urlTemplate":"https:\/\/fermelpe.com\/?s={search_term_string}"},"query-input":{"@type":"PropertyValueSpecification","valueRequired":true,"valueName":"search_term_string"}}],"inLanguage":"en-CA"},{"@type":"Organization","@id":"https:\/\/fermelpe.com\/#organization","name":"Ferme Les Petites \u00c9cores","url":"https:\/\/fermelpe.com\/","logo":{"@type":"ImageObject","inLanguage":"en-CA","@id":"https:\/\/fermelpe.com\/#\/schema\/logo\/image\/","url":"https:\/\/i0.wp.com\/fermelpe.com\/wp-content\/uploads\/2022\/12\/Facebook-Logo.png?fit=180%2C180&ssl=1","contentUrl":"https:\/\/i0.wp.com\/fermelpe.com\/wp-content\/uploads\/2022\/12\/Facebook-Logo.png?fit=180%2C180&ssl=1","width":180,"height":180,"caption":"Ferme Les Petites \u00c9cores"},"image":{"@id":"https:\/\/fermelpe.com\/#\/schema\/logo\/image\/"},"sameAs":["https:\/\/www.facebook.com\/fermelpe","https:\/\/www.instagram.com\/flpecores\/"]}]}},"_links":{"self":[{"href":"https:\/\/fermelpe.com\/en\/wp-json\/wp\/v2\/pages\/5611","targetHints":{"allow":["GET"]}}],"collection":[{"href":"https:\/\/fermelpe.com\/en\/wp-json\/wp\/v2\/pages"}],"about":[{"href":"https:\/\/fermelpe.com\/en\/wp-json\/wp\/v2\/types\/page"}],"author":[{"embeddable":true,"href":"https:\/\/fermelpe.com\/en\/wp-json\/wp\/v2\/users\/2"}],"replies":[{"embeddable":true,"href":"https:\/\/fermelpe.com\/en\/wp-json\/wp\/v2\/comments?post=5611"}],"version-history":[{"count":55,"href":"https:\/\/fermelpe.com\/en\/wp-json\/wp\/v2\/pages\/5611\/revisions"}],"predecessor-version":[{"id":9789,"href":"https:\/\/fermelpe.com\/en\/wp-json\/wp\/v2\/pages\/5611\/revisions\/9789"}],"up":[{"embeddable":true,"href":"https:\/\/fermelpe.com\/en\/wp-json\/wp\/v2\/pages\/265"}],"wp:attachment":[{"href":"https:\/\/fermelpe.com\/en\/wp-json\/wp\/v2\/media?parent=5611"}],"curies":[{"name":"wp","href":"https:\/\/api.w.org\/{rel}","templated":true}]}}