{"id":5818,"date":"2023-01-24T20:42:53","date_gmt":"2023-01-24T20:42:53","guid":{"rendered":"https:\/\/fermelpe.com\/?page_id=5818"},"modified":"2026-04-09T09:38:19","modified_gmt":"2026-04-09T13:38:19","slug":"ou-trouver-nos-produits","status":"publish","type":"page","link":"https:\/\/fermelpe.com\/en\/ou-trouver-nos-produits\/","title":{"rendered":"Where to find our products"},"content":{"rendered":"<div data-elementor-type=\"wp-page\" data-elementor-id=\"5818\" class=\"elementor elementor-5818\" data-elementor-post-type=\"page\">\n\t\t\t\t<div class=\"elementor-element elementor-element-e4e043b e-flex e-con-boxed e-con e-parent\" data-id=\"e4e043b\" data-element_type=\"container\" data-settings=\"{&quot;background_background&quot;:&quot;classic&quot;}\">\n\t\t\t\t\t<div class=\"e-con-inner\">\n\t\t\t\t<div class=\"elementor-element elementor-element-fefd450 elementor-widget elementor-widget-elementskit-heading\" data-id=\"fefd450\" data-element_type=\"widget\" data-widget_type=\"elementskit-heading.default\">\n\t\t\t\t\t<div class=\"ekit-wid-con\" ><div class=\"ekit-heading elementskit-section-title-wraper text_center   ekit_heading_tablet-text_center   ekit_heading_mobile-\"><h1 class=\"ekit-heading--title elementskit-section-title\">Or <span><span>find our products<\/span><\/span><\/h1><\/div><\/div>\t\t\t\t<\/div>\n\t\t\t\t\t<\/div>\n\t\t\t\t<\/div>\n\t\t<div class=\"elementor-element elementor-element-33c35f8 e-flex e-con-boxed e-con e-parent\" data-id=\"33c35f8\" data-element_type=\"container\">\n\t\t\t\t\t<div class=\"e-con-inner\">\n\t\t<div class=\"elementor-element elementor-element-c7231c6 e-flex e-con-boxed e-con e-child\" data-id=\"c7231c6\" data-element_type=\"container\">\n\t\t\t\t\t<div class=\"e-con-inner\">\n\t\t\t\t<div class=\"elementor-element elementor-element-dcd0ca5 elementor-widget elementor-widget-woocommerce-breadcrumb\" data-id=\"dcd0ca5\" data-element_type=\"widget\" data-widget_type=\"woocommerce-breadcrumb.default\">\n\t\t\t\t\t<nav class=\"woocommerce-breadcrumb\" aria-label=\"Breadcrumbs\">Home<\/nav>\t\t\t\t<\/div>\n\t\t\t\t\t<\/div>\n\t\t\t\t<\/div>\n\t\t\t\t\t<\/div>\n\t\t\t\t<\/div>\n\t\t<div class=\"elementor-element elementor-element-d04e36e e-flex e-con-boxed e-con e-parent\" data-id=\"d04e36e\" data-element_type=\"container\">\n\t\t\t\t\t<div class=\"e-con-inner\">\n\t\t\t\t<div class=\"elementor-element elementor-element-4b039be elementor-widget elementor-widget-heading\" data-id=\"4b039be\" data-element_type=\"widget\" data-widget_type=\"heading.default\">\n\t\t\t\t\t<h2 class=\"elementor-heading-title elementor-size-default\">Retailers<\/h2>\t\t\t\t<\/div>\n\t\t\t\t<div class=\"elementor-element elementor-element-6488122 elementor-widget elementor-widget-html\" data-id=\"6488122\" data-element_type=\"widget\" data-widget_type=\"html.default\">\n\t\t\t\t\t<iframe src=\"https:\/\/www.google.com\/maps\/d\/embed?mid=1en82JMIrkncrdq8QoAQ7Rc6x7RPw9aA&ehbc=2E312F&noprof=1\" width=\"640\" height=\"480\"><\/iframe>\t\t\t\t<\/div>\n\t\t\t\t\t<\/div>\n\t\t\t\t<\/div>\n\t\t<div class=\"elementor-element elementor-element-9df3230 e-flex e-con-boxed e-con e-parent\" data-id=\"9df3230\" data-element_type=\"container\">\n\t\t\t\t\t<div class=\"e-con-inner\">\n\t\t<div class=\"elementor-element elementor-element-7a6a37a e-con-full e-flex e-con e-child\" data-id=\"7a6a37a\" data-element_type=\"container\">\n\t\t\t\t<div class=\"elementor-element elementor-element-f51de8a elementor-widget elementor-widget-heading\" data-id=\"f51de8a\" data-element_type=\"widget\" data-widget_type=\"heading.default\">\n\t\t\t\t\t<h2 class=\"elementor-heading-title elementor-size-default\">Farm store<\/h2>\t\t\t\t<\/div>\n\t\t\t\t<div class=\"elementor-element elementor-element-8741c6e elementor-widget elementor-widget-text-editor\" data-id=\"8741c6e\" data-element_type=\"widget\" data-widget_type=\"text-editor.default\">\n\t\t\t\t\t\t\t\t\t<p>Our products are always available at the farm shop. You can contact us to make an appointment during the winter season, even if we are closed.<\/p>\t\t\t\t\t\t\t\t<\/div>\n\t\t\t\t<div class=\"elementor-element elementor-element-8d4a313 elementor-align-center elementor-tablet-align-center elementor-widget elementor-widget-button\" data-id=\"8d4a313\" data-element_type=\"widget\" data-widget_type=\"button.default\">\n\t\t\t\t\t\t\t\t\t\t<a class=\"elementor-button elementor-button-link elementor-size-lg elementor-animation-shrink\" href=\"https:\/\/fermelpe.com\/en\/nous-joindre\/\">\n\t\t\t\t\t\t<span class=\"elementor-button-content-wrapper\">\n\t\t\t\t\t\t\t\t\t<span class=\"elementor-button-text\">Business hours<\/span>\n\t\t\t\t\t<\/span>\n\t\t\t\t\t<\/a>\n\t\t\t\t\t\t\t\t<\/div>\n\t\t\t\t<\/div>\n\t\t<div class=\"elementor-element elementor-element-012f481 e-con-full e-flex e-con e-child\" data-id=\"012f481\" data-element_type=\"container\">\n\t\t\t\t<div class=\"elementor-element elementor-element-1bd0b1f elementor-widget elementor-widget-heading\" data-id=\"1bd0b1f\" data-element_type=\"widget\" data-widget_type=\"heading.default\">\n\t\t\t\t\t<h2 class=\"elementor-heading-title elementor-size-default\">Online Store<\/h2>\t\t\t\t<\/div>\n\t\t\t\t<div class=\"elementor-element elementor-element-5360be3 elementor-widget elementor-widget-text-editor\" data-id=\"5360be3\" data-element_type=\"widget\" data-widget_type=\"text-editor.default\">\n\t\t\t\t\t\t\t\t\t<p>Whether it&#039;s day or night, a weekday or a weekend, June 15th or December 25th, our online store is always open for you. Easily find what you&#039;re looking for and have it delivered to your door by Canada Post.<\/p>\t\t\t\t\t\t\t\t<\/div>\n\t\t\t\t<div class=\"elementor-element elementor-element-edfb534 elementor-align-center elementor-tablet-align-center elementor-widget elementor-widget-button\" data-id=\"edfb534\" data-element_type=\"widget\" data-widget_type=\"button.default\">\n\t\t\t\t\t\t\t\t\t\t<a class=\"elementor-button elementor-button-link elementor-size-lg elementor-animation-shrink\" href=\"https:\/\/fermelpe.com\/en\/boutique\/\">\n\t\t\t\t\t\t<span class=\"elementor-button-content-wrapper\">\n\t\t\t\t\t\t\t\t\t<span class=\"elementor-button-text\">Online Store<\/span>\n\t\t\t\t\t<\/span>\n\t\t\t\t\t<\/a>\n\t\t\t\t\t\t\t\t<\/div>\n\t\t\t\t<\/div>\n\t\t\t\t\t<\/div>\n\t\t\t\t<\/div>\n\t\t\t\t<\/div>","protected":false},"excerpt":{"rendered":"<p>O\u00f9 trouver nos produits D\u00e9taillants Boutique \u00e0 la ferme Nos produits sont toujours disponibles \u00e0 la boutique de la ferme. Il est possible de nous contacter pour prendre rendez-vous en saison hivernale m\u00eame si nous sommes ferm\u00e9s. Heures d&#8217;ouverture Boutique en ligne Que ce soit le jour ou la nuit, un jour de semaine ou [&hellip;]<\/p>","protected":false},"author":2,"featured_media":0,"parent":0,"menu_order":0,"comment_status":"closed","ping_status":"closed","template":"elementor_header_footer","meta":{"wprm-recipe-roundup-name":"","wprm-recipe-roundup-description":"","wpupg_custom_link":[],"wpupg_custom_link_behaviour":[],"wpupg_custom_link_nofollow":[],"wpupg_custom_image":[],"wpupg_custom_image_id":[],"footnotes":""},"class_list":["post-5818","page","type-page","status-publish","hentry"],"yoast_head":"<!-- This site is optimized with the Yoast SEO plugin v26.7 - https:\/\/yoast.com\/wordpress\/plugins\/seo\/ -->\n<title>Ou trouver nos produits | Ferme Les Petites \u00c9cores<\/title>\n<meta name=\"robots\" content=\"index, follow, max-snippet:-1, max-image-preview:large, max-video-preview:-1\" \/>\n<link rel=\"canonical\" href=\"https:\/\/fermelpe.com\/en\/ou-trouver-nos-produits\/\" \/>\n<meta property=\"og:locale\" content=\"en_US\" \/>\n<meta property=\"og:type\" content=\"article\" \/>\n<meta property=\"og:title\" content=\"Ou trouver nos produits | Ferme Les Petites \u00c9cores\" \/>\n<meta property=\"og:description\" content=\"O\u00f9 trouver nos produits D\u00e9taillants Boutique \u00e0 la ferme Nos produits sont toujours disponibles \u00e0 la boutique de la ferme. Il est possible de nous contacter pour prendre rendez-vous en saison hivernale m\u00eame si nous sommes ferm\u00e9s. Heures d&#8217;ouverture Boutique en ligne Que ce soit le jour ou la nuit, un jour de semaine ou [&hellip;]\" \/>\n<meta property=\"og:url\" content=\"https:\/\/fermelpe.com\/en\/ou-trouver-nos-produits\/\" \/>\n<meta property=\"og:site_name\" content=\"Ferme Les Petites \u00c9cores\" \/>\n<meta property=\"article:publisher\" content=\"https:\/\/www.facebook.com\/fermelpe\" \/>\n<meta property=\"article:modified_time\" content=\"2026-04-09T13:38:19+00:00\" \/>\n<script type=\"application\/ld+json\" class=\"yoast-schema-graph\">{\"@context\":\"https:\/\/schema.org\",\"@graph\":[{\"@type\":\"WebPage\",\"@id\":\"https:\/\/fermelpe.com\/ou-trouver-nos-produits\/\",\"url\":\"https:\/\/fermelpe.com\/ou-trouver-nos-produits\/\",\"name\":\"Ou trouver nos produits | Ferme Les Petites \u00c9cores\",\"isPartOf\":{\"@id\":\"https:\/\/fermelpe.com\/#website\"},\"datePublished\":\"2023-01-24T20:42:53+00:00\",\"dateModified\":\"2026-04-09T13:38:19+00:00\",\"breadcrumb\":{\"@id\":\"https:\/\/fermelpe.com\/ou-trouver-nos-produits\/#breadcrumb\"},\"inLanguage\":\"en-CA\",\"potentialAction\":[{\"@type\":\"ReadAction\",\"target\":[\"https:\/\/fermelpe.com\/ou-trouver-nos-produits\/\"]}]},{\"@type\":\"BreadcrumbList\",\"@id\":\"https:\/\/fermelpe.com\/ou-trouver-nos-produits\/#breadcrumb\",\"itemListElement\":[{\"@type\":\"ListItem\",\"position\":1,\"name\":\"Accueil\",\"item\":\"https:\/\/fermelpe.com\/\"},{\"@type\":\"ListItem\",\"position\":2,\"name\":\"Ou trouver nos produits\"}]},{\"@type\":\"WebSite\",\"@id\":\"https:\/\/fermelpe.com\/#website\",\"url\":\"https:\/\/fermelpe.com\/\",\"name\":\"Ferme Les Petites \u00c9cores\",\"description\":\"\u00c9veillez vos sens au vrai go\u00fbt\",\"publisher\":{\"@id\":\"https:\/\/fermelpe.com\/#organization\"},\"potentialAction\":[{\"@type\":\"SearchAction\",\"target\":{\"@type\":\"EntryPoint\",\"urlTemplate\":\"https:\/\/fermelpe.com\/?s={search_term_string}\"},\"query-input\":{\"@type\":\"PropertyValueSpecification\",\"valueRequired\":true,\"valueName\":\"search_term_string\"}}],\"inLanguage\":\"en-CA\"},{\"@type\":\"Organization\",\"@id\":\"https:\/\/fermelpe.com\/#organization\",\"name\":\"Ferme Les Petites \u00c9cores\",\"url\":\"https:\/\/fermelpe.com\/\",\"logo\":{\"@type\":\"ImageObject\",\"inLanguage\":\"en-CA\",\"@id\":\"https:\/\/fermelpe.com\/#\/schema\/logo\/image\/\",\"url\":\"https:\/\/i0.wp.com\/fermelpe.com\/wp-content\/uploads\/2022\/12\/Facebook-Logo.png?fit=180%2C180&ssl=1\",\"contentUrl\":\"https:\/\/i0.wp.com\/fermelpe.com\/wp-content\/uploads\/2022\/12\/Facebook-Logo.png?fit=180%2C180&ssl=1\",\"width\":180,\"height\":180,\"caption\":\"Ferme Les Petites \u00c9cores\"},\"image\":{\"@id\":\"https:\/\/fermelpe.com\/#\/schema\/logo\/image\/\"},\"sameAs\":[\"https:\/\/www.facebook.com\/fermelpe\",\"https:\/\/www.instagram.com\/flpecores\/\"]}]}<\/script>\n<!-- \/ Yoast SEO plugin. -->","yoast_head_json":{"title":"Where to find our products | Ferme Les Petites \u00c9cores","robots":{"index":"index","follow":"follow","max-snippet":"max-snippet:-1","max-image-preview":"max-image-preview:large","max-video-preview":"max-video-preview:-1"},"canonical":"https:\/\/fermelpe.com\/en\/ou-trouver-nos-produits\/","og_locale":"en_US","og_type":"article","og_title":"Ou trouver nos produits | Ferme Les Petites \u00c9cores","og_description":"O\u00f9 trouver nos produits D\u00e9taillants Boutique \u00e0 la ferme Nos produits sont toujours disponibles \u00e0 la boutique de la ferme. Il est possible de nous contacter pour prendre rendez-vous en saison hivernale m\u00eame si nous sommes ferm\u00e9s. Heures d&#8217;ouverture Boutique en ligne Que ce soit le jour ou la nuit, un jour de semaine ou [&hellip;]","og_url":"https:\/\/fermelpe.com\/en\/ou-trouver-nos-produits\/","og_site_name":"Ferme Les Petites \u00c9cores","article_publisher":"https:\/\/www.facebook.com\/fermelpe","article_modified_time":"2026-04-09T13:38:19+00:00","schema":{"@context":"https:\/\/schema.org","@graph":[{"@type":"WebPage","@id":"https:\/\/fermelpe.com\/ou-trouver-nos-produits\/","url":"https:\/\/fermelpe.com\/ou-trouver-nos-produits\/","name":"Where to find our products | Ferme Les Petites \u00c9cores","isPartOf":{"@id":"https:\/\/fermelpe.com\/#website"},"datePublished":"2023-01-24T20:42:53+00:00","dateModified":"2026-04-09T13:38:19+00:00","breadcrumb":{"@id":"https:\/\/fermelpe.com\/ou-trouver-nos-produits\/#breadcrumb"},"inLanguage":"en-CA","potentialAction":[{"@type":"ReadAction","target":["https:\/\/fermelpe.com\/ou-trouver-nos-produits\/"]}]},{"@type":"BreadcrumbList","@id":"https:\/\/fermelpe.com\/ou-trouver-nos-produits\/#breadcrumb","itemListElement":[{"@type":"ListItem","position":1,"name":"Accueil","item":"https:\/\/fermelpe.com\/"},{"@type":"ListItem","position":2,"name":"Ou trouver nos produits"}]},{"@type":"WebSite","@id":"https:\/\/fermelpe.com\/#website","url":"https:\/\/fermelpe.com\/","name":"Ferme Les Petites \u00c9cores","description":"Awaken your senses to true taste","publisher":{"@id":"https:\/\/fermelpe.com\/#organization"},"potentialAction":[{"@type":"SearchAction","target":{"@type":"EntryPoint","urlTemplate":"https:\/\/fermelpe.com\/?s={search_term_string}"},"query-input":{"@type":"PropertyValueSpecification","valueRequired":true,"valueName":"search_term_string"}}],"inLanguage":"en-CA"},{"@type":"Organization","@id":"https:\/\/fermelpe.com\/#organization","name":"Ferme Les Petites \u00c9cores","url":"https:\/\/fermelpe.com\/","logo":{"@type":"ImageObject","inLanguage":"en-CA","@id":"https:\/\/fermelpe.com\/#\/schema\/logo\/image\/","url":"https:\/\/i0.wp.com\/fermelpe.com\/wp-content\/uploads\/2022\/12\/Facebook-Logo.png?fit=180%2C180&ssl=1","contentUrl":"https:\/\/i0.wp.com\/fermelpe.com\/wp-content\/uploads\/2022\/12\/Facebook-Logo.png?fit=180%2C180&ssl=1","width":180,"height":180,"caption":"Ferme Les Petites \u00c9cores"},"image":{"@id":"https:\/\/fermelpe.com\/#\/schema\/logo\/image\/"},"sameAs":["https:\/\/www.facebook.com\/fermelpe","https:\/\/www.instagram.com\/flpecores\/"]}]}},"_links":{"self":[{"href":"https:\/\/fermelpe.com\/en\/wp-json\/wp\/v2\/pages\/5818","targetHints":{"allow":["GET"]}}],"collection":[{"href":"https:\/\/fermelpe.com\/en\/wp-json\/wp\/v2\/pages"}],"about":[{"href":"https:\/\/fermelpe.com\/en\/wp-json\/wp\/v2\/types\/page"}],"author":[{"embeddable":true,"href":"https:\/\/fermelpe.com\/en\/wp-json\/wp\/v2\/users\/2"}],"replies":[{"embeddable":true,"href":"https:\/\/fermelpe.com\/en\/wp-json\/wp\/v2\/comments?post=5818"}],"version-history":[{"count":38,"href":"https:\/\/fermelpe.com\/en\/wp-json\/wp\/v2\/pages\/5818\/revisions"}],"predecessor-version":[{"id":10220,"href":"https:\/\/fermelpe.com\/en\/wp-json\/wp\/v2\/pages\/5818\/revisions\/10220"}],"wp:attachment":[{"href":"https:\/\/fermelpe.com\/en\/wp-json\/wp\/v2\/media?parent=5818"}],"curies":[{"name":"wp","href":"https:\/\/api.w.org\/{rel}","templated":true}]}}