{"id":6441,"date":"2023-02-08T16:14:31","date_gmt":"2023-02-08T21:14:31","guid":{"rendered":"https:\/\/fermelpe.com\/?page_id=6441"},"modified":"2026-01-12T15:17:09","modified_gmt":"2026-01-12T19:17:09","slug":"cosmetique","status":"publish","type":"page","link":"https:\/\/fermelpe.com\/en\/cosmetique\/","title":{"rendered":"Cosmetic"},"content":{"rendered":"<div data-elementor-type=\"wp-page\" data-elementor-id=\"6441\" class=\"elementor elementor-6441\" data-elementor-post-type=\"page\">\n\t\t\t\t<div class=\"elementor-element elementor-element-80bacf8 e-flex e-con-boxed e-con e-parent\" data-id=\"80bacf8\" data-element_type=\"container\">\n\t\t\t\t\t<div class=\"e-con-inner\">\n\t\t<div class=\"elementor-element elementor-element-89dc42f e-con-full e-flex e-con e-child\" data-id=\"89dc42f\" data-element_type=\"container\">\n\t\t\t\t<div class=\"elementor-element elementor-element-31b31f9 elementor-widget elementor-widget-image\" data-id=\"31b31f9\" data-element_type=\"widget\" data-widget_type=\"image.default\">\n\t\t\t\t\t\t\t\t\t\t\t\t\t\t\t<img fetchpriority=\"high\" decoding=\"async\" width=\"1700\" height=\"1275\" src=\"https:\/\/i0.wp.com\/fermelpe.com\/wp-content\/uploads\/2023\/02\/IMG_4770_jpg.jpg?fit=1700%2C1275&amp;ssl=1\" class=\"attachment-full size-full wp-image-7087\" alt=\"\" srcset=\"https:\/\/i0.wp.com\/fermelpe.com\/wp-content\/uploads\/2023\/02\/IMG_4770_jpg.jpg?w=1700&amp;ssl=1 1700w, https:\/\/i0.wp.com\/fermelpe.com\/wp-content\/uploads\/2023\/02\/IMG_4770_jpg.jpg?resize=300%2C225&amp;ssl=1 300w, https:\/\/i0.wp.com\/fermelpe.com\/wp-content\/uploads\/2023\/02\/IMG_4770_jpg.jpg?resize=1024%2C768&amp;ssl=1 1024w, https:\/\/i0.wp.com\/fermelpe.com\/wp-content\/uploads\/2023\/02\/IMG_4770_jpg.jpg?resize=768%2C576&amp;ssl=1 768w, https:\/\/i0.wp.com\/fermelpe.com\/wp-content\/uploads\/2023\/02\/IMG_4770_jpg.jpg?resize=1536%2C1152&amp;ssl=1 1536w, https:\/\/i0.wp.com\/fermelpe.com\/wp-content\/uploads\/2023\/02\/IMG_4770_jpg.jpg?resize=500%2C375&amp;ssl=1 500w, https:\/\/i0.wp.com\/fermelpe.com\/wp-content\/uploads\/2023\/02\/IMG_4770_jpg.jpg?w=1600&amp;ssl=1 1600w\" sizes=\"(max-width: 800px) 100vw, 800px\" \/>\t\t\t\t\t\t\t\t\t\t\t\t\t\t\t<\/div>\n\t\t\t\t<div class=\"elementor-element elementor-element-6010c64 elementor-widget elementor-widget-heading\" data-id=\"6010c64\" data-element_type=\"widget\" data-widget_type=\"heading.default\">\n\t\t\t\t\t<h1 class=\"elementor-heading-title elementor-size-default\">Our cosmetics<\/h1>\t\t\t\t<\/div>\n\t\t\t\t<div class=\"elementor-element elementor-element-bef3b7d elementor-widget elementor-widget-text-editor\" data-id=\"bef3b7d\" data-element_type=\"widget\" data-widget_type=\"text-editor.default\">\n\t\t\t\t\t\t\t\t\t<p>The idea of making soap on our farm came to us through a story of friendship and ingredients. After several years of development and many bubbles, we present our soaps and lip balms. They are made with natural ingredients, without fragrance or synthetic ingredients. Our soaps are of high quality thanks to gentle and moisturizing ingredients like olive oil, shea butter, and beeswax. The creamy lather of our soaps will cleanse your skin without drying it out. We have also added ingredients from our own crops, such as honey, sea buckthorn, and cucumber.<\/p>\t\t\t\t\t\t\t\t<\/div>\n\t\t\t\t<\/div>\n\t\t<div class=\"elementor-element elementor-element-204cfdf e-con-full e-flex e-con e-child\" data-id=\"204cfdf\" data-element_type=\"container\">\n\t\t<div class=\"elementor-element elementor-element-001eaf5 e-con-full e-flex e-con e-child\" data-id=\"001eaf5\" data-element_type=\"container\">\n\t\t<div class=\"elementor-element elementor-element-8dae320 e-con-full e-flex e-con e-child\" data-id=\"8dae320\" data-element_type=\"container\" data-settings=\"{&quot;background_background&quot;:&quot;classic&quot;}\">\n\t\t\t\t<div class=\"elementor-element elementor-element-31676a4 elementor-widget elementor-widget-heading\" data-id=\"31676a4\" data-element_type=\"widget\" data-widget_type=\"heading.default\">\n\t\t\t\t\t<h2 class=\"elementor-heading-title elementor-size-default\">Cold process soap making<\/h2>\t\t\t\t<\/div>\n\t\t\t\t<div class=\"elementor-element elementor-element-cb5944c elementor-widget elementor-widget-text-editor\" data-id=\"cb5944c\" data-element_type=\"widget\" data-widget_type=\"text-editor.default\">\n\t\t\t\t\t\t\t\t\t<p>Saponification is a cold process method for making soap. It involves a chemical reaction between caustic soda and natural fats. Once saponified, these two compounds are transformed into soap and glycerin.<\/p>\t\t\t\t\t\t\t\t<\/div>\n\t\t\t\t<div class=\"elementor-element elementor-element-273fbbb elementor-widget elementor-widget-spacer\" data-id=\"273fbbb\" data-element_type=\"widget\" data-widget_type=\"spacer.default\">\n\t\t\t\t\t\t\t<div class=\"elementor-spacer\">\n\t\t\t<div class=\"elementor-spacer-inner\"><\/div>\n\t\t<\/div>\n\t\t\t\t\t\t<\/div>\n\t\t\t\t<div class=\"elementor-element elementor-element-6a9cd70 elementor-widget elementor-widget-heading\" data-id=\"6a9cd70\" data-element_type=\"widget\" data-widget_type=\"heading.default\">\n\t\t\t\t\t<h3 class=\"elementor-heading-title elementor-size-default\">Follow us on social media<\/h3>\t\t\t\t<\/div>\n\t\t\t\t<div class=\"elementor-element elementor-element-b23b39f e-grid-align-tablet-center e-grid-align-left elementor-shape-rounded elementor-grid-0 elementor-widget elementor-widget-social-icons\" data-id=\"b23b39f\" data-element_type=\"widget\" data-widget_type=\"social-icons.default\">\n\t\t\t\t\t\t\t<div class=\"elementor-social-icons-wrapper elementor-grid\" role=\"list\">\n\t\t\t\t\t\t\t<span class=\"elementor-grid-item\" role=\"listitem\">\n\t\t\t\t\t<a class=\"elementor-icon elementor-social-icon elementor-social-icon-facebook elementor-animation-grow elementor-repeater-item-3ca815a\" href=\"https:\/\/www.facebook.com\/fermelpe\" target=\"_blank\">\n\t\t\t\t\t\t<span class=\"elementor-screen-only\">Facebook<\/span>\n\t\t\t\t\t\t<i aria-hidden=\"true\" class=\"fab fa-facebook\"><\/i>\t\t\t\t\t<\/a>\n\t\t\t\t<\/span>\n\t\t\t\t\t\t\t<span class=\"elementor-grid-item\" role=\"listitem\">\n\t\t\t\t\t<a class=\"elementor-icon elementor-social-icon elementor-social-icon-instagram elementor-animation-grow elementor-repeater-item-f1d8665\" href=\"https:\/\/www.instagram.com\/flpecores\/\" target=\"_blank\">\n\t\t\t\t\t\t<span class=\"elementor-screen-only\">Instagram<\/span>\n\t\t\t\t\t\t<i aria-hidden=\"true\" class=\"fab fa-instagram\"><\/i>\t\t\t\t\t<\/a>\n\t\t\t\t<\/span>\n\t\t\t\t\t\t\t<span class=\"elementor-grid-item\" role=\"listitem\">\n\t\t\t\t\t<a class=\"elementor-icon elementor-social-icon elementor-social-icon-youtube elementor-animation-grow elementor-repeater-item-9f598db\" href=\"https:\/\/www.youtube.com\/@fermelpe\" target=\"_blank\">\n\t\t\t\t\t\t<span class=\"elementor-screen-only\">Youtube<\/span>\n\t\t\t\t\t\t<i aria-hidden=\"true\" class=\"fab fa-youtube\"><\/i>\t\t\t\t\t<\/a>\n\t\t\t\t<\/span>\n\t\t\t\t\t<\/div>\n\t\t\t\t\t\t<\/div>\n\t\t\t\t<\/div>\n\t\t\t\t<\/div>\n\t\t\t\t<\/div>\n\t\t\t\t\t<\/div>\n\t\t\t\t<\/div>\n\t\t<div class=\"elementor-element elementor-element-d3f9162 e-flex e-con-boxed e-con e-parent\" data-id=\"d3f9162\" data-element_type=\"container\">\n\t\t\t\t\t<div class=\"e-con-inner\">\n\t\t<div class=\"elementor-element elementor-element-2a50998 e-con-full e-flex e-con e-child\" data-id=\"2a50998\" data-element_type=\"container\">\n\t\t\t\t<div class=\"elementor-element elementor-element-3d60268 elementor-widget elementor-widget-image\" data-id=\"3d60268\" data-element_type=\"widget\" data-widget_type=\"image.default\">\n\t\t\t\t\t\t\t\t\t\t\t\t\t\t\t<img decoding=\"async\" width=\"768\" height=\"576\" src=\"https:\/\/i0.wp.com\/fermelpe.com\/wp-content\/uploads\/2023\/02\/IMG_4774_jpg.jpg?fit=768%2C576&amp;ssl=1\" class=\"attachment-medium_large size-medium_large wp-image-7089\" alt=\"\" srcset=\"https:\/\/i0.wp.com\/fermelpe.com\/wp-content\/uploads\/2023\/02\/IMG_4774_jpg.jpg?w=1800&amp;ssl=1 1800w, https:\/\/i0.wp.com\/fermelpe.com\/wp-content\/uploads\/2023\/02\/IMG_4774_jpg.jpg?resize=300%2C225&amp;ssl=1 300w, https:\/\/i0.wp.com\/fermelpe.com\/wp-content\/uploads\/2023\/02\/IMG_4774_jpg.jpg?resize=1024%2C768&amp;ssl=1 1024w, https:\/\/i0.wp.com\/fermelpe.com\/wp-content\/uploads\/2023\/02\/IMG_4774_jpg.jpg?resize=768%2C576&amp;ssl=1 768w, https:\/\/i0.wp.com\/fermelpe.com\/wp-content\/uploads\/2023\/02\/IMG_4774_jpg.jpg?resize=1536%2C1152&amp;ssl=1 1536w, https:\/\/i0.wp.com\/fermelpe.com\/wp-content\/uploads\/2023\/02\/IMG_4774_jpg.jpg?resize=500%2C375&amp;ssl=1 500w, https:\/\/i0.wp.com\/fermelpe.com\/wp-content\/uploads\/2023\/02\/IMG_4774_jpg.jpg?w=1600&amp;ssl=1 1600w\" sizes=\"(max-width: 768px) 100vw, 768px\" \/>\t\t\t\t\t\t\t\t\t\t\t\t\t\t\t<\/div>\n\t\t\t\t<\/div>\n\t\t<div class=\"elementor-element elementor-element-5debfc9 e-con-full e-flex e-con e-child\" data-id=\"5debfc9\" data-element_type=\"container\">\n\t\t\t\t<div class=\"elementor-element elementor-element-b51f3a7 elementor-widget elementor-widget-heading\" data-id=\"b51f3a7\" data-element_type=\"widget\" data-widget_type=\"heading.default\">\n\t\t\t\t\t<h2 class=\"elementor-heading-title elementor-size-default\">Soaps<\/h2>\t\t\t\t<\/div>\n\t\t\t\t<div class=\"elementor-element elementor-element-bc8c1aa elementor-widget elementor-widget-text-editor\" data-id=\"bc8c1aa\" data-element_type=\"widget\" data-widget_type=\"text-editor.default\">\n\t\t\t\t\t\t\t\t\t<p><span style=\"color: var( --e-global-color-text ); font-family: var( --e-global-typography-text-font-family ), Sans-serif; font-weight: var( --e-global-typography-text-font-weight ); text-align: var(--text-align); background-color: var( --e-global-color-144e6ba ); font-size: var( --e-global-typography-229db8b-font-size ); word-spacing: var( --e-global-typography-229db8b-word-spacing );\">Discover our range of handcrafted soaps, carefully designed to suit all skin types. Our <\/span><b style=\"color: var( --e-global-color-text ); font-family: var( --e-global-typography-text-font-family ), Sans-serif; text-align: var(--text-align); background-color: var( --e-global-color-144e6ba ); font-size: var( --e-global-typography-229db8b-font-size ); word-spacing: var( --e-global-typography-229db8b-word-spacing );\">oat and honey soap<\/b><span style=\"color: var( --e-global-color-text ); font-family: var( --e-global-typography-text-font-family ), Sans-serif; font-weight: var( --e-global-typography-text-font-weight ); text-align: var(--text-align); background-color: var( --e-global-color-144e6ba ); font-size: var( --e-global-typography-229db8b-font-size ); word-spacing: var( --e-global-typography-229db8b-word-spacing );\">, a soothing classic, and our <\/span><b style=\"color: var( --e-global-color-text ); font-family: var( --e-global-typography-text-font-family ), Sans-serif; text-align: var(--text-align); background-color: var( --e-global-color-144e6ba ); font-size: var( --e-global-typography-229db8b-font-size ); word-spacing: var( --e-global-typography-229db8b-word-spacing );\">sea buckthorn soap<\/b><span style=\"color: var( --e-global-color-text ); font-family: var( --e-global-typography-text-font-family ), Sans-serif; font-weight: var( --e-global-typography-text-font-weight ); text-align: var(--text-align); background-color: var( --e-global-color-144e6ba ); font-size: var( --e-global-typography-229db8b-font-size ); word-spacing: var( --e-global-typography-229db8b-word-spacing );\"> are ideal for sensitive and delicate skin.\u00a0<\/span><\/p><p>After a long day, treat your hands and feet to a moment of freshness with our <b>exfoliating soap with mint and cucumber<\/b>. It gently removes impurities and dead cells, leaving skin soft and revitalized.<\/p>\t\t\t\t\t\t\t\t<\/div>\n\t\t\t\t<div class=\"elementor-element elementor-element-508fd6b elementor-align-center elementor-tablet-align-center elementor-widget elementor-widget-button\" data-id=\"508fd6b\" data-element_type=\"widget\" data-widget_type=\"button.default\">\n\t\t\t\t\t\t\t\t\t\t<a class=\"elementor-button elementor-button-link elementor-size-lg elementor-animation-shrink\" href=\"https:\/\/fermelpe.com\/en\/product-category\/cosmetique\/\">\n\t\t\t\t\t\t<span class=\"elementor-button-content-wrapper\">\n\t\t\t\t\t\t\t\t\t<span class=\"elementor-button-text\">Buy<\/span>\n\t\t\t\t\t<\/span>\n\t\t\t\t\t<\/a>\n\t\t\t\t\t\t\t\t<\/div>\n\t\t\t\t<\/div>\n\t\t\t\t\t<\/div>\n\t\t\t\t<\/div>\n\t\t<div class=\"elementor-element elementor-element-6768b30 e-flex e-con-boxed e-con e-parent\" data-id=\"6768b30\" data-element_type=\"container\">\n\t\t\t\t\t<div class=\"e-con-inner\">\n\t\t<div class=\"elementor-element elementor-element-8b340af e-con-full e-flex e-con e-child\" data-id=\"8b340af\" data-element_type=\"container\">\n\t\t\t\t<div class=\"elementor-element elementor-element-21deea2 elementor-widget elementor-widget-heading\" data-id=\"21deea2\" data-element_type=\"widget\" data-widget_type=\"heading.default\">\n\t\t\t\t\t<h2 class=\"elementor-heading-title elementor-size-default\">Lip balm<\/h2>\t\t\t\t<\/div>\n\t\t\t\t<div class=\"elementor-element elementor-element-13d2f7f elementor-widget elementor-widget-text-editor\" data-id=\"13d2f7f\" data-element_type=\"widget\" data-widget_type=\"text-editor.default\">\n\t\t\t\t\t\t\t\t\t<p>After creating our handcrafted soaps, we wanted to take care of your lips. Our beeswax lip balm is the answer! Its minimalist formula, with only 4 natural ingredients, deeply moisturizes and protects your lips from chapping. Say goodbye to dry, cracked lips!<\/p>\t\t\t\t\t\t\t\t<\/div>\n\t\t\t\t<div class=\"elementor-element elementor-element-726d49a elementor-align-center elementor-tablet-align-center elementor-widget elementor-widget-button\" data-id=\"726d49a\" data-element_type=\"widget\" data-widget_type=\"button.default\">\n\t\t\t\t\t\t\t\t\t\t<a class=\"elementor-button elementor-button-link elementor-size-lg elementor-animation-shrink\" href=\"https:\/\/fermelpe.com\/en\/boutique\/baume-a-levres\/\">\n\t\t\t\t\t\t<span class=\"elementor-button-content-wrapper\">\n\t\t\t\t\t\t\t\t\t<span class=\"elementor-button-text\">Buy<\/span>\n\t\t\t\t\t<\/span>\n\t\t\t\t\t<\/a>\n\t\t\t\t\t\t\t\t<\/div>\n\t\t\t\t<\/div>\n\t\t<div class=\"elementor-element elementor-element-f8aa341 e-con-full e-flex e-con e-child\" data-id=\"f8aa341\" data-element_type=\"container\">\n\t\t\t\t<div class=\"elementor-element elementor-element-a5b7791 elementor-widget elementor-widget-image\" data-id=\"a5b7791\" data-element_type=\"widget\" data-widget_type=\"image.default\">\n\t\t\t\t\t\t\t\t\t\t\t\t\t\t\t<img decoding=\"async\" width=\"768\" height=\"576\" src=\"https:\/\/i0.wp.com\/fermelpe.com\/wp-content\/uploads\/2023\/02\/IMG_4767_jpg.jpg?fit=768%2C576&amp;ssl=1\" class=\"attachment-medium_large size-medium_large wp-image-7090\" alt=\"\" srcset=\"https:\/\/i0.wp.com\/fermelpe.com\/wp-content\/uploads\/2023\/02\/IMG_4767_jpg.jpg?w=1800&amp;ssl=1 1800w, https:\/\/i0.wp.com\/fermelpe.com\/wp-content\/uploads\/2023\/02\/IMG_4767_jpg.jpg?resize=300%2C225&amp;ssl=1 300w, https:\/\/i0.wp.com\/fermelpe.com\/wp-content\/uploads\/2023\/02\/IMG_4767_jpg.jpg?resize=1024%2C768&amp;ssl=1 1024w, https:\/\/i0.wp.com\/fermelpe.com\/wp-content\/uploads\/2023\/02\/IMG_4767_jpg.jpg?resize=768%2C576&amp;ssl=1 768w, https:\/\/i0.wp.com\/fermelpe.com\/wp-content\/uploads\/2023\/02\/IMG_4767_jpg.jpg?resize=1536%2C1152&amp;ssl=1 1536w, https:\/\/i0.wp.com\/fermelpe.com\/wp-content\/uploads\/2023\/02\/IMG_4767_jpg.jpg?resize=500%2C375&amp;ssl=1 500w, https:\/\/i0.wp.com\/fermelpe.com\/wp-content\/uploads\/2023\/02\/IMG_4767_jpg.jpg?w=1600&amp;ssl=1 1600w\" sizes=\"(max-width: 768px) 100vw, 768px\" \/>\t\t\t\t\t\t\t\t\t\t\t\t\t\t\t<\/div>\n\t\t\t\t<\/div>\n\t\t\t\t\t<\/div>\n\t\t\t\t<\/div>\n\t\t\t\t<\/div>","protected":false},"excerpt":{"rendered":"<p>Nos cosm\u00e9tiques L&#8217;id\u00e9e de faire du savon \u00e0 la ferme nous est venu \u00e0 travers une histoire d&#8217;amiti\u00e9 et d&#8217;ingr\u00e9dients. Apr\u00e8s plusieurs ann\u00e9es de d\u00e9veloppement et beaucoup de bulles, nous vous pr\u00e9sentons nos savons et baume \u00e0 l\u00e8vres. Ils sont faits d&#8217;ingr\u00e9dients naturels, sans parfum et sans ingr\u00e9dients synth\u00e9tiques. Nos savons sont d&#8217;une grande qualit\u00e9 [&hellip;]<\/p>","protected":false},"author":2,"featured_media":0,"parent":0,"menu_order":0,"comment_status":"closed","ping_status":"closed","template":"elementor_header_footer","meta":{"wprm-recipe-roundup-name":"","wprm-recipe-roundup-description":"","wpupg_custom_link":[],"wpupg_custom_link_behaviour":[],"wpupg_custom_link_nofollow":[],"wpupg_custom_image":[],"wpupg_custom_image_id":[],"footnotes":""},"class_list":["post-6441","page","type-page","status-publish","hentry"],"yoast_head":"<!-- This site is optimized with the Yoast SEO plugin v26.7 - https:\/\/yoast.com\/wordpress\/plugins\/seo\/ -->\n<title>Cosmetique | Ferme Les Petites \u00c9cores<\/title>\n<meta name=\"robots\" content=\"index, follow, max-snippet:-1, max-image-preview:large, max-video-preview:-1\" \/>\n<link rel=\"canonical\" href=\"https:\/\/fermelpe.com\/en\/cosmetique\/\" \/>\n<meta property=\"og:locale\" content=\"en_US\" \/>\n<meta property=\"og:type\" content=\"article\" \/>\n<meta property=\"og:title\" content=\"Cosmetique | Ferme Les Petites \u00c9cores\" \/>\n<meta property=\"og:description\" content=\"Nos cosm\u00e9tiques L&#8217;id\u00e9e de faire du savon \u00e0 la ferme nous est venu \u00e0 travers une histoire d&#8217;amiti\u00e9 et d&#8217;ingr\u00e9dients. Apr\u00e8s plusieurs ann\u00e9es de d\u00e9veloppement et beaucoup de bulles, nous vous pr\u00e9sentons nos savons et baume \u00e0 l\u00e8vres. Ils sont faits d&#8217;ingr\u00e9dients naturels, sans parfum et sans ingr\u00e9dients synth\u00e9tiques. Nos savons sont d&#8217;une grande qualit\u00e9 [&hellip;]\" \/>\n<meta property=\"og:url\" content=\"https:\/\/fermelpe.com\/en\/cosmetique\/\" \/>\n<meta property=\"og:site_name\" content=\"Ferme Les Petites \u00c9cores\" \/>\n<meta property=\"article:publisher\" content=\"https:\/\/www.facebook.com\/fermelpe\" \/>\n<meta property=\"article:modified_time\" content=\"2026-01-12T19:17:09+00:00\" \/>\n<meta property=\"og:image\" content=\"https:\/\/fermelpe.com\/wp-content\/uploads\/2023\/02\/IMG_4770_jpg.jpg\" \/>\n<script type=\"application\/ld+json\" class=\"yoast-schema-graph\">{\"@context\":\"https:\/\/schema.org\",\"@graph\":[{\"@type\":\"WebPage\",\"@id\":\"https:\/\/fermelpe.com\/cosmetique\/\",\"url\":\"https:\/\/fermelpe.com\/cosmetique\/\",\"name\":\"Cosmetique | Ferme Les Petites \u00c9cores\",\"isPartOf\":{\"@id\":\"https:\/\/fermelpe.com\/#website\"},\"primaryImageOfPage\":{\"@id\":\"https:\/\/fermelpe.com\/cosmetique\/#primaryimage\"},\"image\":{\"@id\":\"https:\/\/fermelpe.com\/cosmetique\/#primaryimage\"},\"thumbnailUrl\":\"https:\/\/fermelpe.com\/wp-content\/uploads\/2023\/02\/IMG_4770_jpg.jpg\",\"datePublished\":\"2023-02-08T21:14:31+00:00\",\"dateModified\":\"2026-01-12T19:17:09+00:00\",\"breadcrumb\":{\"@id\":\"https:\/\/fermelpe.com\/cosmetique\/#breadcrumb\"},\"inLanguage\":\"en-CA\",\"potentialAction\":[{\"@type\":\"ReadAction\",\"target\":[\"https:\/\/fermelpe.com\/cosmetique\/\"]}]},{\"@type\":\"ImageObject\",\"inLanguage\":\"en-CA\",\"@id\":\"https:\/\/fermelpe.com\/cosmetique\/#primaryimage\",\"url\":\"https:\/\/fermelpe.com\/wp-content\/uploads\/2023\/02\/IMG_4770_jpg.jpg\",\"contentUrl\":\"https:\/\/fermelpe.com\/wp-content\/uploads\/2023\/02\/IMG_4770_jpg.jpg\"},{\"@type\":\"BreadcrumbList\",\"@id\":\"https:\/\/fermelpe.com\/cosmetique\/#breadcrumb\",\"itemListElement\":[{\"@type\":\"ListItem\",\"position\":1,\"name\":\"Accueil\",\"item\":\"https:\/\/fermelpe.com\/\"},{\"@type\":\"ListItem\",\"position\":2,\"name\":\"Cosmetique\"}]},{\"@type\":\"WebSite\",\"@id\":\"https:\/\/fermelpe.com\/#website\",\"url\":\"https:\/\/fermelpe.com\/\",\"name\":\"Ferme Les Petites \u00c9cores\",\"description\":\"\u00c9veillez vos sens au vrai go\u00fbt\",\"publisher\":{\"@id\":\"https:\/\/fermelpe.com\/#organization\"},\"potentialAction\":[{\"@type\":\"SearchAction\",\"target\":{\"@type\":\"EntryPoint\",\"urlTemplate\":\"https:\/\/fermelpe.com\/?s={search_term_string}\"},\"query-input\":{\"@type\":\"PropertyValueSpecification\",\"valueRequired\":true,\"valueName\":\"search_term_string\"}}],\"inLanguage\":\"en-CA\"},{\"@type\":\"Organization\",\"@id\":\"https:\/\/fermelpe.com\/#organization\",\"name\":\"Ferme Les Petites \u00c9cores\",\"url\":\"https:\/\/fermelpe.com\/\",\"logo\":{\"@type\":\"ImageObject\",\"inLanguage\":\"en-CA\",\"@id\":\"https:\/\/fermelpe.com\/#\/schema\/logo\/image\/\",\"url\":\"https:\/\/i0.wp.com\/fermelpe.com\/wp-content\/uploads\/2022\/12\/Facebook-Logo.png?fit=180%2C180&ssl=1\",\"contentUrl\":\"https:\/\/i0.wp.com\/fermelpe.com\/wp-content\/uploads\/2022\/12\/Facebook-Logo.png?fit=180%2C180&ssl=1\",\"width\":180,\"height\":180,\"caption\":\"Ferme Les Petites \u00c9cores\"},\"image\":{\"@id\":\"https:\/\/fermelpe.com\/#\/schema\/logo\/image\/\"},\"sameAs\":[\"https:\/\/www.facebook.com\/fermelpe\",\"https:\/\/www.instagram.com\/flpecores\/\"]}]}<\/script>\n<!-- \/ Yoast SEO plugin. -->","yoast_head_json":{"title":"Cosmetics | Ferme Les Petites \u00c9cores","robots":{"index":"index","follow":"follow","max-snippet":"max-snippet:-1","max-image-preview":"max-image-preview:large","max-video-preview":"max-video-preview:-1"},"canonical":"https:\/\/fermelpe.com\/en\/cosmetique\/","og_locale":"en_US","og_type":"article","og_title":"Cosmetique | Ferme Les Petites \u00c9cores","og_description":"Nos cosm\u00e9tiques L&#8217;id\u00e9e de faire du savon \u00e0 la ferme nous est venu \u00e0 travers une histoire d&#8217;amiti\u00e9 et d&#8217;ingr\u00e9dients. Apr\u00e8s plusieurs ann\u00e9es de d\u00e9veloppement et beaucoup de bulles, nous vous pr\u00e9sentons nos savons et baume \u00e0 l\u00e8vres. Ils sont faits d&#8217;ingr\u00e9dients naturels, sans parfum et sans ingr\u00e9dients synth\u00e9tiques. Nos savons sont d&#8217;une grande qualit\u00e9 [&hellip;]","og_url":"https:\/\/fermelpe.com\/en\/cosmetique\/","og_site_name":"Ferme Les Petites \u00c9cores","article_publisher":"https:\/\/www.facebook.com\/fermelpe","article_modified_time":"2026-01-12T19:17:09+00:00","og_image":[{"url":"https:\/\/fermelpe.com\/wp-content\/uploads\/2023\/02\/IMG_4770_jpg.jpg","type":"","width":"","height":""}],"schema":{"@context":"https:\/\/schema.org","@graph":[{"@type":"WebPage","@id":"https:\/\/fermelpe.com\/cosmetique\/","url":"https:\/\/fermelpe.com\/cosmetique\/","name":"Cosmetics | Ferme Les Petites \u00c9cores","isPartOf":{"@id":"https:\/\/fermelpe.com\/#website"},"primaryImageOfPage":{"@id":"https:\/\/fermelpe.com\/cosmetique\/#primaryimage"},"image":{"@id":"https:\/\/fermelpe.com\/cosmetique\/#primaryimage"},"thumbnailUrl":"https:\/\/fermelpe.com\/wp-content\/uploads\/2023\/02\/IMG_4770_jpg.jpg","datePublished":"2023-02-08T21:14:31+00:00","dateModified":"2026-01-12T19:17:09+00:00","breadcrumb":{"@id":"https:\/\/fermelpe.com\/cosmetique\/#breadcrumb"},"inLanguage":"en-CA","potentialAction":[{"@type":"ReadAction","target":["https:\/\/fermelpe.com\/cosmetique\/"]}]},{"@type":"ImageObject","inLanguage":"en-CA","@id":"https:\/\/fermelpe.com\/cosmetique\/#primaryimage","url":"https:\/\/fermelpe.com\/wp-content\/uploads\/2023\/02\/IMG_4770_jpg.jpg","contentUrl":"https:\/\/fermelpe.com\/wp-content\/uploads\/2023\/02\/IMG_4770_jpg.jpg"},{"@type":"BreadcrumbList","@id":"https:\/\/fermelpe.com\/cosmetique\/#breadcrumb","itemListElement":[{"@type":"ListItem","position":1,"name":"Accueil","item":"https:\/\/fermelpe.com\/"},{"@type":"ListItem","position":2,"name":"Cosmetique"}]},{"@type":"WebSite","@id":"https:\/\/fermelpe.com\/#website","url":"https:\/\/fermelpe.com\/","name":"Ferme Les Petites \u00c9cores","description":"Awaken your senses to true taste","publisher":{"@id":"https:\/\/fermelpe.com\/#organization"},"potentialAction":[{"@type":"SearchAction","target":{"@type":"EntryPoint","urlTemplate":"https:\/\/fermelpe.com\/?s={search_term_string}"},"query-input":{"@type":"PropertyValueSpecification","valueRequired":true,"valueName":"search_term_string"}}],"inLanguage":"en-CA"},{"@type":"Organization","@id":"https:\/\/fermelpe.com\/#organization","name":"Ferme Les Petites \u00c9cores","url":"https:\/\/fermelpe.com\/","logo":{"@type":"ImageObject","inLanguage":"en-CA","@id":"https:\/\/fermelpe.com\/#\/schema\/logo\/image\/","url":"https:\/\/i0.wp.com\/fermelpe.com\/wp-content\/uploads\/2022\/12\/Facebook-Logo.png?fit=180%2C180&ssl=1","contentUrl":"https:\/\/i0.wp.com\/fermelpe.com\/wp-content\/uploads\/2022\/12\/Facebook-Logo.png?fit=180%2C180&ssl=1","width":180,"height":180,"caption":"Ferme Les Petites \u00c9cores"},"image":{"@id":"https:\/\/fermelpe.com\/#\/schema\/logo\/image\/"},"sameAs":["https:\/\/www.facebook.com\/fermelpe","https:\/\/www.instagram.com\/flpecores\/"]}]}},"_links":{"self":[{"href":"https:\/\/fermelpe.com\/en\/wp-json\/wp\/v2\/pages\/6441","targetHints":{"allow":["GET"]}}],"collection":[{"href":"https:\/\/fermelpe.com\/en\/wp-json\/wp\/v2\/pages"}],"about":[{"href":"https:\/\/fermelpe.com\/en\/wp-json\/wp\/v2\/types\/page"}],"author":[{"embeddable":true,"href":"https:\/\/fermelpe.com\/en\/wp-json\/wp\/v2\/users\/2"}],"replies":[{"embeddable":true,"href":"https:\/\/fermelpe.com\/en\/wp-json\/wp\/v2\/comments?post=6441"}],"version-history":[{"count":59,"href":"https:\/\/fermelpe.com\/en\/wp-json\/wp\/v2\/pages\/6441\/revisions"}],"predecessor-version":[{"id":9751,"href":"https:\/\/fermelpe.com\/en\/wp-json\/wp\/v2\/pages\/6441\/revisions\/9751"}],"wp:attachment":[{"href":"https:\/\/fermelpe.com\/en\/wp-json\/wp\/v2\/media?parent=6441"}],"curies":[{"name":"wp","href":"https:\/\/api.w.org\/{rel}","templated":true}]}}