{"id":9873,"date":"2026-02-25T10:06:29","date_gmt":"2026-02-25T14:06:29","guid":{"rendered":"https:\/\/fermelpe.com\/?page_id=9873"},"modified":"2026-02-25T10:07:59","modified_gmt":"2026-02-25T14:07:59","slug":"infolettre","status":"publish","type":"page","link":"https:\/\/fermelpe.com\/en\/infolettre\/","title":{"rendered":"Subscribe to the newsletter"},"content":{"rendered":"<div data-elementor-type=\"wp-page\" data-elementor-id=\"9873\" class=\"elementor elementor-9873\" data-elementor-post-type=\"page\">\n\t\t\t\t<div class=\"elementor-element elementor-element-39628a4 e-flex e-con-boxed e-con e-parent\" data-id=\"39628a4\" data-element_type=\"container\">\n\t\t\t\t\t<div class=\"e-con-inner\">\n\t\t\t\t<div class=\"elementor-element elementor-element-ec44a21 elementor-widget elementor-widget-html\" data-id=\"ec44a21\" data-element_type=\"widget\" data-widget_type=\"html.default\">\n\t\t\t\t\t<form action=\"https:\/\/app.cyberimpact.com\/optin\" method=\"post\" accept-charset=\"utf-8\">\r\n    <fieldset><label>\r\nSubscribe to the newsletter<\/label>\r\n        <legend><\/legend>\r\n                            <div>\r\n                <label for=\"ci_firstname\">First name :<\/label>\r\n                <input type=\"text\" id=\"ci_firstname\" name=\"ci_firstname\" maxlength=\"255\" \/>\r\n            <\/div>\r\n                            <div>\r\n                <label for=\"ci_lastname\">Name :<\/label>\r\n                <input type=\"text\" id=\"ci_lastname\" name=\"ci_lastname\" maxlength=\"255\" \/>\r\n            <\/div>\r\n                                                \r\n        \r\n        <div>\r\n            <label for=\"ci_email\">E-mail :<\/label>\r\n            <input type=\"text\" id=\"ci_email\" name=\"ci_email\" maxlength=\"255\"\/>\r\n        <\/div>\r\n        <div style=\"display:block; visibility:hidden; height:1px;\">\r\n            <input type=\"hidden\" id=\"ci_groups\" name=\"ci_groups\" value=\"3,2\"\/>\r\n            <input type=\"hidden\" id=\"ci_account\" name=\"ci_account\" value=\"38858e0b-497c-40e6-4578-e65506f4bf77\"\/>\r\n            <input type=\"hidden\" id=\"ci_language\" name=\"ci_language\" value=\"fr_ca\"\/>\r\n            <input type=\"hidden\" id=\"ci_sent_url\" name=\"ci_sent_url\" value=\"\"\/>\r\n            <input type=\"hidden\" id=\"ci_error_url\" name=\"ci_error_url\" value=\"\" \/>\r\n            <input type=\"hidden\" id=\"ci_confirm_url\" name=\"ci_confirm_url\" value=\"\" \/>\r\n        <\/div>\r\n        <input type=\"submit\" value=\"Register\" \/>\r\n\r\n   \r\n    <\/fieldset>\r\n<\/form>\r\n\t\t\t\t<\/div>\n\t\t\t\t\t<\/div>\n\t\t\t\t<\/div>\n\t\t\t\t<\/div>","protected":false},"excerpt":{"rendered":"<p>S&#8217;inscrire \u00e0 l&#8217;infolettre Pr\u00e9nom : Nom : Courriel :<\/p>","protected":false},"author":1,"featured_media":0,"parent":0,"menu_order":0,"comment_status":"closed","ping_status":"closed","template":"","meta":{"wprm-recipe-roundup-name":"","wprm-recipe-roundup-description":"","wpupg_custom_link":[],"wpupg_custom_link_behaviour":[],"wpupg_custom_link_nofollow":[],"wpupg_custom_image":[],"wpupg_custom_image_id":[],"footnotes":""},"class_list":["post-9873","page","type-page","status-publish","hentry"],"yoast_head":"<!-- This site is optimized with the Yoast SEO plugin v26.7 - https:\/\/yoast.com\/wordpress\/plugins\/seo\/ -->\n<title>S&#039;inscrire \u00e0 l&#039;infolettre | Ferme Les Petites \u00c9cores<\/title>\n<meta name=\"robots\" content=\"index, follow, max-snippet:-1, max-image-preview:large, max-video-preview:-1\" \/>\n<link rel=\"canonical\" href=\"https:\/\/fermelpe.com\/en\/infolettre\/\" \/>\n<meta property=\"og:locale\" content=\"en_US\" \/>\n<meta property=\"og:type\" content=\"article\" \/>\n<meta property=\"og:title\" content=\"S&#039;inscrire \u00e0 l&#039;infolettre | Ferme Les Petites \u00c9cores\" \/>\n<meta property=\"og:description\" content=\"S&#8217;inscrire \u00e0 l&#8217;infolettre Pr\u00e9nom : Nom : Courriel :\" \/>\n<meta property=\"og:url\" content=\"https:\/\/fermelpe.com\/en\/infolettre\/\" \/>\n<meta property=\"og:site_name\" content=\"Ferme Les Petites \u00c9cores\" \/>\n<meta property=\"article:publisher\" content=\"https:\/\/www.facebook.com\/fermelpe\" \/>\n<meta property=\"article:modified_time\" content=\"2026-02-25T14:07:59+00:00\" \/>\n<script type=\"application\/ld+json\" class=\"yoast-schema-graph\">{\"@context\":\"https:\/\/schema.org\",\"@graph\":[{\"@type\":\"WebPage\",\"@id\":\"https:\/\/fermelpe.com\/infolettre\/\",\"url\":\"https:\/\/fermelpe.com\/infolettre\/\",\"name\":\"S'inscrire \u00e0 l'infolettre | Ferme Les Petites \u00c9cores\",\"isPartOf\":{\"@id\":\"https:\/\/fermelpe.com\/#website\"},\"datePublished\":\"2026-02-25T14:06:29+00:00\",\"dateModified\":\"2026-02-25T14:07:59+00:00\",\"breadcrumb\":{\"@id\":\"https:\/\/fermelpe.com\/infolettre\/#breadcrumb\"},\"inLanguage\":\"en-CA\",\"potentialAction\":[{\"@type\":\"ReadAction\",\"target\":[\"https:\/\/fermelpe.com\/infolettre\/\"]}]},{\"@type\":\"BreadcrumbList\",\"@id\":\"https:\/\/fermelpe.com\/infolettre\/#breadcrumb\",\"itemListElement\":[{\"@type\":\"ListItem\",\"position\":1,\"name\":\"Accueil\",\"item\":\"https:\/\/fermelpe.com\/\"},{\"@type\":\"ListItem\",\"position\":2,\"name\":\"S&#8217;inscrire \u00e0 l&#8217;infolettre\"}]},{\"@type\":\"WebSite\",\"@id\":\"https:\/\/fermelpe.com\/#website\",\"url\":\"https:\/\/fermelpe.com\/\",\"name\":\"Ferme Les Petites \u00c9cores\",\"description\":\"\u00c9veillez vos sens au vrai go\u00fbt\",\"publisher\":{\"@id\":\"https:\/\/fermelpe.com\/#organization\"},\"potentialAction\":[{\"@type\":\"SearchAction\",\"target\":{\"@type\":\"EntryPoint\",\"urlTemplate\":\"https:\/\/fermelpe.com\/?s={search_term_string}\"},\"query-input\":{\"@type\":\"PropertyValueSpecification\",\"valueRequired\":true,\"valueName\":\"search_term_string\"}}],\"inLanguage\":\"en-CA\"},{\"@type\":\"Organization\",\"@id\":\"https:\/\/fermelpe.com\/#organization\",\"name\":\"Ferme Les Petites \u00c9cores\",\"url\":\"https:\/\/fermelpe.com\/\",\"logo\":{\"@type\":\"ImageObject\",\"inLanguage\":\"en-CA\",\"@id\":\"https:\/\/fermelpe.com\/#\/schema\/logo\/image\/\",\"url\":\"https:\/\/i0.wp.com\/fermelpe.com\/wp-content\/uploads\/2022\/12\/Facebook-Logo.png?fit=180%2C180&ssl=1\",\"contentUrl\":\"https:\/\/i0.wp.com\/fermelpe.com\/wp-content\/uploads\/2022\/12\/Facebook-Logo.png?fit=180%2C180&ssl=1\",\"width\":180,\"height\":180,\"caption\":\"Ferme Les Petites \u00c9cores\"},\"image\":{\"@id\":\"https:\/\/fermelpe.com\/#\/schema\/logo\/image\/\"},\"sameAs\":[\"https:\/\/www.facebook.com\/fermelpe\",\"https:\/\/www.instagram.com\/flpecores\/\"]}]}<\/script>\n<!-- \/ Yoast SEO plugin. -->","yoast_head_json":{"title":"S'inscrire \u00e0 l'infolettre | Ferme Les Petites \u00c9cores","robots":{"index":"index","follow":"follow","max-snippet":"max-snippet:-1","max-image-preview":"max-image-preview:large","max-video-preview":"max-video-preview:-1"},"canonical":"https:\/\/fermelpe.com\/en\/infolettre\/","og_locale":"en_US","og_type":"article","og_title":"S'inscrire \u00e0 l'infolettre | Ferme Les Petites \u00c9cores","og_description":"S&#8217;inscrire \u00e0 l&#8217;infolettre Pr\u00e9nom : Nom : Courriel :","og_url":"https:\/\/fermelpe.com\/en\/infolettre\/","og_site_name":"Ferme Les Petites \u00c9cores","article_publisher":"https:\/\/www.facebook.com\/fermelpe","article_modified_time":"2026-02-25T14:07:59+00:00","schema":{"@context":"https:\/\/schema.org","@graph":[{"@type":"WebPage","@id":"https:\/\/fermelpe.com\/infolettre\/","url":"https:\/\/fermelpe.com\/infolettre\/","name":"S'inscrire \u00e0 l'infolettre | Ferme Les Petites \u00c9cores","isPartOf":{"@id":"https:\/\/fermelpe.com\/#website"},"datePublished":"2026-02-25T14:06:29+00:00","dateModified":"2026-02-25T14:07:59+00:00","breadcrumb":{"@id":"https:\/\/fermelpe.com\/infolettre\/#breadcrumb"},"inLanguage":"en-CA","potentialAction":[{"@type":"ReadAction","target":["https:\/\/fermelpe.com\/infolettre\/"]}]},{"@type":"BreadcrumbList","@id":"https:\/\/fermelpe.com\/infolettre\/#breadcrumb","itemListElement":[{"@type":"ListItem","position":1,"name":"Accueil","item":"https:\/\/fermelpe.com\/"},{"@type":"ListItem","position":2,"name":"S&#8217;inscrire \u00e0 l&#8217;infolettre"}]},{"@type":"WebSite","@id":"https:\/\/fermelpe.com\/#website","url":"https:\/\/fermelpe.com\/","name":"Ferme Les Petites \u00c9cores","description":"Awaken your senses to true taste","publisher":{"@id":"https:\/\/fermelpe.com\/#organization"},"potentialAction":[{"@type":"SearchAction","target":{"@type":"EntryPoint","urlTemplate":"https:\/\/fermelpe.com\/?s={search_term_string}"},"query-input":{"@type":"PropertyValueSpecification","valueRequired":true,"valueName":"search_term_string"}}],"inLanguage":"en-CA"},{"@type":"Organization","@id":"https:\/\/fermelpe.com\/#organization","name":"Ferme Les Petites \u00c9cores","url":"https:\/\/fermelpe.com\/","logo":{"@type":"ImageObject","inLanguage":"en-CA","@id":"https:\/\/fermelpe.com\/#\/schema\/logo\/image\/","url":"https:\/\/i0.wp.com\/fermelpe.com\/wp-content\/uploads\/2022\/12\/Facebook-Logo.png?fit=180%2C180&ssl=1","contentUrl":"https:\/\/i0.wp.com\/fermelpe.com\/wp-content\/uploads\/2022\/12\/Facebook-Logo.png?fit=180%2C180&ssl=1","width":180,"height":180,"caption":"Ferme Les Petites \u00c9cores"},"image":{"@id":"https:\/\/fermelpe.com\/#\/schema\/logo\/image\/"},"sameAs":["https:\/\/www.facebook.com\/fermelpe","https:\/\/www.instagram.com\/flpecores\/"]}]}},"_links":{"self":[{"href":"https:\/\/fermelpe.com\/en\/wp-json\/wp\/v2\/pages\/9873","targetHints":{"allow":["GET"]}}],"collection":[{"href":"https:\/\/fermelpe.com\/en\/wp-json\/wp\/v2\/pages"}],"about":[{"href":"https:\/\/fermelpe.com\/en\/wp-json\/wp\/v2\/types\/page"}],"author":[{"embeddable":true,"href":"https:\/\/fermelpe.com\/en\/wp-json\/wp\/v2\/users\/1"}],"replies":[{"embeddable":true,"href":"https:\/\/fermelpe.com\/en\/wp-json\/wp\/v2\/comments?post=9873"}],"version-history":[{"count":11,"href":"https:\/\/fermelpe.com\/en\/wp-json\/wp\/v2\/pages\/9873\/revisions"}],"predecessor-version":[{"id":9884,"href":"https:\/\/fermelpe.com\/en\/wp-json\/wp\/v2\/pages\/9873\/revisions\/9884"}],"wp:attachment":[{"href":"https:\/\/fermelpe.com\/en\/wp-json\/wp\/v2\/media?parent=9873"}],"curies":[{"name":"wp","href":"https:\/\/api.w.org\/{rel}","templated":true}]}}