{"id":5510,"date":"2023-01-14T19:12:37","date_gmt":"2023-01-14T19:12:37","guid":{"rendered":"https:\/\/fermelpe.com\/produit\/miel-baratte-a-largousier\/"},"modified":"2025-11-30T16:43:53","modified_gmt":"2025-11-30T20:43:53","slug":"miel-baratte-a-largousier","status":"publish","type":"product","link":"https:\/\/fermelpe.com\/en\/boutique\/miel-baratte-a-largousier\/","title":{"rendered":"Churned honey with sea buckthorn"},"content":{"rendered":"<p>Our churned honey with sea buckthorn is distinguished by its refined flavor, enhanced by the tangy touch of sea buckthorn and its sublime orange color. If you love honey and sea buckthorn, you&#039;ll definitely love our churned honey! A sweet ray of sunshine at breakfast!<\/p>\n<p><em>Uses: Lunch, dessert, pastry<\/em><\/p>\n<p><em>Ingredients: Honey, sea buckthorn<\/em><\/p>","protected":false},"excerpt":{"rendered":"<p>Vous aimez le miel et l&#8217;argousier? Ce baratt\u00e9 est fait pour vous! Ce d\u00e9licieux m\u00e9lange donne un go\u00fbt sucr\u00e9 et acidul\u00e9.<\/p>","protected":false},"author":1,"featured_media":6692,"comment_status":"open","ping_status":"closed","template":"","meta":{"wprm-recipe-roundup-name":"","wprm-recipe-roundup-description":"","wpupg_custom_link":[],"wpupg_custom_link_behaviour":[],"wpupg_custom_link_nofollow":[],"wpupg_custom_image":[],"wpupg_custom_image_id":[]},"product_brand":[],"product_cat":[130],"product_tag":[],"class_list":{"0":"post-5510","1":"product","2":"type-product","3":"status-publish","4":"has-post-thumbnail","6":"wc_square_synced-yes","7":"product_cat-miel-transforme","9":"first","10":"instock","11":"shipping-taxable","12":"purchasable","13":"product-type-variable"},"yoast_head":"<!-- This site is optimized with the Yoast SEO plugin v26.7 - https:\/\/yoast.com\/wordpress\/plugins\/seo\/ -->\n<title>Miel baratte a l&#039;argousier | Ferme Les Petites \u00c9cores<\/title>\n<meta name=\"robots\" content=\"index, follow, max-snippet:-1, max-image-preview:large, max-video-preview:-1\" \/>\n<link rel=\"canonical\" href=\"https:\/\/fermelpe.com\/en\/boutique\/miel-baratte-a-largousier\/\" \/>\n<meta property=\"og:locale\" content=\"en_US\" \/>\n<meta property=\"og:type\" content=\"article\" \/>\n<meta property=\"og:title\" content=\"Miel baratte a l&#039;argousier | Ferme Les Petites \u00c9cores\" \/>\n<meta property=\"og:description\" content=\"Vous aimez le miel et l&#039;argousier? Ce baratt\u00e9 est fait pour vous! Ce d\u00e9licieux m\u00e9lange donne un go\u00fbt sucr\u00e9 et acidul\u00e9.\" \/>\n<meta property=\"og:url\" content=\"https:\/\/fermelpe.com\/en\/boutique\/miel-baratte-a-largousier\/\" \/>\n<meta property=\"og:site_name\" content=\"Ferme Les Petites \u00c9cores\" \/>\n<meta property=\"article:publisher\" content=\"https:\/\/www.facebook.com\/fermelpe\" \/>\n<meta property=\"article:modified_time\" content=\"2025-11-30T20:43:53+00:00\" \/>\n<meta property=\"og:image\" content=\"https:\/\/fermelpe.com\/wp-content\/uploads\/2023\/01\/CA9E7125-269B-49C3-89E6-0576DDD441B9_1_201_a.jpeg\" \/>\n\t<meta property=\"og:image:width\" content=\"1189\" \/>\n\t<meta property=\"og:image:height\" content=\"1189\" \/>\n\t<meta property=\"og:image:type\" content=\"image\/jpeg\" \/>\n<script type=\"application\/ld+json\" class=\"yoast-schema-graph\">{\"@context\":\"https:\/\/schema.org\",\"@graph\":[{\"@type\":\"WebPage\",\"@id\":\"https:\/\/fermelpe.com\/boutique\/miel-baratte-a-largousier\/\",\"url\":\"https:\/\/fermelpe.com\/boutique\/miel-baratte-a-largousier\/\",\"name\":\"Miel baratte a l'argousier | Ferme Les Petites \u00c9cores\",\"isPartOf\":{\"@id\":\"https:\/\/fermelpe.com\/#website\"},\"primaryImageOfPage\":{\"@id\":\"https:\/\/fermelpe.com\/boutique\/miel-baratte-a-largousier\/#primaryimage\"},\"image\":{\"@id\":\"https:\/\/fermelpe.com\/boutique\/miel-baratte-a-largousier\/#primaryimage\"},\"thumbnailUrl\":\"https:\/\/i0.wp.com\/fermelpe.com\/wp-content\/uploads\/2023\/01\/CA9E7125-269B-49C3-89E6-0576DDD441B9_1_201_a.jpeg?fit=1189%2C1189&ssl=1\",\"datePublished\":\"2023-01-14T19:12:37+00:00\",\"dateModified\":\"2025-11-30T20:43:53+00:00\",\"breadcrumb\":{\"@id\":\"https:\/\/fermelpe.com\/boutique\/miel-baratte-a-largousier\/#breadcrumb\"},\"inLanguage\":\"en-CA\",\"potentialAction\":[{\"@type\":\"ReadAction\",\"target\":[\"https:\/\/fermelpe.com\/boutique\/miel-baratte-a-largousier\/\"]}]},{\"@type\":\"ImageObject\",\"inLanguage\":\"en-CA\",\"@id\":\"https:\/\/fermelpe.com\/boutique\/miel-baratte-a-largousier\/#primaryimage\",\"url\":\"https:\/\/i0.wp.com\/fermelpe.com\/wp-content\/uploads\/2023\/01\/CA9E7125-269B-49C3-89E6-0576DDD441B9_1_201_a.jpeg?fit=1189%2C1189&ssl=1\",\"contentUrl\":\"https:\/\/i0.wp.com\/fermelpe.com\/wp-content\/uploads\/2023\/01\/CA9E7125-269B-49C3-89E6-0576DDD441B9_1_201_a.jpeg?fit=1189%2C1189&ssl=1\",\"width\":1189,\"height\":1189},{\"@type\":\"BreadcrumbList\",\"@id\":\"https:\/\/fermelpe.com\/boutique\/miel-baratte-a-largousier\/#breadcrumb\",\"itemListElement\":[{\"@type\":\"ListItem\",\"position\":1,\"name\":\"Accueil\",\"item\":\"https:\/\/fermelpe.com\/\"},{\"@type\":\"ListItem\",\"position\":2,\"name\":\"Boutique\",\"item\":\"https:\/\/fermelpe.com\/boutique\/\"},{\"@type\":\"ListItem\",\"position\":3,\"name\":\"Miel baratte a l&#8217;argousier\"}]},{\"@type\":\"WebSite\",\"@id\":\"https:\/\/fermelpe.com\/#website\",\"url\":\"https:\/\/fermelpe.com\/\",\"name\":\"Ferme Les Petites \u00c9cores\",\"description\":\"\u00c9veillez vos sens au vrai go\u00fbt\",\"publisher\":{\"@id\":\"https:\/\/fermelpe.com\/#organization\"},\"potentialAction\":[{\"@type\":\"SearchAction\",\"target\":{\"@type\":\"EntryPoint\",\"urlTemplate\":\"https:\/\/fermelpe.com\/?s={search_term_string}\"},\"query-input\":{\"@type\":\"PropertyValueSpecification\",\"valueRequired\":true,\"valueName\":\"search_term_string\"}}],\"inLanguage\":\"en-CA\"},{\"@type\":\"Organization\",\"@id\":\"https:\/\/fermelpe.com\/#organization\",\"name\":\"Ferme Les Petites \u00c9cores\",\"url\":\"https:\/\/fermelpe.com\/\",\"logo\":{\"@type\":\"ImageObject\",\"inLanguage\":\"en-CA\",\"@id\":\"https:\/\/fermelpe.com\/#\/schema\/logo\/image\/\",\"url\":\"https:\/\/i0.wp.com\/fermelpe.com\/wp-content\/uploads\/2022\/12\/Facebook-Logo.png?fit=180%2C180&ssl=1\",\"contentUrl\":\"https:\/\/i0.wp.com\/fermelpe.com\/wp-content\/uploads\/2022\/12\/Facebook-Logo.png?fit=180%2C180&ssl=1\",\"width\":180,\"height\":180,\"caption\":\"Ferme Les Petites \u00c9cores\"},\"image\":{\"@id\":\"https:\/\/fermelpe.com\/#\/schema\/logo\/image\/\"},\"sameAs\":[\"https:\/\/www.facebook.com\/fermelpe\",\"https:\/\/www.instagram.com\/flpecores\/\"]}]}<\/script>\n<!-- \/ Yoast SEO plugin. -->","yoast_head_json":{"title":"Sea buckthorn cream honey | Ferme les Petites \u00c9cores","robots":{"index":"index","follow":"follow","max-snippet":"max-snippet:-1","max-image-preview":"max-image-preview:large","max-video-preview":"max-video-preview:-1"},"canonical":"https:\/\/fermelpe.com\/en\/boutique\/miel-baratte-a-largousier\/","og_locale":"en_US","og_type":"article","og_title":"Miel baratte a l'argousier | Ferme Les Petites \u00c9cores","og_description":"Vous aimez le miel et l'argousier? Ce baratt\u00e9 est fait pour vous! Ce d\u00e9licieux m\u00e9lange donne un go\u00fbt sucr\u00e9 et acidul\u00e9.","og_url":"https:\/\/fermelpe.com\/en\/boutique\/miel-baratte-a-largousier\/","og_site_name":"Ferme Les Petites \u00c9cores","article_publisher":"https:\/\/www.facebook.com\/fermelpe","article_modified_time":"2025-11-30T20:43:53+00:00","og_image":[{"width":1189,"height":1189,"url":"https:\/\/fermelpe.com\/wp-content\/uploads\/2023\/01\/CA9E7125-269B-49C3-89E6-0576DDD441B9_1_201_a.jpeg","type":"image\/jpeg"}],"schema":{"@context":"https:\/\/schema.org","@graph":[{"@type":"WebPage","@id":"https:\/\/fermelpe.com\/boutique\/miel-baratte-a-largousier\/","url":"https:\/\/fermelpe.com\/boutique\/miel-baratte-a-largousier\/","name":"Sea buckthorn cream honey | Ferme les Petites \u00c9cores","isPartOf":{"@id":"https:\/\/fermelpe.com\/#website"},"primaryImageOfPage":{"@id":"https:\/\/fermelpe.com\/boutique\/miel-baratte-a-largousier\/#primaryimage"},"image":{"@id":"https:\/\/fermelpe.com\/boutique\/miel-baratte-a-largousier\/#primaryimage"},"thumbnailUrl":"https:\/\/i0.wp.com\/fermelpe.com\/wp-content\/uploads\/2023\/01\/CA9E7125-269B-49C3-89E6-0576DDD441B9_1_201_a.jpeg?fit=1189%2C1189&ssl=1","datePublished":"2023-01-14T19:12:37+00:00","dateModified":"2025-11-30T20:43:53+00:00","breadcrumb":{"@id":"https:\/\/fermelpe.com\/boutique\/miel-baratte-a-largousier\/#breadcrumb"},"inLanguage":"en-CA","potentialAction":[{"@type":"ReadAction","target":["https:\/\/fermelpe.com\/boutique\/miel-baratte-a-largousier\/"]}]},{"@type":"ImageObject","inLanguage":"en-CA","@id":"https:\/\/fermelpe.com\/boutique\/miel-baratte-a-largousier\/#primaryimage","url":"https:\/\/i0.wp.com\/fermelpe.com\/wp-content\/uploads\/2023\/01\/CA9E7125-269B-49C3-89E6-0576DDD441B9_1_201_a.jpeg?fit=1189%2C1189&ssl=1","contentUrl":"https:\/\/i0.wp.com\/fermelpe.com\/wp-content\/uploads\/2023\/01\/CA9E7125-269B-49C3-89E6-0576DDD441B9_1_201_a.jpeg?fit=1189%2C1189&ssl=1","width":1189,"height":1189},{"@type":"BreadcrumbList","@id":"https:\/\/fermelpe.com\/boutique\/miel-baratte-a-largousier\/#breadcrumb","itemListElement":[{"@type":"ListItem","position":1,"name":"Accueil","item":"https:\/\/fermelpe.com\/"},{"@type":"ListItem","position":2,"name":"Boutique","item":"https:\/\/fermelpe.com\/boutique\/"},{"@type":"ListItem","position":3,"name":"Miel baratte a l&#8217;argousier"}]},{"@type":"WebSite","@id":"https:\/\/fermelpe.com\/#website","url":"https:\/\/fermelpe.com\/","name":"Ferme Les Petites \u00c9cores","description":"Awaken your senses to true taste","publisher":{"@id":"https:\/\/fermelpe.com\/#organization"},"potentialAction":[{"@type":"SearchAction","target":{"@type":"EntryPoint","urlTemplate":"https:\/\/fermelpe.com\/?s={search_term_string}"},"query-input":{"@type":"PropertyValueSpecification","valueRequired":true,"valueName":"search_term_string"}}],"inLanguage":"en-CA"},{"@type":"Organization","@id":"https:\/\/fermelpe.com\/#organization","name":"Ferme Les Petites \u00c9cores","url":"https:\/\/fermelpe.com\/","logo":{"@type":"ImageObject","inLanguage":"en-CA","@id":"https:\/\/fermelpe.com\/#\/schema\/logo\/image\/","url":"https:\/\/i0.wp.com\/fermelpe.com\/wp-content\/uploads\/2022\/12\/Facebook-Logo.png?fit=180%2C180&ssl=1","contentUrl":"https:\/\/i0.wp.com\/fermelpe.com\/wp-content\/uploads\/2022\/12\/Facebook-Logo.png?fit=180%2C180&ssl=1","width":180,"height":180,"caption":"Ferme Les Petites \u00c9cores"},"image":{"@id":"https:\/\/fermelpe.com\/#\/schema\/logo\/image\/"},"sameAs":["https:\/\/www.facebook.com\/fermelpe","https:\/\/www.instagram.com\/flpecores\/"]}]}},"_links":{"self":[{"href":"https:\/\/fermelpe.com\/en\/wp-json\/wp\/v2\/product\/5510","targetHints":{"allow":["GET"]}}],"collection":[{"href":"https:\/\/fermelpe.com\/en\/wp-json\/wp\/v2\/product"}],"about":[{"href":"https:\/\/fermelpe.com\/en\/wp-json\/wp\/v2\/types\/product"}],"author":[{"embeddable":true,"href":"https:\/\/fermelpe.com\/en\/wp-json\/wp\/v2\/users\/1"}],"replies":[{"embeddable":true,"href":"https:\/\/fermelpe.com\/en\/wp-json\/wp\/v2\/comments?post=5510"}],"wp:featuredmedia":[{"embeddable":true,"href":"https:\/\/fermelpe.com\/en\/wp-json\/wp\/v2\/media\/6692"}],"wp:attachment":[{"href":"https:\/\/fermelpe.com\/en\/wp-json\/wp\/v2\/media?parent=5510"}],"wp:term":[{"taxonomy":"product_brand","embeddable":true,"href":"https:\/\/fermelpe.com\/en\/wp-json\/wp\/v2\/product_brand?post=5510"},{"taxonomy":"product_cat","embeddable":true,"href":"https:\/\/fermelpe.com\/en\/wp-json\/wp\/v2\/product_cat?post=5510"},{"taxonomy":"product_tag","embeddable":true,"href":"https:\/\/fermelpe.com\/en\/wp-json\/wp\/v2\/product_tag?post=5510"}],"curies":[{"name":"wp","href":"https:\/\/api.w.org\/{rel}","templated":true}]}}