{"id":5514,"date":"2023-01-14T19:12:38","date_gmt":"2023-01-14T19:12:38","guid":{"rendered":"https:\/\/fermelpe.com\/produit\/beurre-dargousier\/"},"modified":"2026-03-06T19:28:12","modified_gmt":"2026-03-06T23:28:12","slug":"beurre-dargousier","status":"publish","type":"product","link":"https:\/\/fermelpe.com\/en\/boutique\/beurre-dargousier\/","title":{"rendered":"Sea buckthorn butter"},"content":{"rendered":"<p>The delicate flavors of sea buckthorn with exotic notes of apricot and mango. A perfect accompaniment to semi-firm cheeses and p\u00e2t\u00e9s.<\/p>\n<p><em>Uses: Accompany cheeses, p\u00e2t\u00e9s and rillettes, lunch, recipes<\/em><\/p>\n<p><em>Ingredients: Apple, sea buckthorn, sugar, pectin<\/em><\/p>\n<p><em>Conservation :<\/em> 1 month once opened<\/p>","protected":false},"excerpt":{"rendered":"<p>Le beurre d&#8217;argousier est un doux m\u00e9lange de pomme et d&#8217;argousier. Sa texture ainsi que son go\u00fbt ne vous laisseront pas indiff\u00e9rent. C&#8217;est le produit id\u00e9al pour accompagner vos fromages, p\u00e2t\u00e9s, rillettes et d\u00e9jeuner. Il peut \u00e9galement servir pour faire des sauces les viandes.<\/p>","protected":false},"author":1,"featured_media":6674,"comment_status":"open","ping_status":"closed","template":"","meta":{"wprm-recipe-roundup-name":"","wprm-recipe-roundup-description":"","wpupg_custom_link":[],"wpupg_custom_link_behaviour":[],"wpupg_custom_link_nofollow":[],"wpupg_custom_image":[],"wpupg_custom_image_id":[]},"product_brand":[],"product_cat":[131],"product_tag":[],"class_list":{"0":"post-5514","1":"product","2":"type-product","3":"status-publish","4":"has-post-thumbnail","6":"wc_square_synced-yes","7":"product_cat-argousier","9":"first","10":"outofstock","11":"shipping-taxable","12":"purchasable","13":"product-type-variable"},"yoast_head":"<!-- This site is optimized with the Yoast SEO plugin v26.7 - https:\/\/yoast.com\/wordpress\/plugins\/seo\/ -->\n<title>Beurre dargousier | Ferme Les Petites \u00c9cores<\/title>\n<meta name=\"robots\" content=\"index, follow, max-snippet:-1, max-image-preview:large, max-video-preview:-1\" \/>\n<link rel=\"canonical\" href=\"https:\/\/fermelpe.com\/en\/boutique\/beurre-dargousier\/\" \/>\n<meta property=\"og:locale\" content=\"en_US\" \/>\n<meta property=\"og:type\" content=\"article\" \/>\n<meta property=\"og:title\" content=\"Beurre dargousier | Ferme Les Petites \u00c9cores\" \/>\n<meta property=\"og:description\" content=\"Le beurre d&#039;argousier est un doux m\u00e9lange de pomme et d&#039;argousier. Sa texture ainsi que son go\u00fbt ne vous laisseront pas indiff\u00e9rent. C&#039;est le produit id\u00e9al pour accompagner vos fromages, p\u00e2t\u00e9s, rillettes et d\u00e9jeuner. Il peut \u00e9galement servir pour faire des sauces les viandes.\" \/>\n<meta property=\"og:url\" content=\"https:\/\/fermelpe.com\/en\/boutique\/beurre-dargousier\/\" \/>\n<meta property=\"og:site_name\" content=\"Ferme Les Petites \u00c9cores\" \/>\n<meta property=\"article:publisher\" content=\"https:\/\/www.facebook.com\/fermelpe\" \/>\n<meta property=\"article:modified_time\" content=\"2026-03-06T23:28:12+00:00\" \/>\n<meta property=\"og:image\" content=\"https:\/\/fermelpe.com\/wp-content\/uploads\/2023\/01\/EDC21177-B51D-4709-8116-49D9A6EC1441_1_201_a.jpeg\" \/>\n\t<meta property=\"og:image:width\" content=\"1165\" \/>\n\t<meta property=\"og:image:height\" content=\"1165\" \/>\n\t<meta property=\"og:image:type\" content=\"image\/jpeg\" \/>\n<script type=\"application\/ld+json\" class=\"yoast-schema-graph\">{\"@context\":\"https:\/\/schema.org\",\"@graph\":[{\"@type\":\"WebPage\",\"@id\":\"https:\/\/fermelpe.com\/boutique\/beurre-dargousier\/\",\"url\":\"https:\/\/fermelpe.com\/boutique\/beurre-dargousier\/\",\"name\":\"Beurre dargousier | Ferme Les Petites \u00c9cores\",\"isPartOf\":{\"@id\":\"https:\/\/fermelpe.com\/#website\"},\"primaryImageOfPage\":{\"@id\":\"https:\/\/fermelpe.com\/boutique\/beurre-dargousier\/#primaryimage\"},\"image\":{\"@id\":\"https:\/\/fermelpe.com\/boutique\/beurre-dargousier\/#primaryimage\"},\"thumbnailUrl\":\"https:\/\/i0.wp.com\/fermelpe.com\/wp-content\/uploads\/2023\/01\/EDC21177-B51D-4709-8116-49D9A6EC1441_1_201_a.jpeg?fit=1165%2C1165&ssl=1\",\"datePublished\":\"2023-01-14T19:12:38+00:00\",\"dateModified\":\"2026-03-06T23:28:12+00:00\",\"breadcrumb\":{\"@id\":\"https:\/\/fermelpe.com\/boutique\/beurre-dargousier\/#breadcrumb\"},\"inLanguage\":\"en-CA\",\"potentialAction\":[{\"@type\":\"ReadAction\",\"target\":[\"https:\/\/fermelpe.com\/boutique\/beurre-dargousier\/\"]}]},{\"@type\":\"ImageObject\",\"inLanguage\":\"en-CA\",\"@id\":\"https:\/\/fermelpe.com\/boutique\/beurre-dargousier\/#primaryimage\",\"url\":\"https:\/\/i0.wp.com\/fermelpe.com\/wp-content\/uploads\/2023\/01\/EDC21177-B51D-4709-8116-49D9A6EC1441_1_201_a.jpeg?fit=1165%2C1165&ssl=1\",\"contentUrl\":\"https:\/\/i0.wp.com\/fermelpe.com\/wp-content\/uploads\/2023\/01\/EDC21177-B51D-4709-8116-49D9A6EC1441_1_201_a.jpeg?fit=1165%2C1165&ssl=1\",\"width\":1165,\"height\":1165},{\"@type\":\"BreadcrumbList\",\"@id\":\"https:\/\/fermelpe.com\/boutique\/beurre-dargousier\/#breadcrumb\",\"itemListElement\":[{\"@type\":\"ListItem\",\"position\":1,\"name\":\"Accueil\",\"item\":\"https:\/\/fermelpe.com\/\"},{\"@type\":\"ListItem\",\"position\":2,\"name\":\"Boutique\",\"item\":\"https:\/\/fermelpe.com\/boutique\/\"},{\"@type\":\"ListItem\",\"position\":3,\"name\":\"Beurre dargousier\"}]},{\"@type\":\"WebSite\",\"@id\":\"https:\/\/fermelpe.com\/#website\",\"url\":\"https:\/\/fermelpe.com\/\",\"name\":\"Ferme Les Petites \u00c9cores\",\"description\":\"\u00c9veillez vos sens au vrai go\u00fbt\",\"publisher\":{\"@id\":\"https:\/\/fermelpe.com\/#organization\"},\"potentialAction\":[{\"@type\":\"SearchAction\",\"target\":{\"@type\":\"EntryPoint\",\"urlTemplate\":\"https:\/\/fermelpe.com\/?s={search_term_string}\"},\"query-input\":{\"@type\":\"PropertyValueSpecification\",\"valueRequired\":true,\"valueName\":\"search_term_string\"}}],\"inLanguage\":\"en-CA\"},{\"@type\":\"Organization\",\"@id\":\"https:\/\/fermelpe.com\/#organization\",\"name\":\"Ferme Les Petites \u00c9cores\",\"url\":\"https:\/\/fermelpe.com\/\",\"logo\":{\"@type\":\"ImageObject\",\"inLanguage\":\"en-CA\",\"@id\":\"https:\/\/fermelpe.com\/#\/schema\/logo\/image\/\",\"url\":\"https:\/\/i0.wp.com\/fermelpe.com\/wp-content\/uploads\/2022\/12\/Facebook-Logo.png?fit=180%2C180&ssl=1\",\"contentUrl\":\"https:\/\/i0.wp.com\/fermelpe.com\/wp-content\/uploads\/2022\/12\/Facebook-Logo.png?fit=180%2C180&ssl=1\",\"width\":180,\"height\":180,\"caption\":\"Ferme Les Petites \u00c9cores\"},\"image\":{\"@id\":\"https:\/\/fermelpe.com\/#\/schema\/logo\/image\/\"},\"sameAs\":[\"https:\/\/www.facebook.com\/fermelpe\",\"https:\/\/www.instagram.com\/flpecores\/\"]}]}<\/script>\n<!-- \/ Yoast SEO plugin. -->","yoast_head_json":{"title":"Sea buckthorn butter | Ferme les Petites \u00c9cores","robots":{"index":"index","follow":"follow","max-snippet":"max-snippet:-1","max-image-preview":"max-image-preview:large","max-video-preview":"max-video-preview:-1"},"canonical":"https:\/\/fermelpe.com\/en\/boutique\/beurre-dargousier\/","og_locale":"en_US","og_type":"article","og_title":"Beurre dargousier | Ferme Les Petites \u00c9cores","og_description":"Le beurre d'argousier est un doux m\u00e9lange de pomme et d'argousier. Sa texture ainsi que son go\u00fbt ne vous laisseront pas indiff\u00e9rent. C'est le produit id\u00e9al pour accompagner vos fromages, p\u00e2t\u00e9s, rillettes et d\u00e9jeuner. Il peut \u00e9galement servir pour faire des sauces les viandes.","og_url":"https:\/\/fermelpe.com\/en\/boutique\/beurre-dargousier\/","og_site_name":"Ferme Les Petites \u00c9cores","article_publisher":"https:\/\/www.facebook.com\/fermelpe","article_modified_time":"2026-03-06T23:28:12+00:00","og_image":[{"width":1165,"height":1165,"url":"https:\/\/fermelpe.com\/wp-content\/uploads\/2023\/01\/EDC21177-B51D-4709-8116-49D9A6EC1441_1_201_a.jpeg","type":"image\/jpeg"}],"schema":{"@context":"https:\/\/schema.org","@graph":[{"@type":"WebPage","@id":"https:\/\/fermelpe.com\/boutique\/beurre-dargousier\/","url":"https:\/\/fermelpe.com\/boutique\/beurre-dargousier\/","name":"Sea buckthorn butter | Ferme les Petites \u00c9cores","isPartOf":{"@id":"https:\/\/fermelpe.com\/#website"},"primaryImageOfPage":{"@id":"https:\/\/fermelpe.com\/boutique\/beurre-dargousier\/#primaryimage"},"image":{"@id":"https:\/\/fermelpe.com\/boutique\/beurre-dargousier\/#primaryimage"},"thumbnailUrl":"https:\/\/i0.wp.com\/fermelpe.com\/wp-content\/uploads\/2023\/01\/EDC21177-B51D-4709-8116-49D9A6EC1441_1_201_a.jpeg?fit=1165%2C1165&ssl=1","datePublished":"2023-01-14T19:12:38+00:00","dateModified":"2026-03-06T23:28:12+00:00","breadcrumb":{"@id":"https:\/\/fermelpe.com\/boutique\/beurre-dargousier\/#breadcrumb"},"inLanguage":"en-CA","potentialAction":[{"@type":"ReadAction","target":["https:\/\/fermelpe.com\/boutique\/beurre-dargousier\/"]}]},{"@type":"ImageObject","inLanguage":"en-CA","@id":"https:\/\/fermelpe.com\/boutique\/beurre-dargousier\/#primaryimage","url":"https:\/\/i0.wp.com\/fermelpe.com\/wp-content\/uploads\/2023\/01\/EDC21177-B51D-4709-8116-49D9A6EC1441_1_201_a.jpeg?fit=1165%2C1165&ssl=1","contentUrl":"https:\/\/i0.wp.com\/fermelpe.com\/wp-content\/uploads\/2023\/01\/EDC21177-B51D-4709-8116-49D9A6EC1441_1_201_a.jpeg?fit=1165%2C1165&ssl=1","width":1165,"height":1165},{"@type":"BreadcrumbList","@id":"https:\/\/fermelpe.com\/boutique\/beurre-dargousier\/#breadcrumb","itemListElement":[{"@type":"ListItem","position":1,"name":"Accueil","item":"https:\/\/fermelpe.com\/"},{"@type":"ListItem","position":2,"name":"Boutique","item":"https:\/\/fermelpe.com\/boutique\/"},{"@type":"ListItem","position":3,"name":"Beurre dargousier"}]},{"@type":"WebSite","@id":"https:\/\/fermelpe.com\/#website","url":"https:\/\/fermelpe.com\/","name":"Ferme Les Petites \u00c9cores","description":"Awaken your senses to true taste","publisher":{"@id":"https:\/\/fermelpe.com\/#organization"},"potentialAction":[{"@type":"SearchAction","target":{"@type":"EntryPoint","urlTemplate":"https:\/\/fermelpe.com\/?s={search_term_string}"},"query-input":{"@type":"PropertyValueSpecification","valueRequired":true,"valueName":"search_term_string"}}],"inLanguage":"en-CA"},{"@type":"Organization","@id":"https:\/\/fermelpe.com\/#organization","name":"Ferme Les Petites \u00c9cores","url":"https:\/\/fermelpe.com\/","logo":{"@type":"ImageObject","inLanguage":"en-CA","@id":"https:\/\/fermelpe.com\/#\/schema\/logo\/image\/","url":"https:\/\/i0.wp.com\/fermelpe.com\/wp-content\/uploads\/2022\/12\/Facebook-Logo.png?fit=180%2C180&ssl=1","contentUrl":"https:\/\/i0.wp.com\/fermelpe.com\/wp-content\/uploads\/2022\/12\/Facebook-Logo.png?fit=180%2C180&ssl=1","width":180,"height":180,"caption":"Ferme Les Petites \u00c9cores"},"image":{"@id":"https:\/\/fermelpe.com\/#\/schema\/logo\/image\/"},"sameAs":["https:\/\/www.facebook.com\/fermelpe","https:\/\/www.instagram.com\/flpecores\/"]}]}},"_links":{"self":[{"href":"https:\/\/fermelpe.com\/en\/wp-json\/wp\/v2\/product\/5514","targetHints":{"allow":["GET"]}}],"collection":[{"href":"https:\/\/fermelpe.com\/en\/wp-json\/wp\/v2\/product"}],"about":[{"href":"https:\/\/fermelpe.com\/en\/wp-json\/wp\/v2\/types\/product"}],"author":[{"embeddable":true,"href":"https:\/\/fermelpe.com\/en\/wp-json\/wp\/v2\/users\/1"}],"replies":[{"embeddable":true,"href":"https:\/\/fermelpe.com\/en\/wp-json\/wp\/v2\/comments?post=5514"}],"wp:featuredmedia":[{"embeddable":true,"href":"https:\/\/fermelpe.com\/en\/wp-json\/wp\/v2\/media\/6674"}],"wp:attachment":[{"href":"https:\/\/fermelpe.com\/en\/wp-json\/wp\/v2\/media?parent=5514"}],"wp:term":[{"taxonomy":"product_brand","embeddable":true,"href":"https:\/\/fermelpe.com\/en\/wp-json\/wp\/v2\/product_brand?post=5514"},{"taxonomy":"product_cat","embeddable":true,"href":"https:\/\/fermelpe.com\/en\/wp-json\/wp\/v2\/product_cat?post=5514"},{"taxonomy":"product_tag","embeddable":true,"href":"https:\/\/fermelpe.com\/en\/wp-json\/wp\/v2\/product_tag?post=5514"}],"curies":[{"name":"wp","href":"https:\/\/api.w.org\/{rel}","templated":true}]}}