{"id":5520,"date":"2023-01-14T19:12:39","date_gmt":"2023-01-14T19:12:39","guid":{"rendered":"https:\/\/fermelpe.com\/produit\/jus-100-pur-dargousier\/"},"modified":"2024-12-08T12:55:06","modified_gmt":"2024-12-08T16:55:06","slug":"jus-100-pur-dargousier","status":"publish","type":"product","link":"https:\/\/fermelpe.com\/en\/boutique\/jus-100-pur-dargousier\/","title":{"rendered":"100% Pure Sea Buckthorn Juice"},"content":{"rendered":"<p>Pure 100% sea buckthorn juice, extracted and bottled without preservatives and unpasteurized. Each tablespoon contains 100% vitamin C, in addition to all the other vitamins and Omega fatty acids naturally present in sea buckthorn.<\/p>\n<p>&nbsp;<\/p>\n<p>Ingredients: Sea buckthorn<\/p>\n<p>Uses: By the spoonful, as an appetizer, main course, dessert, sauce, or smoothie<\/p>\n<p>Storage: 3 weeks once thawed<\/p>","protected":false},"excerpt":{"rendered":"<p><a href=\"https:\/\/fermelpe.com\/en\/ou-trouver-nos-produits\/boutique-a-la-ferme\/\"><span style=\"text-decoration: underline;\">Horaire de la boutique \u00e0 la ferme<\/span><\/a><\/p>\n<p>Dans chaque cuill\u00e8re \u00e0 soupe, vous retrouverez 100% vitamine C en plus de toutes les autres vitamines et Omega pr\u00e9sent dans l&#8217;argousier.<\/p>\n<p><mark><strong>***Disponible \u00e0 la ferme uniquement.***<\/strong><\/mark><\/p>","protected":false},"author":1,"featured_media":7572,"comment_status":"open","ping_status":"closed","template":"","meta":{"wprm-recipe-roundup-name":"","wprm-recipe-roundup-description":"","wpupg_custom_link":[],"wpupg_custom_link_behaviour":[],"wpupg_custom_link_nofollow":[],"wpupg_custom_image":[],"wpupg_custom_image_id":[]},"product_brand":[],"product_cat":[131],"product_tag":[],"class_list":{"0":"post-5520","1":"product","2":"type-product","3":"status-publish","4":"has-post-thumbnail","6":"product_cat-argousier","8":"first","9":"outofstock","10":"purchasable","11":"product-type-variable"},"yoast_head":"<!-- This site is optimized with the Yoast SEO plugin v26.7 - https:\/\/yoast.com\/wordpress\/plugins\/seo\/ -->\n<title>Jus 100% pur d&#039;argousier | Ferme Les Petites \u00c9cores<\/title>\n<meta name=\"robots\" content=\"index, follow, max-snippet:-1, max-image-preview:large, max-video-preview:-1\" \/>\n<link rel=\"canonical\" href=\"https:\/\/fermelpe.com\/en\/boutique\/jus-100-pur-dargousier\/\" \/>\n<meta property=\"og:locale\" content=\"en_US\" \/>\n<meta property=\"og:type\" content=\"article\" \/>\n<meta property=\"og:title\" content=\"Jus 100% pur d&#039;argousier | Ferme Les Petites \u00c9cores\" \/>\n<meta property=\"og:description\" content=\"Horaire de la boutique \u00e0 la ferme  Dans chaque cuill\u00e8re \u00e0 soupe, vous retrouverez 100% vitamine C en plus de toutes les autres vitamines et Omega pr\u00e9sent dans l&#039;argousier.  ***Disponible \u00e0 la ferme uniquement.***\" \/>\n<meta property=\"og:url\" content=\"https:\/\/fermelpe.com\/en\/boutique\/jus-100-pur-dargousier\/\" \/>\n<meta property=\"og:site_name\" content=\"Ferme Les Petites \u00c9cores\" \/>\n<meta property=\"article:publisher\" content=\"https:\/\/www.facebook.com\/fermelpe\" \/>\n<meta property=\"article:modified_time\" content=\"2024-12-08T16:55:06+00:00\" \/>\n<meta property=\"og:image\" content=\"https:\/\/fermelpe.com\/wp-content\/uploads\/2023\/01\/72B03BCA-B6B3-4B01-9E79-D3B1073D0E2F_1_201_a.jpeg\" \/>\n\t<meta property=\"og:image:width\" content=\"1813\" \/>\n\t<meta property=\"og:image:height\" content=\"1813\" \/>\n\t<meta property=\"og:image:type\" content=\"image\/jpeg\" \/>\n<script type=\"application\/ld+json\" class=\"yoast-schema-graph\">{\"@context\":\"https:\/\/schema.org\",\"@graph\":[{\"@type\":\"WebPage\",\"@id\":\"https:\/\/fermelpe.com\/boutique\/jus-100-pur-dargousier\/\",\"url\":\"https:\/\/fermelpe.com\/boutique\/jus-100-pur-dargousier\/\",\"name\":\"Jus 100% pur d'argousier | Ferme Les Petites \u00c9cores\",\"isPartOf\":{\"@id\":\"https:\/\/fermelpe.com\/#website\"},\"primaryImageOfPage\":{\"@id\":\"https:\/\/fermelpe.com\/boutique\/jus-100-pur-dargousier\/#primaryimage\"},\"image\":{\"@id\":\"https:\/\/fermelpe.com\/boutique\/jus-100-pur-dargousier\/#primaryimage\"},\"thumbnailUrl\":\"https:\/\/i0.wp.com\/fermelpe.com\/wp-content\/uploads\/2023\/01\/72B03BCA-B6B3-4B01-9E79-D3B1073D0E2F_1_201_a.jpeg?fit=1813%2C1813&ssl=1\",\"datePublished\":\"2023-01-14T19:12:39+00:00\",\"dateModified\":\"2024-12-08T16:55:06+00:00\",\"breadcrumb\":{\"@id\":\"https:\/\/fermelpe.com\/boutique\/jus-100-pur-dargousier\/#breadcrumb\"},\"inLanguage\":\"en-CA\",\"potentialAction\":[{\"@type\":\"ReadAction\",\"target\":[\"https:\/\/fermelpe.com\/boutique\/jus-100-pur-dargousier\/\"]}]},{\"@type\":\"ImageObject\",\"inLanguage\":\"en-CA\",\"@id\":\"https:\/\/fermelpe.com\/boutique\/jus-100-pur-dargousier\/#primaryimage\",\"url\":\"https:\/\/i0.wp.com\/fermelpe.com\/wp-content\/uploads\/2023\/01\/72B03BCA-B6B3-4B01-9E79-D3B1073D0E2F_1_201_a.jpeg?fit=1813%2C1813&ssl=1\",\"contentUrl\":\"https:\/\/i0.wp.com\/fermelpe.com\/wp-content\/uploads\/2023\/01\/72B03BCA-B6B3-4B01-9E79-D3B1073D0E2F_1_201_a.jpeg?fit=1813%2C1813&ssl=1\",\"width\":1813,\"height\":1813},{\"@type\":\"BreadcrumbList\",\"@id\":\"https:\/\/fermelpe.com\/boutique\/jus-100-pur-dargousier\/#breadcrumb\",\"itemListElement\":[{\"@type\":\"ListItem\",\"position\":1,\"name\":\"Accueil\",\"item\":\"https:\/\/fermelpe.com\/\"},{\"@type\":\"ListItem\",\"position\":2,\"name\":\"Boutique\",\"item\":\"https:\/\/fermelpe.com\/boutique\/\"},{\"@type\":\"ListItem\",\"position\":3,\"name\":\"Jus 100% pur d&#8217;argousier\"}]},{\"@type\":\"WebSite\",\"@id\":\"https:\/\/fermelpe.com\/#website\",\"url\":\"https:\/\/fermelpe.com\/\",\"name\":\"Ferme Les Petites \u00c9cores\",\"description\":\"\u00c9veillez vos sens au vrai go\u00fbt\",\"publisher\":{\"@id\":\"https:\/\/fermelpe.com\/#organization\"},\"potentialAction\":[{\"@type\":\"SearchAction\",\"target\":{\"@type\":\"EntryPoint\",\"urlTemplate\":\"https:\/\/fermelpe.com\/?s={search_term_string}\"},\"query-input\":{\"@type\":\"PropertyValueSpecification\",\"valueRequired\":true,\"valueName\":\"search_term_string\"}}],\"inLanguage\":\"en-CA\"},{\"@type\":\"Organization\",\"@id\":\"https:\/\/fermelpe.com\/#organization\",\"name\":\"Ferme Les Petites \u00c9cores\",\"url\":\"https:\/\/fermelpe.com\/\",\"logo\":{\"@type\":\"ImageObject\",\"inLanguage\":\"en-CA\",\"@id\":\"https:\/\/fermelpe.com\/#\/schema\/logo\/image\/\",\"url\":\"https:\/\/i0.wp.com\/fermelpe.com\/wp-content\/uploads\/2022\/12\/Facebook-Logo.png?fit=180%2C180&ssl=1\",\"contentUrl\":\"https:\/\/i0.wp.com\/fermelpe.com\/wp-content\/uploads\/2022\/12\/Facebook-Logo.png?fit=180%2C180&ssl=1\",\"width\":180,\"height\":180,\"caption\":\"Ferme Les Petites \u00c9cores\"},\"image\":{\"@id\":\"https:\/\/fermelpe.com\/#\/schema\/logo\/image\/\"},\"sameAs\":[\"https:\/\/www.facebook.com\/fermelpe\",\"https:\/\/www.instagram.com\/flpecores\/\"]}]}<\/script>\n<!-- \/ Yoast SEO plugin. -->","yoast_head_json":{"title":"100% Pure Sea Buckthorn Juice | Ferme les Petites \u00c9cores","robots":{"index":"index","follow":"follow","max-snippet":"max-snippet:-1","max-image-preview":"max-image-preview:large","max-video-preview":"max-video-preview:-1"},"canonical":"https:\/\/fermelpe.com\/en\/boutique\/jus-100-pur-dargousier\/","og_locale":"en_US","og_type":"article","og_title":"Jus 100% pur d'argousier | Ferme Les Petites \u00c9cores","og_description":"Horaire de la boutique \u00e0 la ferme  Dans chaque cuill\u00e8re \u00e0 soupe, vous retrouverez 100% vitamine C en plus de toutes les autres vitamines et Omega pr\u00e9sent dans l'argousier.  ***Disponible \u00e0 la ferme uniquement.***","og_url":"https:\/\/fermelpe.com\/en\/boutique\/jus-100-pur-dargousier\/","og_site_name":"Ferme Les Petites \u00c9cores","article_publisher":"https:\/\/www.facebook.com\/fermelpe","article_modified_time":"2024-12-08T16:55:06+00:00","og_image":[{"width":1813,"height":1813,"url":"https:\/\/fermelpe.com\/wp-content\/uploads\/2023\/01\/72B03BCA-B6B3-4B01-9E79-D3B1073D0E2F_1_201_a.jpeg","type":"image\/jpeg"}],"schema":{"@context":"https:\/\/schema.org","@graph":[{"@type":"WebPage","@id":"https:\/\/fermelpe.com\/boutique\/jus-100-pur-dargousier\/","url":"https:\/\/fermelpe.com\/boutique\/jus-100-pur-dargousier\/","name":"100% Pure Sea Buckthorn Juice | Ferme les Petites \u00c9cores","isPartOf":{"@id":"https:\/\/fermelpe.com\/#website"},"primaryImageOfPage":{"@id":"https:\/\/fermelpe.com\/boutique\/jus-100-pur-dargousier\/#primaryimage"},"image":{"@id":"https:\/\/fermelpe.com\/boutique\/jus-100-pur-dargousier\/#primaryimage"},"thumbnailUrl":"https:\/\/i0.wp.com\/fermelpe.com\/wp-content\/uploads\/2023\/01\/72B03BCA-B6B3-4B01-9E79-D3B1073D0E2F_1_201_a.jpeg?fit=1813%2C1813&ssl=1","datePublished":"2023-01-14T19:12:39+00:00","dateModified":"2024-12-08T16:55:06+00:00","breadcrumb":{"@id":"https:\/\/fermelpe.com\/boutique\/jus-100-pur-dargousier\/#breadcrumb"},"inLanguage":"en-CA","potentialAction":[{"@type":"ReadAction","target":["https:\/\/fermelpe.com\/boutique\/jus-100-pur-dargousier\/"]}]},{"@type":"ImageObject","inLanguage":"en-CA","@id":"https:\/\/fermelpe.com\/boutique\/jus-100-pur-dargousier\/#primaryimage","url":"https:\/\/i0.wp.com\/fermelpe.com\/wp-content\/uploads\/2023\/01\/72B03BCA-B6B3-4B01-9E79-D3B1073D0E2F_1_201_a.jpeg?fit=1813%2C1813&ssl=1","contentUrl":"https:\/\/i0.wp.com\/fermelpe.com\/wp-content\/uploads\/2023\/01\/72B03BCA-B6B3-4B01-9E79-D3B1073D0E2F_1_201_a.jpeg?fit=1813%2C1813&ssl=1","width":1813,"height":1813},{"@type":"BreadcrumbList","@id":"https:\/\/fermelpe.com\/boutique\/jus-100-pur-dargousier\/#breadcrumb","itemListElement":[{"@type":"ListItem","position":1,"name":"Accueil","item":"https:\/\/fermelpe.com\/"},{"@type":"ListItem","position":2,"name":"Boutique","item":"https:\/\/fermelpe.com\/boutique\/"},{"@type":"ListItem","position":3,"name":"Jus 100% pur d&#8217;argousier"}]},{"@type":"WebSite","@id":"https:\/\/fermelpe.com\/#website","url":"https:\/\/fermelpe.com\/","name":"Ferme Les Petites \u00c9cores","description":"Awaken your senses to true taste","publisher":{"@id":"https:\/\/fermelpe.com\/#organization"},"potentialAction":[{"@type":"SearchAction","target":{"@type":"EntryPoint","urlTemplate":"https:\/\/fermelpe.com\/?s={search_term_string}"},"query-input":{"@type":"PropertyValueSpecification","valueRequired":true,"valueName":"search_term_string"}}],"inLanguage":"en-CA"},{"@type":"Organization","@id":"https:\/\/fermelpe.com\/#organization","name":"Ferme Les Petites \u00c9cores","url":"https:\/\/fermelpe.com\/","logo":{"@type":"ImageObject","inLanguage":"en-CA","@id":"https:\/\/fermelpe.com\/#\/schema\/logo\/image\/","url":"https:\/\/i0.wp.com\/fermelpe.com\/wp-content\/uploads\/2022\/12\/Facebook-Logo.png?fit=180%2C180&ssl=1","contentUrl":"https:\/\/i0.wp.com\/fermelpe.com\/wp-content\/uploads\/2022\/12\/Facebook-Logo.png?fit=180%2C180&ssl=1","width":180,"height":180,"caption":"Ferme Les Petites \u00c9cores"},"image":{"@id":"https:\/\/fermelpe.com\/#\/schema\/logo\/image\/"},"sameAs":["https:\/\/www.facebook.com\/fermelpe","https:\/\/www.instagram.com\/flpecores\/"]}]}},"_links":{"self":[{"href":"https:\/\/fermelpe.com\/en\/wp-json\/wp\/v2\/product\/5520","targetHints":{"allow":["GET"]}}],"collection":[{"href":"https:\/\/fermelpe.com\/en\/wp-json\/wp\/v2\/product"}],"about":[{"href":"https:\/\/fermelpe.com\/en\/wp-json\/wp\/v2\/types\/product"}],"author":[{"embeddable":true,"href":"https:\/\/fermelpe.com\/en\/wp-json\/wp\/v2\/users\/1"}],"replies":[{"embeddable":true,"href":"https:\/\/fermelpe.com\/en\/wp-json\/wp\/v2\/comments?post=5520"}],"wp:featuredmedia":[{"embeddable":true,"href":"https:\/\/fermelpe.com\/en\/wp-json\/wp\/v2\/media\/7572"}],"wp:attachment":[{"href":"https:\/\/fermelpe.com\/en\/wp-json\/wp\/v2\/media?parent=5520"}],"wp:term":[{"taxonomy":"product_brand","embeddable":true,"href":"https:\/\/fermelpe.com\/en\/wp-json\/wp\/v2\/product_brand?post=5520"},{"taxonomy":"product_cat","embeddable":true,"href":"https:\/\/fermelpe.com\/en\/wp-json\/wp\/v2\/product_cat?post=5520"},{"taxonomy":"product_tag","embeddable":true,"href":"https:\/\/fermelpe.com\/en\/wp-json\/wp\/v2\/product_tag?post=5520"}],"curies":[{"name":"wp","href":"https:\/\/api.w.org\/{rel}","templated":true}]}}