{"id":5535,"date":"2023-01-14T19:12:43","date_gmt":"2023-01-14T19:12:43","guid":{"rendered":"https:\/\/fermelpe.com\/produit\/visite-a-la-ferme-3x\/"},"modified":"2026-03-25T11:32:17","modified_gmt":"2026-03-25T15:32:17","slug":"visite-a-la-ferme-3x","status":"publish","type":"product","link":"https:\/\/fermelpe.com\/en\/boutique\/visite-a-la-ferme-3x\/","title":{"rendered":"Visit to the farm"},"content":{"rendered":"<p>Plan a visit to the farm with family or friends and explore our enchanting setting with the owners. During the 3x farm visit, you will tour our three production areas. Are you ready to visit the vegetable gardens, our beehives, and the sea buckthorn plantation?<\/p>\n<p>&nbsp;<\/p>\n<p>Tour duration: 40 to 60 minutes<\/p>","protected":false},"excerpt":{"rendered":"<p>Planifier une visite \u00e0 la ferme en famille ou avec des amis et explorez notre d\u00e9cor enchanteur en compagnie des propri\u00e9taires. Lors de la visite \u00e0 la ferme 3x, vous serez amen\u00e9 \u00e0 visiter nos trois productions. \u00cates-vous pr\u00eat \u00e0 visiter les jardins mara\u00eechers, nos ruches et la plantation d&#8217;argousier ? &nbsp; Dur\u00e9e de la [&hellip;]<\/p>","protected":false},"author":1,"featured_media":8278,"comment_status":"open","ping_status":"closed","template":"","meta":{"wprm-recipe-roundup-name":"","wprm-recipe-roundup-description":"","wpupg_custom_link":[],"wpupg_custom_link_behaviour":[],"wpupg_custom_link_nofollow":[],"wpupg_custom_image":[],"wpupg_custom_image_id":[]},"product_brand":[],"product_cat":[132],"product_tag":[],"class_list":{"0":"post-5535","1":"product","2":"type-product","3":"status-publish","4":"has-post-thumbnail","6":"product_cat-activites","8":"first","9":"instock","10":"taxable","11":"shipping-taxable","12":"purchasable","13":"product-type-variable"},"yoast_head":"<!-- This site is optimized with the Yoast SEO plugin v26.7 - https:\/\/yoast.com\/wordpress\/plugins\/seo\/ -->\n<title>Visite \u00e0 la ferme | Ferme Les Petites \u00c9cores<\/title>\n<meta name=\"robots\" content=\"index, follow, max-snippet:-1, max-image-preview:large, max-video-preview:-1\" \/>\n<link rel=\"canonical\" href=\"https:\/\/fermelpe.com\/en\/boutique\/visite-a-la-ferme-3x\/\" \/>\n<meta property=\"og:locale\" content=\"en_US\" \/>\n<meta property=\"og:type\" content=\"article\" \/>\n<meta property=\"og:title\" content=\"Visite \u00e0 la ferme | Ferme Les Petites \u00c9cores\" \/>\n<meta property=\"og:description\" content=\"Planifier une visite \u00e0 la ferme en famille ou avec des amis et explorez notre d\u00e9cor enchanteur en compagnie des propri\u00e9taires. Lors de la visite \u00e0 la ferme 3x, vous serez amen\u00e9 \u00e0 visiter nos trois productions. \u00cates-vous pr\u00eat \u00e0 visiter les jardins mara\u00eechers, nos ruches et la plantation d&#8217;argousier ? &nbsp; Dur\u00e9e de la [&hellip;]\" \/>\n<meta property=\"og:url\" content=\"https:\/\/fermelpe.com\/en\/boutique\/visite-a-la-ferme-3x\/\" \/>\n<meta property=\"og:site_name\" content=\"Ferme Les Petites \u00c9cores\" \/>\n<meta property=\"article:publisher\" content=\"https:\/\/www.facebook.com\/fermelpe\" \/>\n<meta property=\"article:modified_time\" content=\"2026-03-25T15:32:17+00:00\" \/>\n<meta property=\"og:image\" content=\"https:\/\/fermelpe.com\/wp-content\/uploads\/2019\/05\/Visite-de-largouseraie-large-1.jpg\" \/>\n\t<meta property=\"og:image:width\" content=\"1331\" \/>\n\t<meta property=\"og:image:height\" content=\"1080\" \/>\n\t<meta property=\"og:image:type\" content=\"image\/jpeg\" \/>\n<script type=\"application\/ld+json\" class=\"yoast-schema-graph\">{\"@context\":\"https:\/\/schema.org\",\"@graph\":[{\"@type\":\"WebPage\",\"@id\":\"https:\/\/fermelpe.com\/boutique\/visite-a-la-ferme-3x\/\",\"url\":\"https:\/\/fermelpe.com\/boutique\/visite-a-la-ferme-3x\/\",\"name\":\"Visite \u00e0 la ferme | Ferme Les Petites \u00c9cores\",\"isPartOf\":{\"@id\":\"https:\/\/fermelpe.com\/#website\"},\"primaryImageOfPage\":{\"@id\":\"https:\/\/fermelpe.com\/boutique\/visite-a-la-ferme-3x\/#primaryimage\"},\"image\":{\"@id\":\"https:\/\/fermelpe.com\/boutique\/visite-a-la-ferme-3x\/#primaryimage\"},\"thumbnailUrl\":\"https:\/\/i0.wp.com\/fermelpe.com\/wp-content\/uploads\/2019\/05\/Visite-de-largouseraie-large-1.jpg?fit=1331%2C1080&ssl=1\",\"datePublished\":\"2023-01-14T19:12:43+00:00\",\"dateModified\":\"2026-03-25T15:32:17+00:00\",\"breadcrumb\":{\"@id\":\"https:\/\/fermelpe.com\/boutique\/visite-a-la-ferme-3x\/#breadcrumb\"},\"inLanguage\":\"en-CA\",\"potentialAction\":[{\"@type\":\"ReadAction\",\"target\":[\"https:\/\/fermelpe.com\/boutique\/visite-a-la-ferme-3x\/\"]}]},{\"@type\":\"ImageObject\",\"inLanguage\":\"en-CA\",\"@id\":\"https:\/\/fermelpe.com\/boutique\/visite-a-la-ferme-3x\/#primaryimage\",\"url\":\"https:\/\/i0.wp.com\/fermelpe.com\/wp-content\/uploads\/2019\/05\/Visite-de-largouseraie-large-1.jpg?fit=1331%2C1080&ssl=1\",\"contentUrl\":\"https:\/\/i0.wp.com\/fermelpe.com\/wp-content\/uploads\/2019\/05\/Visite-de-largouseraie-large-1.jpg?fit=1331%2C1080&ssl=1\",\"width\":1331,\"height\":1080},{\"@type\":\"BreadcrumbList\",\"@id\":\"https:\/\/fermelpe.com\/boutique\/visite-a-la-ferme-3x\/#breadcrumb\",\"itemListElement\":[{\"@type\":\"ListItem\",\"position\":1,\"name\":\"Accueil\",\"item\":\"https:\/\/fermelpe.com\/\"},{\"@type\":\"ListItem\",\"position\":2,\"name\":\"Boutique\",\"item\":\"https:\/\/fermelpe.com\/boutique\/\"},{\"@type\":\"ListItem\",\"position\":3,\"name\":\"Visite \u00e0 la ferme\"}]},{\"@type\":\"WebSite\",\"@id\":\"https:\/\/fermelpe.com\/#website\",\"url\":\"https:\/\/fermelpe.com\/\",\"name\":\"Ferme Les Petites \u00c9cores\",\"description\":\"\u00c9veillez vos sens au vrai go\u00fbt\",\"publisher\":{\"@id\":\"https:\/\/fermelpe.com\/#organization\"},\"potentialAction\":[{\"@type\":\"SearchAction\",\"target\":{\"@type\":\"EntryPoint\",\"urlTemplate\":\"https:\/\/fermelpe.com\/?s={search_term_string}\"},\"query-input\":{\"@type\":\"PropertyValueSpecification\",\"valueRequired\":true,\"valueName\":\"search_term_string\"}}],\"inLanguage\":\"en-CA\"},{\"@type\":\"Organization\",\"@id\":\"https:\/\/fermelpe.com\/#organization\",\"name\":\"Ferme Les Petites \u00c9cores\",\"url\":\"https:\/\/fermelpe.com\/\",\"logo\":{\"@type\":\"ImageObject\",\"inLanguage\":\"en-CA\",\"@id\":\"https:\/\/fermelpe.com\/#\/schema\/logo\/image\/\",\"url\":\"https:\/\/i0.wp.com\/fermelpe.com\/wp-content\/uploads\/2022\/12\/Facebook-Logo.png?fit=180%2C180&ssl=1\",\"contentUrl\":\"https:\/\/i0.wp.com\/fermelpe.com\/wp-content\/uploads\/2022\/12\/Facebook-Logo.png?fit=180%2C180&ssl=1\",\"width\":180,\"height\":180,\"caption\":\"Ferme Les Petites \u00c9cores\"},\"image\":{\"@id\":\"https:\/\/fermelpe.com\/#\/schema\/logo\/image\/\"},\"sameAs\":[\"https:\/\/www.facebook.com\/fermelpe\",\"https:\/\/www.instagram.com\/flpecores\/\"]}]}<\/script>\n<!-- \/ Yoast SEO plugin. -->","yoast_head_json":{"title":"Visite \u00e0 la ferme | Ferme Les Petites \u00c9cores","robots":{"index":"index","follow":"follow","max-snippet":"max-snippet:-1","max-image-preview":"max-image-preview:large","max-video-preview":"max-video-preview:-1"},"canonical":"https:\/\/fermelpe.com\/en\/boutique\/visite-a-la-ferme-3x\/","og_locale":"en_US","og_type":"article","og_title":"Visite \u00e0 la ferme | Ferme Les Petites \u00c9cores","og_description":"Planifier une visite \u00e0 la ferme en famille ou avec des amis et explorez notre d\u00e9cor enchanteur en compagnie des propri\u00e9taires. Lors de la visite \u00e0 la ferme 3x, vous serez amen\u00e9 \u00e0 visiter nos trois productions. \u00cates-vous pr\u00eat \u00e0 visiter les jardins mara\u00eechers, nos ruches et la plantation d&#8217;argousier ? &nbsp; Dur\u00e9e de la [&hellip;]","og_url":"https:\/\/fermelpe.com\/en\/boutique\/visite-a-la-ferme-3x\/","og_site_name":"Ferme Les Petites \u00c9cores","article_publisher":"https:\/\/www.facebook.com\/fermelpe","article_modified_time":"2026-03-25T15:32:17+00:00","og_image":[{"width":1331,"height":1080,"url":"https:\/\/fermelpe.com\/wp-content\/uploads\/2019\/05\/Visite-de-largouseraie-large-1.jpg","type":"image\/jpeg"}],"schema":{"@context":"https:\/\/schema.org","@graph":[{"@type":"WebPage","@id":"https:\/\/fermelpe.com\/boutique\/visite-a-la-ferme-3x\/","url":"https:\/\/fermelpe.com\/boutique\/visite-a-la-ferme-3x\/","name":"Visite \u00e0 la ferme | Ferme Les Petites \u00c9cores","isPartOf":{"@id":"https:\/\/fermelpe.com\/#website"},"primaryImageOfPage":{"@id":"https:\/\/fermelpe.com\/boutique\/visite-a-la-ferme-3x\/#primaryimage"},"image":{"@id":"https:\/\/fermelpe.com\/boutique\/visite-a-la-ferme-3x\/#primaryimage"},"thumbnailUrl":"https:\/\/i0.wp.com\/fermelpe.com\/wp-content\/uploads\/2019\/05\/Visite-de-largouseraie-large-1.jpg?fit=1331%2C1080&ssl=1","datePublished":"2023-01-14T19:12:43+00:00","dateModified":"2026-03-25T15:32:17+00:00","breadcrumb":{"@id":"https:\/\/fermelpe.com\/boutique\/visite-a-la-ferme-3x\/#breadcrumb"},"inLanguage":"en-CA","potentialAction":[{"@type":"ReadAction","target":["https:\/\/fermelpe.com\/boutique\/visite-a-la-ferme-3x\/"]}]},{"@type":"ImageObject","inLanguage":"en-CA","@id":"https:\/\/fermelpe.com\/boutique\/visite-a-la-ferme-3x\/#primaryimage","url":"https:\/\/i0.wp.com\/fermelpe.com\/wp-content\/uploads\/2019\/05\/Visite-de-largouseraie-large-1.jpg?fit=1331%2C1080&ssl=1","contentUrl":"https:\/\/i0.wp.com\/fermelpe.com\/wp-content\/uploads\/2019\/05\/Visite-de-largouseraie-large-1.jpg?fit=1331%2C1080&ssl=1","width":1331,"height":1080},{"@type":"BreadcrumbList","@id":"https:\/\/fermelpe.com\/boutique\/visite-a-la-ferme-3x\/#breadcrumb","itemListElement":[{"@type":"ListItem","position":1,"name":"Accueil","item":"https:\/\/fermelpe.com\/"},{"@type":"ListItem","position":2,"name":"Boutique","item":"https:\/\/fermelpe.com\/boutique\/"},{"@type":"ListItem","position":3,"name":"Visite \u00e0 la ferme"}]},{"@type":"WebSite","@id":"https:\/\/fermelpe.com\/#website","url":"https:\/\/fermelpe.com\/","name":"Ferme Les Petites \u00c9cores","description":"Awaken your senses to true taste","publisher":{"@id":"https:\/\/fermelpe.com\/#organization"},"potentialAction":[{"@type":"SearchAction","target":{"@type":"EntryPoint","urlTemplate":"https:\/\/fermelpe.com\/?s={search_term_string}"},"query-input":{"@type":"PropertyValueSpecification","valueRequired":true,"valueName":"search_term_string"}}],"inLanguage":"en-CA"},{"@type":"Organization","@id":"https:\/\/fermelpe.com\/#organization","name":"Ferme Les Petites \u00c9cores","url":"https:\/\/fermelpe.com\/","logo":{"@type":"ImageObject","inLanguage":"en-CA","@id":"https:\/\/fermelpe.com\/#\/schema\/logo\/image\/","url":"https:\/\/i0.wp.com\/fermelpe.com\/wp-content\/uploads\/2022\/12\/Facebook-Logo.png?fit=180%2C180&ssl=1","contentUrl":"https:\/\/i0.wp.com\/fermelpe.com\/wp-content\/uploads\/2022\/12\/Facebook-Logo.png?fit=180%2C180&ssl=1","width":180,"height":180,"caption":"Ferme Les Petites \u00c9cores"},"image":{"@id":"https:\/\/fermelpe.com\/#\/schema\/logo\/image\/"},"sameAs":["https:\/\/www.facebook.com\/fermelpe","https:\/\/www.instagram.com\/flpecores\/"]}]}},"_links":{"self":[{"href":"https:\/\/fermelpe.com\/en\/wp-json\/wp\/v2\/product\/5535","targetHints":{"allow":["GET"]}}],"collection":[{"href":"https:\/\/fermelpe.com\/en\/wp-json\/wp\/v2\/product"}],"about":[{"href":"https:\/\/fermelpe.com\/en\/wp-json\/wp\/v2\/types\/product"}],"author":[{"embeddable":true,"href":"https:\/\/fermelpe.com\/en\/wp-json\/wp\/v2\/users\/1"}],"replies":[{"embeddable":true,"href":"https:\/\/fermelpe.com\/en\/wp-json\/wp\/v2\/comments?post=5535"}],"wp:featuredmedia":[{"embeddable":true,"href":"https:\/\/fermelpe.com\/en\/wp-json\/wp\/v2\/media\/8278"}],"wp:attachment":[{"href":"https:\/\/fermelpe.com\/en\/wp-json\/wp\/v2\/media?parent=5535"}],"wp:term":[{"taxonomy":"product_brand","embeddable":true,"href":"https:\/\/fermelpe.com\/en\/wp-json\/wp\/v2\/product_brand?post=5535"},{"taxonomy":"product_cat","embeddable":true,"href":"https:\/\/fermelpe.com\/en\/wp-json\/wp\/v2\/product_cat?post=5535"},{"taxonomy":"product_tag","embeddable":true,"href":"https:\/\/fermelpe.com\/en\/wp-json\/wp\/v2\/product_tag?post=5535"}],"curies":[{"name":"wp","href":"https:\/\/api.w.org\/{rel}","templated":true}]}}