{"id":5567,"date":"2023-01-14T19:13:05","date_gmt":"2023-01-14T19:13:05","guid":{"rendered":"https:\/\/fermelpe.com\/produit\/visite-apicole\/"},"modified":"2026-04-29T13:32:41","modified_gmt":"2026-04-29T17:32:41","slug":"visite-apicole","status":"publish","type":"product","link":"https:\/\/fermelpe.com\/en\/boutique\/visite-apicole\/","title":{"rendered":"Beekeeping+ tour"},"content":{"rendered":"<p>The Apicole+ tour is an extended VIP visit to our beehives. Lasting 1 hour and 20 minutes, compared to our regular 25-minute visits, it is suitable for those curious about bees as well as amateur beekeepers.<\/p>\n<p>First, you will see the different tools beekeepers use to work in the hives. Next, we will show you the process for creating new hives. Finally, we will take you to visit our hives to discover the fascinating world of bees and to try your hand at creating a new hive.<\/p>\n<p><strong><em>Date<\/em> <\/strong><\/p>\n<p><strong>June 21, 2026, 2:00 PM<\/strong><\/p>\n<p><strong>July 12, 2026, 2:00 PM<\/strong><\/p>\n<p><strong>August 9, 2026, 2:00 PM<\/strong><\/p>\n<p>On June 21st and August 9th, precede your visit with the...\u2019<a href=\"https:\/\/fermelpe.com\/en\/activites\/table-champetre\/cabane-a-miel-table-champetre\/\">Honey House Experience<\/a>, our country-style table! Enough to have a very sweet day on the menu.<\/p>","protected":false},"excerpt":{"rendered":"<p><strong>Les dates pour 2026 seront annonc\u00e9es en mars 2026. Suivez-nous sur nos r\u00e9seaux sociaux ou inscrivez-vous \u00e0 notre infolettre pour connaitre les dates en primeur !<\/strong><\/p>\n<p>The Apicole+ tour is an extended VIP visit to our beehives. Lasting 1 hour and 20 minutes, compared to our regular 25-minute visits, it is suitable for those curious about bees as well as amateur beekeepers.<\/p>\n<p><strong><em>Date<\/em> <\/strong><\/p>\n<p><strong>June 8, 2025 2:00 p.m.<\/strong><\/p>\n<p><strong>July 6, 2025 2:00 p.m.<\/strong><\/p>","protected":false},"author":1,"featured_media":87,"comment_status":"open","ping_status":"closed","template":"","meta":{"wprm-recipe-roundup-name":"","wprm-recipe-roundup-description":"","wpupg_custom_link":[],"wpupg_custom_link_behaviour":[],"wpupg_custom_link_nofollow":[],"wpupg_custom_image":[],"wpupg_custom_image_id":[]},"product_brand":[],"product_cat":[132],"product_tag":[],"class_list":{"0":"post-5567","1":"product","2":"type-product","3":"status-publish","4":"has-post-thumbnail","6":"wc_square_synced-yes","7":"product_cat-activites","9":"first","10":"instock","11":"taxable","12":"shipping-taxable","13":"purchasable","14":"product-type-variable"},"yoast_head":"<!-- This site is optimized with the Yoast SEO plugin v26.7 - https:\/\/yoast.com\/wordpress\/plugins\/seo\/ -->\n<title>Visite apicole+ | Ferme Les Petites \u00c9cores<\/title>\n<meta name=\"robots\" content=\"index, follow, max-snippet:-1, max-image-preview:large, max-video-preview:-1\" \/>\n<link rel=\"canonical\" href=\"https:\/\/fermelpe.com\/en\/boutique\/visite-apicole\/\" \/>\n<meta property=\"og:locale\" content=\"en_US\" \/>\n<meta property=\"og:type\" content=\"article\" \/>\n<meta property=\"og:title\" content=\"Visite apicole+ | Ferme Les Petites \u00c9cores\" \/>\n<meta property=\"og:description\" content=\"Les dates pour 2026 seront annonc\u00e9es en mars 2026. Suivez-nous sur nos r\u00e9seaux sociaux ou inscrivez-vous \u00e0 notre infolettre pour connaitre les dates en primeur !  La visite Apicole+ est une visite VIP prolong\u00e9e de nos ruches. D\u2019une dur\u00e9e de 1h20 versus nos visites r\u00e9guli\u00e8res de 25 minutes, la visite est adapt\u00e9e aux curieux des abeilles ainsi qu&#039;aux apiculteurs amateurs.  Date   8 juin 2025 14h00  6 juillet 2025 14h00\" \/>\n<meta property=\"og:url\" content=\"https:\/\/fermelpe.com\/en\/boutique\/visite-apicole\/\" \/>\n<meta property=\"og:site_name\" content=\"Ferme Les Petites \u00c9cores\" \/>\n<meta property=\"article:publisher\" content=\"https:\/\/www.facebook.com\/fermelpe\" \/>\n<meta property=\"article:modified_time\" content=\"2026-04-29T17:32:41+00:00\" \/>\n<meta property=\"og:image\" content=\"https:\/\/fermelpe.com\/wp-content\/uploads\/2022\/12\/Visite-apicole-a-la-ferme--rotated-e1677768847812.jpg\" \/>\n\t<meta property=\"og:image:width\" content=\"480\" \/>\n\t<meta property=\"og:image:height\" content=\"480\" \/>\n\t<meta property=\"og:image:type\" content=\"image\/jpeg\" \/>\n<script type=\"application\/ld+json\" class=\"yoast-schema-graph\">{\"@context\":\"https:\/\/schema.org\",\"@graph\":[{\"@type\":\"WebPage\",\"@id\":\"https:\/\/fermelpe.com\/boutique\/visite-apicole\/\",\"url\":\"https:\/\/fermelpe.com\/boutique\/visite-apicole\/\",\"name\":\"Visite apicole+ | Ferme Les Petites \u00c9cores\",\"isPartOf\":{\"@id\":\"https:\/\/fermelpe.com\/#website\"},\"primaryImageOfPage\":{\"@id\":\"https:\/\/fermelpe.com\/boutique\/visite-apicole\/#primaryimage\"},\"image\":{\"@id\":\"https:\/\/fermelpe.com\/boutique\/visite-apicole\/#primaryimage\"},\"thumbnailUrl\":\"https:\/\/i0.wp.com\/fermelpe.com\/wp-content\/uploads\/2022\/12\/Visite-apicole-a-la-ferme--rotated-e1677768847812.jpg?fit=480%2C480&ssl=1\",\"datePublished\":\"2023-01-14T19:13:05+00:00\",\"dateModified\":\"2026-04-29T17:32:41+00:00\",\"breadcrumb\":{\"@id\":\"https:\/\/fermelpe.com\/boutique\/visite-apicole\/#breadcrumb\"},\"inLanguage\":\"en-CA\",\"potentialAction\":[{\"@type\":\"ReadAction\",\"target\":[\"https:\/\/fermelpe.com\/boutique\/visite-apicole\/\"]}]},{\"@type\":\"ImageObject\",\"inLanguage\":\"en-CA\",\"@id\":\"https:\/\/fermelpe.com\/boutique\/visite-apicole\/#primaryimage\",\"url\":\"https:\/\/i0.wp.com\/fermelpe.com\/wp-content\/uploads\/2022\/12\/Visite-apicole-a-la-ferme--rotated-e1677768847812.jpg?fit=480%2C480&ssl=1\",\"contentUrl\":\"https:\/\/i0.wp.com\/fermelpe.com\/wp-content\/uploads\/2022\/12\/Visite-apicole-a-la-ferme--rotated-e1677768847812.jpg?fit=480%2C480&ssl=1\",\"width\":480,\"height\":480,\"caption\":\"Ouverture d'une ruche avec interpr\u00e9tation.\"},{\"@type\":\"BreadcrumbList\",\"@id\":\"https:\/\/fermelpe.com\/boutique\/visite-apicole\/#breadcrumb\",\"itemListElement\":[{\"@type\":\"ListItem\",\"position\":1,\"name\":\"Accueil\",\"item\":\"https:\/\/fermelpe.com\/\"},{\"@type\":\"ListItem\",\"position\":2,\"name\":\"Boutique\",\"item\":\"https:\/\/fermelpe.com\/boutique\/\"},{\"@type\":\"ListItem\",\"position\":3,\"name\":\"Visite apicole+\"}]},{\"@type\":\"WebSite\",\"@id\":\"https:\/\/fermelpe.com\/#website\",\"url\":\"https:\/\/fermelpe.com\/\",\"name\":\"Ferme Les Petites \u00c9cores\",\"description\":\"\u00c9veillez vos sens au vrai go\u00fbt\",\"publisher\":{\"@id\":\"https:\/\/fermelpe.com\/#organization\"},\"potentialAction\":[{\"@type\":\"SearchAction\",\"target\":{\"@type\":\"EntryPoint\",\"urlTemplate\":\"https:\/\/fermelpe.com\/?s={search_term_string}\"},\"query-input\":{\"@type\":\"PropertyValueSpecification\",\"valueRequired\":true,\"valueName\":\"search_term_string\"}}],\"inLanguage\":\"en-CA\"},{\"@type\":\"Organization\",\"@id\":\"https:\/\/fermelpe.com\/#organization\",\"name\":\"Ferme Les Petites \u00c9cores\",\"url\":\"https:\/\/fermelpe.com\/\",\"logo\":{\"@type\":\"ImageObject\",\"inLanguage\":\"en-CA\",\"@id\":\"https:\/\/fermelpe.com\/#\/schema\/logo\/image\/\",\"url\":\"https:\/\/i0.wp.com\/fermelpe.com\/wp-content\/uploads\/2022\/12\/Facebook-Logo.png?fit=180%2C180&ssl=1\",\"contentUrl\":\"https:\/\/i0.wp.com\/fermelpe.com\/wp-content\/uploads\/2022\/12\/Facebook-Logo.png?fit=180%2C180&ssl=1\",\"width\":180,\"height\":180,\"caption\":\"Ferme Les Petites \u00c9cores\"},\"image\":{\"@id\":\"https:\/\/fermelpe.com\/#\/schema\/logo\/image\/\"},\"sameAs\":[\"https:\/\/www.facebook.com\/fermelpe\",\"https:\/\/www.instagram.com\/flpecores\/\"]}]}<\/script>\n<!-- \/ Yoast SEO plugin. -->","yoast_head_json":{"title":"Beekeeping visit+ | Ferme Les Petites \u00c9cores","robots":{"index":"index","follow":"follow","max-snippet":"max-snippet:-1","max-image-preview":"max-image-preview:large","max-video-preview":"max-video-preview:-1"},"canonical":"https:\/\/fermelpe.com\/en\/boutique\/visite-apicole\/","og_locale":"en_US","og_type":"article","og_title":"Visite apicole+ | Ferme Les Petites \u00c9cores","og_description":"Les dates pour 2026 seront annonc\u00e9es en mars 2026. Suivez-nous sur nos r\u00e9seaux sociaux ou inscrivez-vous \u00e0 notre infolettre pour connaitre les dates en primeur !  La visite Apicole+ est une visite VIP prolong\u00e9e de nos ruches. D\u2019une dur\u00e9e de 1h20 versus nos visites r\u00e9guli\u00e8res de 25 minutes, la visite est adapt\u00e9e aux curieux des abeilles ainsi qu'aux apiculteurs amateurs.  Date   8 juin 2025 14h00  6 juillet 2025 14h00","og_url":"https:\/\/fermelpe.com\/en\/boutique\/visite-apicole\/","og_site_name":"Ferme Les Petites \u00c9cores","article_publisher":"https:\/\/www.facebook.com\/fermelpe","article_modified_time":"2026-04-29T17:32:41+00:00","og_image":[{"width":480,"height":480,"url":"https:\/\/fermelpe.com\/wp-content\/uploads\/2022\/12\/Visite-apicole-a-la-ferme--rotated-e1677768847812.jpg","type":"image\/jpeg"}],"schema":{"@context":"https:\/\/schema.org","@graph":[{"@type":"WebPage","@id":"https:\/\/fermelpe.com\/boutique\/visite-apicole\/","url":"https:\/\/fermelpe.com\/boutique\/visite-apicole\/","name":"Beekeeping visit+ | Ferme Les Petites \u00c9cores","isPartOf":{"@id":"https:\/\/fermelpe.com\/#website"},"primaryImageOfPage":{"@id":"https:\/\/fermelpe.com\/boutique\/visite-apicole\/#primaryimage"},"image":{"@id":"https:\/\/fermelpe.com\/boutique\/visite-apicole\/#primaryimage"},"thumbnailUrl":"https:\/\/i0.wp.com\/fermelpe.com\/wp-content\/uploads\/2022\/12\/Visite-apicole-a-la-ferme--rotated-e1677768847812.jpg?fit=480%2C480&ssl=1","datePublished":"2023-01-14T19:13:05+00:00","dateModified":"2026-04-29T17:32:41+00:00","breadcrumb":{"@id":"https:\/\/fermelpe.com\/boutique\/visite-apicole\/#breadcrumb"},"inLanguage":"en-CA","potentialAction":[{"@type":"ReadAction","target":["https:\/\/fermelpe.com\/boutique\/visite-apicole\/"]}]},{"@type":"ImageObject","inLanguage":"en-CA","@id":"https:\/\/fermelpe.com\/boutique\/visite-apicole\/#primaryimage","url":"https:\/\/i0.wp.com\/fermelpe.com\/wp-content\/uploads\/2022\/12\/Visite-apicole-a-la-ferme--rotated-e1677768847812.jpg?fit=480%2C480&ssl=1","contentUrl":"https:\/\/i0.wp.com\/fermelpe.com\/wp-content\/uploads\/2022\/12\/Visite-apicole-a-la-ferme--rotated-e1677768847812.jpg?fit=480%2C480&ssl=1","width":480,"height":480,"caption":"Ouverture d'une ruche avec interpr\u00e9tation."},{"@type":"BreadcrumbList","@id":"https:\/\/fermelpe.com\/boutique\/visite-apicole\/#breadcrumb","itemListElement":[{"@type":"ListItem","position":1,"name":"Accueil","item":"https:\/\/fermelpe.com\/"},{"@type":"ListItem","position":2,"name":"Boutique","item":"https:\/\/fermelpe.com\/boutique\/"},{"@type":"ListItem","position":3,"name":"Visite apicole+"}]},{"@type":"WebSite","@id":"https:\/\/fermelpe.com\/#website","url":"https:\/\/fermelpe.com\/","name":"Ferme Les Petites \u00c9cores","description":"Awaken your senses to true taste","publisher":{"@id":"https:\/\/fermelpe.com\/#organization"},"potentialAction":[{"@type":"SearchAction","target":{"@type":"EntryPoint","urlTemplate":"https:\/\/fermelpe.com\/?s={search_term_string}"},"query-input":{"@type":"PropertyValueSpecification","valueRequired":true,"valueName":"search_term_string"}}],"inLanguage":"en-CA"},{"@type":"Organization","@id":"https:\/\/fermelpe.com\/#organization","name":"Ferme Les Petites \u00c9cores","url":"https:\/\/fermelpe.com\/","logo":{"@type":"ImageObject","inLanguage":"en-CA","@id":"https:\/\/fermelpe.com\/#\/schema\/logo\/image\/","url":"https:\/\/i0.wp.com\/fermelpe.com\/wp-content\/uploads\/2022\/12\/Facebook-Logo.png?fit=180%2C180&ssl=1","contentUrl":"https:\/\/i0.wp.com\/fermelpe.com\/wp-content\/uploads\/2022\/12\/Facebook-Logo.png?fit=180%2C180&ssl=1","width":180,"height":180,"caption":"Ferme Les Petites \u00c9cores"},"image":{"@id":"https:\/\/fermelpe.com\/#\/schema\/logo\/image\/"},"sameAs":["https:\/\/www.facebook.com\/fermelpe","https:\/\/www.instagram.com\/flpecores\/"]}]}},"_links":{"self":[{"href":"https:\/\/fermelpe.com\/en\/wp-json\/wp\/v2\/product\/5567","targetHints":{"allow":["GET"]}}],"collection":[{"href":"https:\/\/fermelpe.com\/en\/wp-json\/wp\/v2\/product"}],"about":[{"href":"https:\/\/fermelpe.com\/en\/wp-json\/wp\/v2\/types\/product"}],"author":[{"embeddable":true,"href":"https:\/\/fermelpe.com\/en\/wp-json\/wp\/v2\/users\/1"}],"replies":[{"embeddable":true,"href":"https:\/\/fermelpe.com\/en\/wp-json\/wp\/v2\/comments?post=5567"}],"wp:featuredmedia":[{"embeddable":true,"href":"https:\/\/fermelpe.com\/en\/wp-json\/wp\/v2\/media\/87"}],"wp:attachment":[{"href":"https:\/\/fermelpe.com\/en\/wp-json\/wp\/v2\/media?parent=5567"}],"wp:term":[{"taxonomy":"product_brand","embeddable":true,"href":"https:\/\/fermelpe.com\/en\/wp-json\/wp\/v2\/product_brand?post=5567"},{"taxonomy":"product_cat","embeddable":true,"href":"https:\/\/fermelpe.com\/en\/wp-json\/wp\/v2\/product_cat?post=5567"},{"taxonomy":"product_tag","embeddable":true,"href":"https:\/\/fermelpe.com\/en\/wp-json\/wp\/v2\/product_tag?post=5567"}],"curies":[{"name":"wp","href":"https:\/\/api.w.org\/{rel}","templated":true}]}}