{"id":5574,"date":"2023-01-14T19:13:09","date_gmt":"2023-01-14T19:13:09","guid":{"rendered":"https:\/\/fermelpe.com\/produit\/sel-dargousier\/"},"modified":"2025-11-30T16:40:22","modified_gmt":"2025-11-30T20:40:22","slug":"sel-dargousier","status":"publish","type":"product","link":"https:\/\/fermelpe.com\/en\/boutique\/sel-dargousier\/","title":{"rendered":"Sea buckthorn salt"},"content":{"rendered":"<p>Season your dishes while adding flavor. Slightly tangy, sea buckthorn powder and salt perfectly enhance the flavors of your meals. Lovage completes the blend with its mild celery flavor.<\/p>\n<p><em>Uses: Meats, salads, fish and even on popcorn.<\/em><\/p>\n<p><em>Ingredients: Sea salt, sea buckthorn powder, lovage<\/em><\/p>","protected":false},"excerpt":{"rendered":"<p>Salez vos plats tout en les aromatisants. L\u00e9g\u00e8rement acidul\u00e9, la poudre d\u2019argousier et le sel rel\u00e8vent \u00e0 merveille les saveurs de vos plats. La liv\u00e8che vient compl\u00e9ter le tout avec sa douce saveur de c\u00e9leri. Utilisation : Viandes, salades, poissons et m\u00eame sur du ma\u00efs \u00e9clat\u00e9. Ingr\u00e9dients : Sel de mer, poudre d&#8217;argousier, liv\u00e8che<\/p>","protected":false},"author":1,"featured_media":6681,"comment_status":"open","ping_status":"closed","template":"","meta":{"wprm-recipe-roundup-name":"","wprm-recipe-roundup-description":"","wpupg_custom_link":[],"wpupg_custom_link_behaviour":[],"wpupg_custom_link_nofollow":[],"wpupg_custom_image":[],"wpupg_custom_image_id":[]},"product_brand":[],"product_cat":[131],"product_tag":[],"class_list":{"0":"post-5574","1":"product","2":"type-product","3":"status-publish","4":"has-post-thumbnail","6":"wc_square_synced-yes","7":"product_cat-argousier","9":"first","10":"instock","11":"shipping-taxable","12":"purchasable","13":"product-type-simple"},"yoast_head":"<!-- This site is optimized with the Yoast SEO plugin v26.7 - https:\/\/yoast.com\/wordpress\/plugins\/seo\/ -->\n<title>Sel d&#039;argousier | Ferme Les Petites \u00c9cores<\/title>\n<meta name=\"robots\" content=\"index, follow, max-snippet:-1, max-image-preview:large, max-video-preview:-1\" \/>\n<link rel=\"canonical\" href=\"https:\/\/fermelpe.com\/en\/boutique\/sel-dargousier\/\" \/>\n<meta property=\"og:locale\" content=\"en_US\" \/>\n<meta property=\"og:type\" content=\"article\" \/>\n<meta property=\"og:title\" content=\"Sel d&#039;argousier | Ferme Les Petites \u00c9cores\" \/>\n<meta property=\"og:description\" content=\"Salez vos plats tout en les aromatisants. L\u00e9g\u00e8rement acidul\u00e9, la poudre d\u2019argousier et le sel rel\u00e8vent \u00e0 merveille les saveurs de vos plats. La liv\u00e8che vient compl\u00e9ter le tout avec sa douce saveur de c\u00e9leri. Utilisation : Viandes, salades, poissons et m\u00eame sur du ma\u00efs \u00e9clat\u00e9. Ingr\u00e9dients : Sel de mer, poudre d&#8217;argousier, liv\u00e8che\" \/>\n<meta property=\"og:url\" content=\"https:\/\/fermelpe.com\/en\/boutique\/sel-dargousier\/\" \/>\n<meta property=\"og:site_name\" content=\"Ferme Les Petites \u00c9cores\" \/>\n<meta property=\"article:publisher\" content=\"https:\/\/www.facebook.com\/fermelpe\" \/>\n<meta property=\"article:modified_time\" content=\"2025-11-30T20:40:22+00:00\" \/>\n<meta property=\"og:image\" content=\"https:\/\/fermelpe.com\/wp-content\/uploads\/2023\/01\/DDD5C240-E4A8-4E90-BCB1-076862A56220_1_201_a.jpeg\" \/>\n\t<meta property=\"og:image:width\" content=\"1123\" \/>\n\t<meta property=\"og:image:height\" content=\"1123\" \/>\n\t<meta property=\"og:image:type\" content=\"image\/jpeg\" \/>\n<script type=\"application\/ld+json\" class=\"yoast-schema-graph\">{\"@context\":\"https:\/\/schema.org\",\"@graph\":[{\"@type\":\"WebPage\",\"@id\":\"https:\/\/fermelpe.com\/boutique\/sel-dargousier\/\",\"url\":\"https:\/\/fermelpe.com\/boutique\/sel-dargousier\/\",\"name\":\"Sel d'argousier | Ferme Les Petites \u00c9cores\",\"isPartOf\":{\"@id\":\"https:\/\/fermelpe.com\/#website\"},\"primaryImageOfPage\":{\"@id\":\"https:\/\/fermelpe.com\/boutique\/sel-dargousier\/#primaryimage\"},\"image\":{\"@id\":\"https:\/\/fermelpe.com\/boutique\/sel-dargousier\/#primaryimage\"},\"thumbnailUrl\":\"https:\/\/i0.wp.com\/fermelpe.com\/wp-content\/uploads\/2023\/01\/DDD5C240-E4A8-4E90-BCB1-076862A56220_1_201_a.jpeg?fit=1123%2C1123&ssl=1\",\"datePublished\":\"2023-01-14T19:13:09+00:00\",\"dateModified\":\"2025-11-30T20:40:22+00:00\",\"breadcrumb\":{\"@id\":\"https:\/\/fermelpe.com\/boutique\/sel-dargousier\/#breadcrumb\"},\"inLanguage\":\"en-CA\",\"potentialAction\":[{\"@type\":\"ReadAction\",\"target\":[\"https:\/\/fermelpe.com\/boutique\/sel-dargousier\/\"]}]},{\"@type\":\"ImageObject\",\"inLanguage\":\"en-CA\",\"@id\":\"https:\/\/fermelpe.com\/boutique\/sel-dargousier\/#primaryimage\",\"url\":\"https:\/\/i0.wp.com\/fermelpe.com\/wp-content\/uploads\/2023\/01\/DDD5C240-E4A8-4E90-BCB1-076862A56220_1_201_a.jpeg?fit=1123%2C1123&ssl=1\",\"contentUrl\":\"https:\/\/i0.wp.com\/fermelpe.com\/wp-content\/uploads\/2023\/01\/DDD5C240-E4A8-4E90-BCB1-076862A56220_1_201_a.jpeg?fit=1123%2C1123&ssl=1\",\"width\":1123,\"height\":1123},{\"@type\":\"BreadcrumbList\",\"@id\":\"https:\/\/fermelpe.com\/boutique\/sel-dargousier\/#breadcrumb\",\"itemListElement\":[{\"@type\":\"ListItem\",\"position\":1,\"name\":\"Accueil\",\"item\":\"https:\/\/fermelpe.com\/\"},{\"@type\":\"ListItem\",\"position\":2,\"name\":\"Boutique\",\"item\":\"https:\/\/fermelpe.com\/boutique\/\"},{\"@type\":\"ListItem\",\"position\":3,\"name\":\"Sel d&#8217;argousier\"}]},{\"@type\":\"WebSite\",\"@id\":\"https:\/\/fermelpe.com\/#website\",\"url\":\"https:\/\/fermelpe.com\/\",\"name\":\"Ferme Les Petites \u00c9cores\",\"description\":\"\u00c9veillez vos sens au vrai go\u00fbt\",\"publisher\":{\"@id\":\"https:\/\/fermelpe.com\/#organization\"},\"potentialAction\":[{\"@type\":\"SearchAction\",\"target\":{\"@type\":\"EntryPoint\",\"urlTemplate\":\"https:\/\/fermelpe.com\/?s={search_term_string}\"},\"query-input\":{\"@type\":\"PropertyValueSpecification\",\"valueRequired\":true,\"valueName\":\"search_term_string\"}}],\"inLanguage\":\"en-CA\"},{\"@type\":\"Organization\",\"@id\":\"https:\/\/fermelpe.com\/#organization\",\"name\":\"Ferme Les Petites \u00c9cores\",\"url\":\"https:\/\/fermelpe.com\/\",\"logo\":{\"@type\":\"ImageObject\",\"inLanguage\":\"en-CA\",\"@id\":\"https:\/\/fermelpe.com\/#\/schema\/logo\/image\/\",\"url\":\"https:\/\/i0.wp.com\/fermelpe.com\/wp-content\/uploads\/2022\/12\/Facebook-Logo.png?fit=180%2C180&ssl=1\",\"contentUrl\":\"https:\/\/i0.wp.com\/fermelpe.com\/wp-content\/uploads\/2022\/12\/Facebook-Logo.png?fit=180%2C180&ssl=1\",\"width\":180,\"height\":180,\"caption\":\"Ferme Les Petites \u00c9cores\"},\"image\":{\"@id\":\"https:\/\/fermelpe.com\/#\/schema\/logo\/image\/\"},\"sameAs\":[\"https:\/\/www.facebook.com\/fermelpe\",\"https:\/\/www.instagram.com\/flpecores\/\"]}]}<\/script>\n<!-- \/ Yoast SEO plugin. -->","yoast_head_json":{"title":"Sea buckthorn salt | Ferme les Petites \u00c9cores","robots":{"index":"index","follow":"follow","max-snippet":"max-snippet:-1","max-image-preview":"max-image-preview:large","max-video-preview":"max-video-preview:-1"},"canonical":"https:\/\/fermelpe.com\/en\/boutique\/sel-dargousier\/","og_locale":"en_US","og_type":"article","og_title":"Sel d'argousier | Ferme Les Petites \u00c9cores","og_description":"Salez vos plats tout en les aromatisants. L\u00e9g\u00e8rement acidul\u00e9, la poudre d\u2019argousier et le sel rel\u00e8vent \u00e0 merveille les saveurs de vos plats. La liv\u00e8che vient compl\u00e9ter le tout avec sa douce saveur de c\u00e9leri. Utilisation : Viandes, salades, poissons et m\u00eame sur du ma\u00efs \u00e9clat\u00e9. Ingr\u00e9dients : Sel de mer, poudre d&#8217;argousier, liv\u00e8che","og_url":"https:\/\/fermelpe.com\/en\/boutique\/sel-dargousier\/","og_site_name":"Ferme Les Petites \u00c9cores","article_publisher":"https:\/\/www.facebook.com\/fermelpe","article_modified_time":"2025-11-30T20:40:22+00:00","og_image":[{"width":1123,"height":1123,"url":"https:\/\/fermelpe.com\/wp-content\/uploads\/2023\/01\/DDD5C240-E4A8-4E90-BCB1-076862A56220_1_201_a.jpeg","type":"image\/jpeg"}],"schema":{"@context":"https:\/\/schema.org","@graph":[{"@type":"WebPage","@id":"https:\/\/fermelpe.com\/boutique\/sel-dargousier\/","url":"https:\/\/fermelpe.com\/boutique\/sel-dargousier\/","name":"Sea buckthorn salt | Ferme les Petites \u00c9cores","isPartOf":{"@id":"https:\/\/fermelpe.com\/#website"},"primaryImageOfPage":{"@id":"https:\/\/fermelpe.com\/boutique\/sel-dargousier\/#primaryimage"},"image":{"@id":"https:\/\/fermelpe.com\/boutique\/sel-dargousier\/#primaryimage"},"thumbnailUrl":"https:\/\/i0.wp.com\/fermelpe.com\/wp-content\/uploads\/2023\/01\/DDD5C240-E4A8-4E90-BCB1-076862A56220_1_201_a.jpeg?fit=1123%2C1123&ssl=1","datePublished":"2023-01-14T19:13:09+00:00","dateModified":"2025-11-30T20:40:22+00:00","breadcrumb":{"@id":"https:\/\/fermelpe.com\/boutique\/sel-dargousier\/#breadcrumb"},"inLanguage":"en-CA","potentialAction":[{"@type":"ReadAction","target":["https:\/\/fermelpe.com\/boutique\/sel-dargousier\/"]}]},{"@type":"ImageObject","inLanguage":"en-CA","@id":"https:\/\/fermelpe.com\/boutique\/sel-dargousier\/#primaryimage","url":"https:\/\/i0.wp.com\/fermelpe.com\/wp-content\/uploads\/2023\/01\/DDD5C240-E4A8-4E90-BCB1-076862A56220_1_201_a.jpeg?fit=1123%2C1123&ssl=1","contentUrl":"https:\/\/i0.wp.com\/fermelpe.com\/wp-content\/uploads\/2023\/01\/DDD5C240-E4A8-4E90-BCB1-076862A56220_1_201_a.jpeg?fit=1123%2C1123&ssl=1","width":1123,"height":1123},{"@type":"BreadcrumbList","@id":"https:\/\/fermelpe.com\/boutique\/sel-dargousier\/#breadcrumb","itemListElement":[{"@type":"ListItem","position":1,"name":"Accueil","item":"https:\/\/fermelpe.com\/"},{"@type":"ListItem","position":2,"name":"Boutique","item":"https:\/\/fermelpe.com\/boutique\/"},{"@type":"ListItem","position":3,"name":"Sel d&#8217;argousier"}]},{"@type":"WebSite","@id":"https:\/\/fermelpe.com\/#website","url":"https:\/\/fermelpe.com\/","name":"Ferme Les Petites \u00c9cores","description":"Awaken your senses to true taste","publisher":{"@id":"https:\/\/fermelpe.com\/#organization"},"potentialAction":[{"@type":"SearchAction","target":{"@type":"EntryPoint","urlTemplate":"https:\/\/fermelpe.com\/?s={search_term_string}"},"query-input":{"@type":"PropertyValueSpecification","valueRequired":true,"valueName":"search_term_string"}}],"inLanguage":"en-CA"},{"@type":"Organization","@id":"https:\/\/fermelpe.com\/#organization","name":"Ferme Les Petites \u00c9cores","url":"https:\/\/fermelpe.com\/","logo":{"@type":"ImageObject","inLanguage":"en-CA","@id":"https:\/\/fermelpe.com\/#\/schema\/logo\/image\/","url":"https:\/\/i0.wp.com\/fermelpe.com\/wp-content\/uploads\/2022\/12\/Facebook-Logo.png?fit=180%2C180&ssl=1","contentUrl":"https:\/\/i0.wp.com\/fermelpe.com\/wp-content\/uploads\/2022\/12\/Facebook-Logo.png?fit=180%2C180&ssl=1","width":180,"height":180,"caption":"Ferme Les Petites \u00c9cores"},"image":{"@id":"https:\/\/fermelpe.com\/#\/schema\/logo\/image\/"},"sameAs":["https:\/\/www.facebook.com\/fermelpe","https:\/\/www.instagram.com\/flpecores\/"]}]}},"_links":{"self":[{"href":"https:\/\/fermelpe.com\/en\/wp-json\/wp\/v2\/product\/5574","targetHints":{"allow":["GET"]}}],"collection":[{"href":"https:\/\/fermelpe.com\/en\/wp-json\/wp\/v2\/product"}],"about":[{"href":"https:\/\/fermelpe.com\/en\/wp-json\/wp\/v2\/types\/product"}],"author":[{"embeddable":true,"href":"https:\/\/fermelpe.com\/en\/wp-json\/wp\/v2\/users\/1"}],"replies":[{"embeddable":true,"href":"https:\/\/fermelpe.com\/en\/wp-json\/wp\/v2\/comments?post=5574"}],"wp:featuredmedia":[{"embeddable":true,"href":"https:\/\/fermelpe.com\/en\/wp-json\/wp\/v2\/media\/6681"}],"wp:attachment":[{"href":"https:\/\/fermelpe.com\/en\/wp-json\/wp\/v2\/media?parent=5574"}],"wp:term":[{"taxonomy":"product_brand","embeddable":true,"href":"https:\/\/fermelpe.com\/en\/wp-json\/wp\/v2\/product_brand?post=5574"},{"taxonomy":"product_cat","embeddable":true,"href":"https:\/\/fermelpe.com\/en\/wp-json\/wp\/v2\/product_cat?post=5574"},{"taxonomy":"product_tag","embeddable":true,"href":"https:\/\/fermelpe.com\/en\/wp-json\/wp\/v2\/product_tag?post=5574"}],"curies":[{"name":"wp","href":"https:\/\/api.w.org\/{rel}","templated":true}]}}