{"id":5577,"date":"2023-01-14T19:13:10","date_gmt":"2023-01-14T19:13:10","guid":{"rendered":"https:\/\/fermelpe.com\/produit\/savon-menthe-et-concombre\/"},"modified":"2024-12-08T12:55:05","modified_gmt":"2024-12-08T16:55:05","slug":"savon-menthe-et-concombre","status":"publish","type":"product","link":"https:\/\/fermelpe.com\/en\/boutique\/savon-menthe-et-concombre\/","title":{"rendered":"Mint and cucumber soap"},"content":{"rendered":"<p>Exfoliating soap ideal for hands and feet. Its gentle mint scent is sure to refresh you!<\/p>\n<p><span class=\"S1PPyQ\">INCI ingredients: Olea europaea, Cocos Nucifera Oil**, Aqua, Sodium hydroxide, Cucumis Sativus Juice*, Butyrospermum Parkii Butter**, Helianthus Annuus Seed Oil, Pumice, Ricinus Communis Seed Oil, Mentha Piperita Leaf Oil**, Montmorillonite, Cera alba*<\/span><\/p>\n<p class=\"_04xlpA direction-ltr align-center para-style-title\"><span class=\"S1PPyQ\">* Organic cucumber juice and beeswax by Ferme les Petites \u00c9cores<\/span><\/p>\n<p class=\"_04xlpA direction-ltr align-center para-style-title\"><span class=\"S1PPyQ\">**Organic ingredient<\/span><\/p>\n<p>Weight: 100g<\/p>","protected":false},"excerpt":{"rendered":"<p>Savon exfoliant id\u00e9ale pour les mains et pieds. Sa douce odeur de menthe vous rafra\u00eechira \u00e0 coup s\u00fbr! Ingredients INCI: Olea europaea, Cocos Nucifera Oil**, Aqua, Sodium hydroxide, Cucumis Sativus Juice*, Butyrospermum Parkii Butter**, Helianthus Annuus Seed Oil, Pumice, Ricinus Communis Seed Oil, Mentha Piperita Leaf Oil**, Montmorillonite, Cera alba* * jus de concombre bio [&hellip;]<\/p>","protected":false},"author":1,"featured_media":6696,"comment_status":"open","ping_status":"closed","template":"","meta":{"wprm-recipe-roundup-name":"","wprm-recipe-roundup-description":"","wpupg_custom_link":[],"wpupg_custom_link_behaviour":[],"wpupg_custom_link_nofollow":[],"wpupg_custom_image":[],"wpupg_custom_image_id":[]},"product_brand":[],"product_cat":[136],"product_tag":[],"class_list":{"0":"post-5577","1":"product","2":"type-product","3":"status-publish","4":"has-post-thumbnail","6":"wc_square_synced-yes","7":"product_cat-cosmetique","9":"first","10":"outofstock","11":"taxable","12":"shipping-taxable","13":"purchasable","14":"product-type-simple"},"yoast_head":"<!-- This site is optimized with the Yoast SEO plugin v26.7 - https:\/\/yoast.com\/wordpress\/plugins\/seo\/ -->\n<title>Savon menthe et concombre | Ferme Les Petites \u00c9cores<\/title>\n<meta name=\"robots\" content=\"index, follow, max-snippet:-1, max-image-preview:large, max-video-preview:-1\" \/>\n<link rel=\"canonical\" href=\"https:\/\/fermelpe.com\/en\/boutique\/savon-menthe-et-concombre\/\" \/>\n<meta property=\"og:locale\" content=\"en_US\" \/>\n<meta property=\"og:type\" content=\"article\" \/>\n<meta property=\"og:title\" content=\"Savon menthe et concombre | Ferme Les Petites \u00c9cores\" \/>\n<meta property=\"og:description\" content=\"Savon exfoliant id\u00e9ale pour les mains et pieds. Sa douce odeur de menthe vous rafra\u00eechira \u00e0 coup s\u00fbr! Ingredients INCI: Olea europaea, Cocos Nucifera Oil**, Aqua, Sodium hydroxide, Cucumis Sativus Juice*, Butyrospermum Parkii Butter**, Helianthus Annuus Seed Oil, Pumice, Ricinus Communis Seed Oil, Mentha Piperita Leaf Oil**, Montmorillonite, Cera alba* * jus de concombre bio [&hellip;]\" \/>\n<meta property=\"og:url\" content=\"https:\/\/fermelpe.com\/en\/boutique\/savon-menthe-et-concombre\/\" \/>\n<meta property=\"og:site_name\" content=\"Ferme Les Petites \u00c9cores\" \/>\n<meta property=\"article:publisher\" content=\"https:\/\/www.facebook.com\/fermelpe\" \/>\n<meta property=\"article:modified_time\" content=\"2024-12-08T16:55:05+00:00\" \/>\n<meta property=\"og:image\" content=\"https:\/\/fermelpe.com\/wp-content\/uploads\/2023\/01\/92CB6192-A555-401D-9D0A-BCFCADCFFC15_1_201_a.jpeg\" \/>\n\t<meta property=\"og:image:width\" content=\"1045\" \/>\n\t<meta property=\"og:image:height\" content=\"1044\" \/>\n\t<meta property=\"og:image:type\" content=\"image\/jpeg\" \/>\n<script type=\"application\/ld+json\" class=\"yoast-schema-graph\">{\"@context\":\"https:\/\/schema.org\",\"@graph\":[{\"@type\":\"WebPage\",\"@id\":\"https:\/\/fermelpe.com\/boutique\/savon-menthe-et-concombre\/\",\"url\":\"https:\/\/fermelpe.com\/boutique\/savon-menthe-et-concombre\/\",\"name\":\"Savon menthe et concombre | Ferme Les Petites \u00c9cores\",\"isPartOf\":{\"@id\":\"https:\/\/fermelpe.com\/#website\"},\"primaryImageOfPage\":{\"@id\":\"https:\/\/fermelpe.com\/boutique\/savon-menthe-et-concombre\/#primaryimage\"},\"image\":{\"@id\":\"https:\/\/fermelpe.com\/boutique\/savon-menthe-et-concombre\/#primaryimage\"},\"thumbnailUrl\":\"https:\/\/i0.wp.com\/fermelpe.com\/wp-content\/uploads\/2023\/01\/92CB6192-A555-401D-9D0A-BCFCADCFFC15_1_201_a.jpeg?fit=1045%2C1044&ssl=1\",\"datePublished\":\"2023-01-14T19:13:10+00:00\",\"dateModified\":\"2024-12-08T16:55:05+00:00\",\"breadcrumb\":{\"@id\":\"https:\/\/fermelpe.com\/boutique\/savon-menthe-et-concombre\/#breadcrumb\"},\"inLanguage\":\"en-CA\",\"potentialAction\":[{\"@type\":\"ReadAction\",\"target\":[\"https:\/\/fermelpe.com\/boutique\/savon-menthe-et-concombre\/\"]}]},{\"@type\":\"ImageObject\",\"inLanguage\":\"en-CA\",\"@id\":\"https:\/\/fermelpe.com\/boutique\/savon-menthe-et-concombre\/#primaryimage\",\"url\":\"https:\/\/i0.wp.com\/fermelpe.com\/wp-content\/uploads\/2023\/01\/92CB6192-A555-401D-9D0A-BCFCADCFFC15_1_201_a.jpeg?fit=1045%2C1044&ssl=1\",\"contentUrl\":\"https:\/\/i0.wp.com\/fermelpe.com\/wp-content\/uploads\/2023\/01\/92CB6192-A555-401D-9D0A-BCFCADCFFC15_1_201_a.jpeg?fit=1045%2C1044&ssl=1\",\"width\":1045,\"height\":1044},{\"@type\":\"BreadcrumbList\",\"@id\":\"https:\/\/fermelpe.com\/boutique\/savon-menthe-et-concombre\/#breadcrumb\",\"itemListElement\":[{\"@type\":\"ListItem\",\"position\":1,\"name\":\"Accueil\",\"item\":\"https:\/\/fermelpe.com\/\"},{\"@type\":\"ListItem\",\"position\":2,\"name\":\"Boutique\",\"item\":\"https:\/\/fermelpe.com\/boutique\/\"},{\"@type\":\"ListItem\",\"position\":3,\"name\":\"Savon menthe et concombre\"}]},{\"@type\":\"WebSite\",\"@id\":\"https:\/\/fermelpe.com\/#website\",\"url\":\"https:\/\/fermelpe.com\/\",\"name\":\"Ferme Les Petites \u00c9cores\",\"description\":\"\u00c9veillez vos sens au vrai go\u00fbt\",\"publisher\":{\"@id\":\"https:\/\/fermelpe.com\/#organization\"},\"potentialAction\":[{\"@type\":\"SearchAction\",\"target\":{\"@type\":\"EntryPoint\",\"urlTemplate\":\"https:\/\/fermelpe.com\/?s={search_term_string}\"},\"query-input\":{\"@type\":\"PropertyValueSpecification\",\"valueRequired\":true,\"valueName\":\"search_term_string\"}}],\"inLanguage\":\"en-CA\"},{\"@type\":\"Organization\",\"@id\":\"https:\/\/fermelpe.com\/#organization\",\"name\":\"Ferme Les Petites \u00c9cores\",\"url\":\"https:\/\/fermelpe.com\/\",\"logo\":{\"@type\":\"ImageObject\",\"inLanguage\":\"en-CA\",\"@id\":\"https:\/\/fermelpe.com\/#\/schema\/logo\/image\/\",\"url\":\"https:\/\/i0.wp.com\/fermelpe.com\/wp-content\/uploads\/2022\/12\/Facebook-Logo.png?fit=180%2C180&ssl=1\",\"contentUrl\":\"https:\/\/i0.wp.com\/fermelpe.com\/wp-content\/uploads\/2022\/12\/Facebook-Logo.png?fit=180%2C180&ssl=1\",\"width\":180,\"height\":180,\"caption\":\"Ferme Les Petites \u00c9cores\"},\"image\":{\"@id\":\"https:\/\/fermelpe.com\/#\/schema\/logo\/image\/\"},\"sameAs\":[\"https:\/\/www.facebook.com\/fermelpe\",\"https:\/\/www.instagram.com\/flpecores\/\"]}]}<\/script>\n<!-- \/ Yoast SEO plugin. -->","yoast_head_json":{"title":"Mint and cucumber soap | Ferme les Petites \u00c9cores","robots":{"index":"index","follow":"follow","max-snippet":"max-snippet:-1","max-image-preview":"max-image-preview:large","max-video-preview":"max-video-preview:-1"},"canonical":"https:\/\/fermelpe.com\/en\/boutique\/savon-menthe-et-concombre\/","og_locale":"en_US","og_type":"article","og_title":"Savon menthe et concombre | Ferme Les Petites \u00c9cores","og_description":"Savon exfoliant id\u00e9ale pour les mains et pieds. Sa douce odeur de menthe vous rafra\u00eechira \u00e0 coup s\u00fbr! Ingredients INCI: Olea europaea, Cocos Nucifera Oil**, Aqua, Sodium hydroxide, Cucumis Sativus Juice*, Butyrospermum Parkii Butter**, Helianthus Annuus Seed Oil, Pumice, Ricinus Communis Seed Oil, Mentha Piperita Leaf Oil**, Montmorillonite, Cera alba* * jus de concombre bio [&hellip;]","og_url":"https:\/\/fermelpe.com\/en\/boutique\/savon-menthe-et-concombre\/","og_site_name":"Ferme Les Petites \u00c9cores","article_publisher":"https:\/\/www.facebook.com\/fermelpe","article_modified_time":"2024-12-08T16:55:05+00:00","og_image":[{"width":1045,"height":1044,"url":"https:\/\/fermelpe.com\/wp-content\/uploads\/2023\/01\/92CB6192-A555-401D-9D0A-BCFCADCFFC15_1_201_a.jpeg","type":"image\/jpeg"}],"schema":{"@context":"https:\/\/schema.org","@graph":[{"@type":"WebPage","@id":"https:\/\/fermelpe.com\/boutique\/savon-menthe-et-concombre\/","url":"https:\/\/fermelpe.com\/boutique\/savon-menthe-et-concombre\/","name":"Mint and cucumber soap | Ferme les Petites \u00c9cores","isPartOf":{"@id":"https:\/\/fermelpe.com\/#website"},"primaryImageOfPage":{"@id":"https:\/\/fermelpe.com\/boutique\/savon-menthe-et-concombre\/#primaryimage"},"image":{"@id":"https:\/\/fermelpe.com\/boutique\/savon-menthe-et-concombre\/#primaryimage"},"thumbnailUrl":"https:\/\/i0.wp.com\/fermelpe.com\/wp-content\/uploads\/2023\/01\/92CB6192-A555-401D-9D0A-BCFCADCFFC15_1_201_a.jpeg?fit=1045%2C1044&ssl=1","datePublished":"2023-01-14T19:13:10+00:00","dateModified":"2024-12-08T16:55:05+00:00","breadcrumb":{"@id":"https:\/\/fermelpe.com\/boutique\/savon-menthe-et-concombre\/#breadcrumb"},"inLanguage":"en-CA","potentialAction":[{"@type":"ReadAction","target":["https:\/\/fermelpe.com\/boutique\/savon-menthe-et-concombre\/"]}]},{"@type":"ImageObject","inLanguage":"en-CA","@id":"https:\/\/fermelpe.com\/boutique\/savon-menthe-et-concombre\/#primaryimage","url":"https:\/\/i0.wp.com\/fermelpe.com\/wp-content\/uploads\/2023\/01\/92CB6192-A555-401D-9D0A-BCFCADCFFC15_1_201_a.jpeg?fit=1045%2C1044&ssl=1","contentUrl":"https:\/\/i0.wp.com\/fermelpe.com\/wp-content\/uploads\/2023\/01\/92CB6192-A555-401D-9D0A-BCFCADCFFC15_1_201_a.jpeg?fit=1045%2C1044&ssl=1","width":1045,"height":1044},{"@type":"BreadcrumbList","@id":"https:\/\/fermelpe.com\/boutique\/savon-menthe-et-concombre\/#breadcrumb","itemListElement":[{"@type":"ListItem","position":1,"name":"Accueil","item":"https:\/\/fermelpe.com\/"},{"@type":"ListItem","position":2,"name":"Boutique","item":"https:\/\/fermelpe.com\/boutique\/"},{"@type":"ListItem","position":3,"name":"Savon menthe et concombre"}]},{"@type":"WebSite","@id":"https:\/\/fermelpe.com\/#website","url":"https:\/\/fermelpe.com\/","name":"Ferme Les Petites \u00c9cores","description":"Awaken your senses to true taste","publisher":{"@id":"https:\/\/fermelpe.com\/#organization"},"potentialAction":[{"@type":"SearchAction","target":{"@type":"EntryPoint","urlTemplate":"https:\/\/fermelpe.com\/?s={search_term_string}"},"query-input":{"@type":"PropertyValueSpecification","valueRequired":true,"valueName":"search_term_string"}}],"inLanguage":"en-CA"},{"@type":"Organization","@id":"https:\/\/fermelpe.com\/#organization","name":"Ferme Les Petites \u00c9cores","url":"https:\/\/fermelpe.com\/","logo":{"@type":"ImageObject","inLanguage":"en-CA","@id":"https:\/\/fermelpe.com\/#\/schema\/logo\/image\/","url":"https:\/\/i0.wp.com\/fermelpe.com\/wp-content\/uploads\/2022\/12\/Facebook-Logo.png?fit=180%2C180&ssl=1","contentUrl":"https:\/\/i0.wp.com\/fermelpe.com\/wp-content\/uploads\/2022\/12\/Facebook-Logo.png?fit=180%2C180&ssl=1","width":180,"height":180,"caption":"Ferme Les Petites \u00c9cores"},"image":{"@id":"https:\/\/fermelpe.com\/#\/schema\/logo\/image\/"},"sameAs":["https:\/\/www.facebook.com\/fermelpe","https:\/\/www.instagram.com\/flpecores\/"]}]}},"_links":{"self":[{"href":"https:\/\/fermelpe.com\/en\/wp-json\/wp\/v2\/product\/5577","targetHints":{"allow":["GET"]}}],"collection":[{"href":"https:\/\/fermelpe.com\/en\/wp-json\/wp\/v2\/product"}],"about":[{"href":"https:\/\/fermelpe.com\/en\/wp-json\/wp\/v2\/types\/product"}],"author":[{"embeddable":true,"href":"https:\/\/fermelpe.com\/en\/wp-json\/wp\/v2\/users\/1"}],"replies":[{"embeddable":true,"href":"https:\/\/fermelpe.com\/en\/wp-json\/wp\/v2\/comments?post=5577"}],"wp:featuredmedia":[{"embeddable":true,"href":"https:\/\/fermelpe.com\/en\/wp-json\/wp\/v2\/media\/6696"}],"wp:attachment":[{"href":"https:\/\/fermelpe.com\/en\/wp-json\/wp\/v2\/media?parent=5577"}],"wp:term":[{"taxonomy":"product_brand","embeddable":true,"href":"https:\/\/fermelpe.com\/en\/wp-json\/wp\/v2\/product_brand?post=5577"},{"taxonomy":"product_cat","embeddable":true,"href":"https:\/\/fermelpe.com\/en\/wp-json\/wp\/v2\/product_cat?post=5577"},{"taxonomy":"product_tag","embeddable":true,"href":"https:\/\/fermelpe.com\/en\/wp-json\/wp\/v2\/product_tag?post=5577"}],"curies":[{"name":"wp","href":"https:\/\/api.w.org\/{rel}","templated":true}]}}