{"id":5579,"date":"2023-01-14T19:13:11","date_gmt":"2023-01-14T19:13:11","guid":{"rendered":"https:\/\/fermelpe.com\/produit\/baume-a-levres\/"},"modified":"2025-04-02T13:17:25","modified_gmt":"2025-04-02T17:17:25","slug":"baume-a-levres","status":"publish","type":"product","link":"https:\/\/fermelpe.com\/en\/boutique\/baume-a-levres\/","title":{"rendered":"Lip balm"},"content":{"rendered":"<p>Lip balm made on the farm and produced at<span class=\"JsGRdQ\">\u00a0Our beeswax base. It moisturizes and protects lips thanks to its natural ingredients.<\/span><\/p>\n<p>&nbsp;<\/p>\n<p class=\"_04xlpA direction-ltr align-center para-style-title\"><span class=\"JsGRdQ\">Ingredients: *Beeswax, <\/span><span class=\"JsGRdQ\">jojoba oil, cocoa butter, vitamin E<\/span><\/p>\n<p class=\"_04xlpA direction-ltr align-center para-style-title\"><span class=\"JsGRdQ\">INCI ingredients: *cera alba, <\/span>simmondsia chinensis<span class=\"JsGRdQ\">, <\/span>theobroma cacao<span class=\"JsGRdQ\">, <\/span><span class=\"JsGRdQ\">tocopherol<\/span><\/p>\n<p class=\"_04xlpA direction-ltr align-center para-style-title\"><span class=\"JsGRdQ\">*Beeswax from Les Petites \u00c9cores Farm<\/span><\/p>\n<p>&nbsp;<\/p>\n<p>Weight: 10g<\/p>","protected":false},"excerpt":{"rendered":"<p>Baume \u00e0 l\u00e8vres \u00e9labor\u00e9 \u00e0 la ferme h<span class=\"JsGRdQ\">ydratant et protecteur. \u00c0 base de cire d&#8217;abeilles<\/span><\/p>\n<p class=\"_04xlpA direction-ltr align-center para-style-title\"><span class=\"JsGRdQ\">Ingredients: *Beeswax, <\/span><span class=\"JsGRdQ\">jojoba oil, cocoa butter, vitamin E<\/span><\/p>\n<p class=\"_04xlpA direction-ltr align-center para-style-title\"><span class=\"JsGRdQ\">INCI ingredients: *cera alca, <\/span><a class=\"JsGRdQ\" draggable=\"false\" href=\"https:\/\/incibeauty.com\/ingredients\/5598-simmondsia-chinensis-seed-oil\" target=\"_blank\" rel=\"noopener\">simmondsia chinensis<\/a><span class=\"JsGRdQ\">, <\/span><a class=\"JsGRdQ\" draggable=\"false\" href=\"https:\/\/incibeauty.com\/ingredients\/1911-theobroma-cacao-seed-butter\" target=\"_blank\" rel=\"noopener\">theobroma cacao<\/a><span class=\"JsGRdQ\">, <\/span><span class=\"JsGRdQ\">tocopherol)<\/span><\/p>\n<p class=\"_04xlpA direction-ltr align-center para-style-title\"><span class=\"JsGRdQ\">*Beeswax from Les Petites \u00c9cores Farm<\/span><\/p>","protected":false},"author":1,"featured_media":6448,"comment_status":"open","ping_status":"closed","template":"","meta":{"wprm-recipe-roundup-name":"","wprm-recipe-roundup-description":"","wpupg_custom_link":[],"wpupg_custom_link_behaviour":[],"wpupg_custom_link_nofollow":[],"wpupg_custom_image":[],"wpupg_custom_image_id":[]},"product_brand":[],"product_cat":[136],"product_tag":[],"class_list":{"0":"post-5579","1":"product","2":"type-product","3":"status-publish","4":"has-post-thumbnail","6":"wc_square_synced-yes","7":"product_cat-cosmetique","9":"first","10":"outofstock","11":"taxable","12":"shipping-taxable","13":"purchasable","14":"product-type-simple"},"yoast_head":"<!-- This site is optimized with the Yoast SEO plugin v26.7 - https:\/\/yoast.com\/wordpress\/plugins\/seo\/ -->\n<title>Baume \u00e0 l\u00e8vres | Ferme Les Petites \u00c9cores<\/title>\n<meta name=\"robots\" content=\"index, follow, max-snippet:-1, max-image-preview:large, max-video-preview:-1\" \/>\n<link rel=\"canonical\" href=\"https:\/\/fermelpe.com\/en\/boutique\/baume-a-levres\/\" \/>\n<meta property=\"og:locale\" content=\"en_US\" \/>\n<meta property=\"og:type\" content=\"article\" \/>\n<meta property=\"og:title\" content=\"Baume \u00e0 l\u00e8vres | Ferme Les Petites \u00c9cores\" \/>\n<meta property=\"og:description\" content=\"Baume \u00e0 l\u00e8vres \u00e9labor\u00e9 \u00e0 la ferme hydratant et protecteur. \u00c0 base de cire d&#039;abeilles Ingr\u00e9dients: *Cire d&#039;abeille, huile de jojoba, beurre de cacao, vitamine E Ingredients INCI: *cera alca, simmondsia chinensis, theobroma cacao, tocopherol) *cire d&#039;abeille de la Ferme Les Petites \u00c9cores\" \/>\n<meta property=\"og:url\" content=\"https:\/\/fermelpe.com\/en\/boutique\/baume-a-levres\/\" \/>\n<meta property=\"og:site_name\" content=\"Ferme Les Petites \u00c9cores\" \/>\n<meta property=\"article:publisher\" content=\"https:\/\/www.facebook.com\/fermelpe\" \/>\n<meta property=\"article:modified_time\" content=\"2025-04-02T17:17:25+00:00\" \/>\n<meta property=\"og:image\" content=\"https:\/\/fermelpe.com\/wp-content\/uploads\/2023\/02\/20221030_132741.jpg\" \/>\n\t<meta property=\"og:image:width\" content=\"1300\" \/>\n\t<meta property=\"og:image:height\" content=\"1733\" \/>\n\t<meta property=\"og:image:type\" content=\"image\/jpeg\" \/>\n<script type=\"application\/ld+json\" class=\"yoast-schema-graph\">{\"@context\":\"https:\/\/schema.org\",\"@graph\":[{\"@type\":\"WebPage\",\"@id\":\"https:\/\/fermelpe.com\/boutique\/baume-a-levres\/\",\"url\":\"https:\/\/fermelpe.com\/boutique\/baume-a-levres\/\",\"name\":\"Baume \u00e0 l\u00e8vres | Ferme Les Petites \u00c9cores\",\"isPartOf\":{\"@id\":\"https:\/\/fermelpe.com\/#website\"},\"primaryImageOfPage\":{\"@id\":\"https:\/\/fermelpe.com\/boutique\/baume-a-levres\/#primaryimage\"},\"image\":{\"@id\":\"https:\/\/fermelpe.com\/boutique\/baume-a-levres\/#primaryimage\"},\"thumbnailUrl\":\"https:\/\/i0.wp.com\/fermelpe.com\/wp-content\/uploads\/2023\/02\/20221030_132741.jpg?fit=1300%2C1733&ssl=1\",\"datePublished\":\"2023-01-14T19:13:11+00:00\",\"dateModified\":\"2025-04-02T17:17:25+00:00\",\"breadcrumb\":{\"@id\":\"https:\/\/fermelpe.com\/boutique\/baume-a-levres\/#breadcrumb\"},\"inLanguage\":\"en-CA\",\"potentialAction\":[{\"@type\":\"ReadAction\",\"target\":[\"https:\/\/fermelpe.com\/boutique\/baume-a-levres\/\"]}]},{\"@type\":\"ImageObject\",\"inLanguage\":\"en-CA\",\"@id\":\"https:\/\/fermelpe.com\/boutique\/baume-a-levres\/#primaryimage\",\"url\":\"https:\/\/i0.wp.com\/fermelpe.com\/wp-content\/uploads\/2023\/02\/20221030_132741.jpg?fit=1300%2C1733&ssl=1\",\"contentUrl\":\"https:\/\/i0.wp.com\/fermelpe.com\/wp-content\/uploads\/2023\/02\/20221030_132741.jpg?fit=1300%2C1733&ssl=1\",\"width\":1300,\"height\":1733,\"caption\":\"Baumes \u00e0 l\u00e8vres\"},{\"@type\":\"BreadcrumbList\",\"@id\":\"https:\/\/fermelpe.com\/boutique\/baume-a-levres\/#breadcrumb\",\"itemListElement\":[{\"@type\":\"ListItem\",\"position\":1,\"name\":\"Accueil\",\"item\":\"https:\/\/fermelpe.com\/\"},{\"@type\":\"ListItem\",\"position\":2,\"name\":\"Boutique\",\"item\":\"https:\/\/fermelpe.com\/boutique\/\"},{\"@type\":\"ListItem\",\"position\":3,\"name\":\"Baume \u00e0 l\u00e8vres\"}]},{\"@type\":\"WebSite\",\"@id\":\"https:\/\/fermelpe.com\/#website\",\"url\":\"https:\/\/fermelpe.com\/\",\"name\":\"Ferme Les Petites \u00c9cores\",\"description\":\"\u00c9veillez vos sens au vrai go\u00fbt\",\"publisher\":{\"@id\":\"https:\/\/fermelpe.com\/#organization\"},\"potentialAction\":[{\"@type\":\"SearchAction\",\"target\":{\"@type\":\"EntryPoint\",\"urlTemplate\":\"https:\/\/fermelpe.com\/?s={search_term_string}\"},\"query-input\":{\"@type\":\"PropertyValueSpecification\",\"valueRequired\":true,\"valueName\":\"search_term_string\"}}],\"inLanguage\":\"en-CA\"},{\"@type\":\"Organization\",\"@id\":\"https:\/\/fermelpe.com\/#organization\",\"name\":\"Ferme Les Petites \u00c9cores\",\"url\":\"https:\/\/fermelpe.com\/\",\"logo\":{\"@type\":\"ImageObject\",\"inLanguage\":\"en-CA\",\"@id\":\"https:\/\/fermelpe.com\/#\/schema\/logo\/image\/\",\"url\":\"https:\/\/i0.wp.com\/fermelpe.com\/wp-content\/uploads\/2022\/12\/Facebook-Logo.png?fit=180%2C180&ssl=1\",\"contentUrl\":\"https:\/\/i0.wp.com\/fermelpe.com\/wp-content\/uploads\/2022\/12\/Facebook-Logo.png?fit=180%2C180&ssl=1\",\"width\":180,\"height\":180,\"caption\":\"Ferme Les Petites \u00c9cores\"},\"image\":{\"@id\":\"https:\/\/fermelpe.com\/#\/schema\/logo\/image\/\"},\"sameAs\":[\"https:\/\/www.facebook.com\/fermelpe\",\"https:\/\/www.instagram.com\/flpecores\/\"]}]}<\/script>\n<!-- \/ Yoast SEO plugin. -->","yoast_head_json":{"title":"Lip balm | Ferme les Petites \u00c9cores","robots":{"index":"index","follow":"follow","max-snippet":"max-snippet:-1","max-image-preview":"max-image-preview:large","max-video-preview":"max-video-preview:-1"},"canonical":"https:\/\/fermelpe.com\/en\/boutique\/baume-a-levres\/","og_locale":"en_US","og_type":"article","og_title":"Baume \u00e0 l\u00e8vres | Ferme Les Petites \u00c9cores","og_description":"Baume \u00e0 l\u00e8vres \u00e9labor\u00e9 \u00e0 la ferme hydratant et protecteur. \u00c0 base de cire d'abeilles Ingr\u00e9dients: *Cire d'abeille, huile de jojoba, beurre de cacao, vitamine E Ingredients INCI: *cera alca, simmondsia chinensis, theobroma cacao, tocopherol) *cire d'abeille de la Ferme Les Petites \u00c9cores","og_url":"https:\/\/fermelpe.com\/en\/boutique\/baume-a-levres\/","og_site_name":"Ferme Les Petites \u00c9cores","article_publisher":"https:\/\/www.facebook.com\/fermelpe","article_modified_time":"2025-04-02T17:17:25+00:00","og_image":[{"width":1300,"height":1733,"url":"https:\/\/fermelpe.com\/wp-content\/uploads\/2023\/02\/20221030_132741.jpg","type":"image\/jpeg"}],"schema":{"@context":"https:\/\/schema.org","@graph":[{"@type":"WebPage","@id":"https:\/\/fermelpe.com\/boutique\/baume-a-levres\/","url":"https:\/\/fermelpe.com\/boutique\/baume-a-levres\/","name":"Lip balm | Ferme les Petites \u00c9cores","isPartOf":{"@id":"https:\/\/fermelpe.com\/#website"},"primaryImageOfPage":{"@id":"https:\/\/fermelpe.com\/boutique\/baume-a-levres\/#primaryimage"},"image":{"@id":"https:\/\/fermelpe.com\/boutique\/baume-a-levres\/#primaryimage"},"thumbnailUrl":"https:\/\/i0.wp.com\/fermelpe.com\/wp-content\/uploads\/2023\/02\/20221030_132741.jpg?fit=1300%2C1733&ssl=1","datePublished":"2023-01-14T19:13:11+00:00","dateModified":"2025-04-02T17:17:25+00:00","breadcrumb":{"@id":"https:\/\/fermelpe.com\/boutique\/baume-a-levres\/#breadcrumb"},"inLanguage":"en-CA","potentialAction":[{"@type":"ReadAction","target":["https:\/\/fermelpe.com\/boutique\/baume-a-levres\/"]}]},{"@type":"ImageObject","inLanguage":"en-CA","@id":"https:\/\/fermelpe.com\/boutique\/baume-a-levres\/#primaryimage","url":"https:\/\/i0.wp.com\/fermelpe.com\/wp-content\/uploads\/2023\/02\/20221030_132741.jpg?fit=1300%2C1733&ssl=1","contentUrl":"https:\/\/i0.wp.com\/fermelpe.com\/wp-content\/uploads\/2023\/02\/20221030_132741.jpg?fit=1300%2C1733&ssl=1","width":1300,"height":1733,"caption":"Baumes \u00e0 l\u00e8vres"},{"@type":"BreadcrumbList","@id":"https:\/\/fermelpe.com\/boutique\/baume-a-levres\/#breadcrumb","itemListElement":[{"@type":"ListItem","position":1,"name":"Accueil","item":"https:\/\/fermelpe.com\/"},{"@type":"ListItem","position":2,"name":"Boutique","item":"https:\/\/fermelpe.com\/boutique\/"},{"@type":"ListItem","position":3,"name":"Baume \u00e0 l\u00e8vres"}]},{"@type":"WebSite","@id":"https:\/\/fermelpe.com\/#website","url":"https:\/\/fermelpe.com\/","name":"Ferme Les Petites \u00c9cores","description":"Awaken your senses to true taste","publisher":{"@id":"https:\/\/fermelpe.com\/#organization"},"potentialAction":[{"@type":"SearchAction","target":{"@type":"EntryPoint","urlTemplate":"https:\/\/fermelpe.com\/?s={search_term_string}"},"query-input":{"@type":"PropertyValueSpecification","valueRequired":true,"valueName":"search_term_string"}}],"inLanguage":"en-CA"},{"@type":"Organization","@id":"https:\/\/fermelpe.com\/#organization","name":"Ferme Les Petites \u00c9cores","url":"https:\/\/fermelpe.com\/","logo":{"@type":"ImageObject","inLanguage":"en-CA","@id":"https:\/\/fermelpe.com\/#\/schema\/logo\/image\/","url":"https:\/\/i0.wp.com\/fermelpe.com\/wp-content\/uploads\/2022\/12\/Facebook-Logo.png?fit=180%2C180&ssl=1","contentUrl":"https:\/\/i0.wp.com\/fermelpe.com\/wp-content\/uploads\/2022\/12\/Facebook-Logo.png?fit=180%2C180&ssl=1","width":180,"height":180,"caption":"Ferme Les Petites \u00c9cores"},"image":{"@id":"https:\/\/fermelpe.com\/#\/schema\/logo\/image\/"},"sameAs":["https:\/\/www.facebook.com\/fermelpe","https:\/\/www.instagram.com\/flpecores\/"]}]}},"_links":{"self":[{"href":"https:\/\/fermelpe.com\/en\/wp-json\/wp\/v2\/product\/5579","targetHints":{"allow":["GET"]}}],"collection":[{"href":"https:\/\/fermelpe.com\/en\/wp-json\/wp\/v2\/product"}],"about":[{"href":"https:\/\/fermelpe.com\/en\/wp-json\/wp\/v2\/types\/product"}],"author":[{"embeddable":true,"href":"https:\/\/fermelpe.com\/en\/wp-json\/wp\/v2\/users\/1"}],"replies":[{"embeddable":true,"href":"https:\/\/fermelpe.com\/en\/wp-json\/wp\/v2\/comments?post=5579"}],"wp:featuredmedia":[{"embeddable":true,"href":"https:\/\/fermelpe.com\/en\/wp-json\/wp\/v2\/media\/6448"}],"wp:attachment":[{"href":"https:\/\/fermelpe.com\/en\/wp-json\/wp\/v2\/media?parent=5579"}],"wp:term":[{"taxonomy":"product_brand","embeddable":true,"href":"https:\/\/fermelpe.com\/en\/wp-json\/wp\/v2\/product_brand?post=5579"},{"taxonomy":"product_cat","embeddable":true,"href":"https:\/\/fermelpe.com\/en\/wp-json\/wp\/v2\/product_cat?post=5579"},{"taxonomy":"product_tag","embeddable":true,"href":"https:\/\/fermelpe.com\/en\/wp-json\/wp\/v2\/product_tag?post=5579"}],"curies":[{"name":"wp","href":"https:\/\/api.w.org\/{rel}","templated":true}]}}