{"id":5997,"date":"2023-01-27T11:18:31","date_gmt":"2023-01-27T16:18:31","guid":{"rendered":"https:\/\/fermelpe.com\/produit\/parrainer-une-ruche\/"},"modified":"2026-03-16T14:45:52","modified_gmt":"2026-03-16T18:45:52","slug":"parrainer-une-ruche","status":"publish","type":"product","link":"https:\/\/fermelpe.com\/en\/boutique\/parrainer-une-ruche\/","title":{"rendered":"Sponsor a hive"},"content":{"rendered":"<p>By sponsoring a beehive, you enable the beekeeper to ensure the health of nearly 50,000 bees! This represents invaluable support for the survival of bees. You not only help to save bees, but you also reap several benefits.<\/p>\n<p>&nbsp;<\/p>\n<p>For more information: <a href=\"https:\/\/fermelpe.com\/en\/apiculture\/aider-les-abeilles\/parrainer-une-ruche\/\">Sponsor a hive<\/a><\/p>","protected":false},"excerpt":{"rendered":"<p>En parrainant une ruche, vous permettez \u00e0 l\u2019apiculteur de s\u2019assurer de garder en sant\u00e9 pr\u00e8s de 50 000 abeilles! Cela repr\u00e9sente une aide inestimable pour la survie des abeilles.\u00a0Vous aidez non seulement \u00e0 la sauvegarde des abeilles, mais vous en tirez \u00e9galement plusieurs avantages. &nbsp; Pour plus d&#8217;informations : Parrainer une ruche<\/p>","protected":false},"author":1,"featured_media":7579,"comment_status":"open","ping_status":"closed","template":"","meta":{"wprm-recipe-roundup-name":"","wprm-recipe-roundup-description":"","wpupg_custom_link":[],"wpupg_custom_link_behaviour":[],"wpupg_custom_link_nofollow":[],"wpupg_custom_image":[],"wpupg_custom_image_id":[]},"product_brand":[],"product_cat":[132],"product_tag":[],"class_list":{"0":"post-5997","1":"product","2":"type-product","3":"status-publish","4":"has-post-thumbnail","6":"product_cat-activites","8":"first","9":"instock","10":"taxable","11":"shipping-taxable","12":"purchasable","13":"product-type-variable"},"yoast_head":"<!-- This site is optimized with the Yoast SEO plugin v26.7 - https:\/\/yoast.com\/wordpress\/plugins\/seo\/ -->\n<title>Parrainer une ruche | Ferme Les Petites \u00c9cores<\/title>\n<meta name=\"robots\" content=\"index, follow, max-snippet:-1, max-image-preview:large, max-video-preview:-1\" \/>\n<link rel=\"canonical\" href=\"https:\/\/fermelpe.com\/en\/boutique\/parrainer-une-ruche\/\" \/>\n<meta property=\"og:locale\" content=\"en_US\" \/>\n<meta property=\"og:type\" content=\"article\" \/>\n<meta property=\"og:title\" content=\"Parrainer une ruche | Ferme Les Petites \u00c9cores\" \/>\n<meta property=\"og:description\" content=\"En parrainant une ruche, vous permettez \u00e0 l\u2019apiculteur de s\u2019assurer de garder en sant\u00e9 pr\u00e8s de 50 000 abeilles! Cela repr\u00e9sente une aide inestimable pour la survie des abeilles.\u00a0Vous aidez non seulement \u00e0 la sauvegarde des abeilles, mais vous en tirez \u00e9galement plusieurs avantages. &nbsp; Pour plus d&#8217;informations : Parrainer une ruche\" \/>\n<meta property=\"og:url\" content=\"https:\/\/fermelpe.com\/en\/boutique\/parrainer-une-ruche\/\" \/>\n<meta property=\"og:site_name\" content=\"Ferme Les Petites \u00c9cores\" \/>\n<meta property=\"article:publisher\" content=\"https:\/\/www.facebook.com\/fermelpe\" \/>\n<meta property=\"article:modified_time\" content=\"2026-03-16T18:45:52+00:00\" \/>\n<meta property=\"og:image\" content=\"https:\/\/fermelpe.com\/wp-content\/uploads\/2023\/01\/20220722_1824431.jpg\" \/>\n\t<meta property=\"og:image:width\" content=\"1200\" \/>\n\t<meta property=\"og:image:height\" content=\"1200\" \/>\n\t<meta property=\"og:image:type\" content=\"image\/jpeg\" \/>\n<script type=\"application\/ld+json\" class=\"yoast-schema-graph\">{\"@context\":\"https:\/\/schema.org\",\"@graph\":[{\"@type\":\"WebPage\",\"@id\":\"https:\/\/fermelpe.com\/boutique\/parrainer-une-ruche\/\",\"url\":\"https:\/\/fermelpe.com\/boutique\/parrainer-une-ruche\/\",\"name\":\"Parrainer une ruche | Ferme Les Petites \u00c9cores\",\"isPartOf\":{\"@id\":\"https:\/\/fermelpe.com\/#website\"},\"primaryImageOfPage\":{\"@id\":\"https:\/\/fermelpe.com\/boutique\/parrainer-une-ruche\/#primaryimage\"},\"image\":{\"@id\":\"https:\/\/fermelpe.com\/boutique\/parrainer-une-ruche\/#primaryimage\"},\"thumbnailUrl\":\"https:\/\/i0.wp.com\/fermelpe.com\/wp-content\/uploads\/2023\/01\/20220722_1824431.jpg?fit=1200%2C1200&ssl=1\",\"datePublished\":\"2023-01-27T16:18:31+00:00\",\"dateModified\":\"2026-03-16T18:45:52+00:00\",\"breadcrumb\":{\"@id\":\"https:\/\/fermelpe.com\/boutique\/parrainer-une-ruche\/#breadcrumb\"},\"inLanguage\":\"en-CA\",\"potentialAction\":[{\"@type\":\"ReadAction\",\"target\":[\"https:\/\/fermelpe.com\/boutique\/parrainer-une-ruche\/\"]}]},{\"@type\":\"ImageObject\",\"inLanguage\":\"en-CA\",\"@id\":\"https:\/\/fermelpe.com\/boutique\/parrainer-une-ruche\/#primaryimage\",\"url\":\"https:\/\/i0.wp.com\/fermelpe.com\/wp-content\/uploads\/2023\/01\/20220722_1824431.jpg?fit=1200%2C1200&ssl=1\",\"contentUrl\":\"https:\/\/i0.wp.com\/fermelpe.com\/wp-content\/uploads\/2023\/01\/20220722_1824431.jpg?fit=1200%2C1200&ssl=1\",\"width\":1200,\"height\":1200},{\"@type\":\"BreadcrumbList\",\"@id\":\"https:\/\/fermelpe.com\/boutique\/parrainer-une-ruche\/#breadcrumb\",\"itemListElement\":[{\"@type\":\"ListItem\",\"position\":1,\"name\":\"Accueil\",\"item\":\"https:\/\/fermelpe.com\/\"},{\"@type\":\"ListItem\",\"position\":2,\"name\":\"Boutique\",\"item\":\"https:\/\/fermelpe.com\/boutique\/\"},{\"@type\":\"ListItem\",\"position\":3,\"name\":\"Parrainer une ruche\"}]},{\"@type\":\"WebSite\",\"@id\":\"https:\/\/fermelpe.com\/#website\",\"url\":\"https:\/\/fermelpe.com\/\",\"name\":\"Ferme Les Petites \u00c9cores\",\"description\":\"\u00c9veillez vos sens au vrai go\u00fbt\",\"publisher\":{\"@id\":\"https:\/\/fermelpe.com\/#organization\"},\"potentialAction\":[{\"@type\":\"SearchAction\",\"target\":{\"@type\":\"EntryPoint\",\"urlTemplate\":\"https:\/\/fermelpe.com\/?s={search_term_string}\"},\"query-input\":{\"@type\":\"PropertyValueSpecification\",\"valueRequired\":true,\"valueName\":\"search_term_string\"}}],\"inLanguage\":\"en-CA\"},{\"@type\":\"Organization\",\"@id\":\"https:\/\/fermelpe.com\/#organization\",\"name\":\"Ferme Les Petites \u00c9cores\",\"url\":\"https:\/\/fermelpe.com\/\",\"logo\":{\"@type\":\"ImageObject\",\"inLanguage\":\"en-CA\",\"@id\":\"https:\/\/fermelpe.com\/#\/schema\/logo\/image\/\",\"url\":\"https:\/\/i0.wp.com\/fermelpe.com\/wp-content\/uploads\/2022\/12\/Facebook-Logo.png?fit=180%2C180&ssl=1\",\"contentUrl\":\"https:\/\/i0.wp.com\/fermelpe.com\/wp-content\/uploads\/2022\/12\/Facebook-Logo.png?fit=180%2C180&ssl=1\",\"width\":180,\"height\":180,\"caption\":\"Ferme Les Petites \u00c9cores\"},\"image\":{\"@id\":\"https:\/\/fermelpe.com\/#\/schema\/logo\/image\/\"},\"sameAs\":[\"https:\/\/www.facebook.com\/fermelpe\",\"https:\/\/www.instagram.com\/flpecores\/\"]}]}<\/script>\n<!-- \/ Yoast SEO plugin. -->","yoast_head_json":{"title":"Sponsor a hive | Ferme Les Petites \u00c9cores","robots":{"index":"index","follow":"follow","max-snippet":"max-snippet:-1","max-image-preview":"max-image-preview:large","max-video-preview":"max-video-preview:-1"},"canonical":"https:\/\/fermelpe.com\/en\/boutique\/parrainer-une-ruche\/","og_locale":"en_US","og_type":"article","og_title":"Parrainer une ruche | Ferme Les Petites \u00c9cores","og_description":"En parrainant une ruche, vous permettez \u00e0 l\u2019apiculteur de s\u2019assurer de garder en sant\u00e9 pr\u00e8s de 50 000 abeilles! Cela repr\u00e9sente une aide inestimable pour la survie des abeilles.\u00a0Vous aidez non seulement \u00e0 la sauvegarde des abeilles, mais vous en tirez \u00e9galement plusieurs avantages. &nbsp; Pour plus d&#8217;informations : Parrainer une ruche","og_url":"https:\/\/fermelpe.com\/en\/boutique\/parrainer-une-ruche\/","og_site_name":"Ferme Les Petites \u00c9cores","article_publisher":"https:\/\/www.facebook.com\/fermelpe","article_modified_time":"2026-03-16T18:45:52+00:00","og_image":[{"width":1200,"height":1200,"url":"https:\/\/fermelpe.com\/wp-content\/uploads\/2023\/01\/20220722_1824431.jpg","type":"image\/jpeg"}],"schema":{"@context":"https:\/\/schema.org","@graph":[{"@type":"WebPage","@id":"https:\/\/fermelpe.com\/boutique\/parrainer-une-ruche\/","url":"https:\/\/fermelpe.com\/boutique\/parrainer-une-ruche\/","name":"Sponsor a hive | Ferme Les Petites \u00c9cores","isPartOf":{"@id":"https:\/\/fermelpe.com\/#website"},"primaryImageOfPage":{"@id":"https:\/\/fermelpe.com\/boutique\/parrainer-une-ruche\/#primaryimage"},"image":{"@id":"https:\/\/fermelpe.com\/boutique\/parrainer-une-ruche\/#primaryimage"},"thumbnailUrl":"https:\/\/i0.wp.com\/fermelpe.com\/wp-content\/uploads\/2023\/01\/20220722_1824431.jpg?fit=1200%2C1200&ssl=1","datePublished":"2023-01-27T16:18:31+00:00","dateModified":"2026-03-16T18:45:52+00:00","breadcrumb":{"@id":"https:\/\/fermelpe.com\/boutique\/parrainer-une-ruche\/#breadcrumb"},"inLanguage":"en-CA","potentialAction":[{"@type":"ReadAction","target":["https:\/\/fermelpe.com\/boutique\/parrainer-une-ruche\/"]}]},{"@type":"ImageObject","inLanguage":"en-CA","@id":"https:\/\/fermelpe.com\/boutique\/parrainer-une-ruche\/#primaryimage","url":"https:\/\/i0.wp.com\/fermelpe.com\/wp-content\/uploads\/2023\/01\/20220722_1824431.jpg?fit=1200%2C1200&ssl=1","contentUrl":"https:\/\/i0.wp.com\/fermelpe.com\/wp-content\/uploads\/2023\/01\/20220722_1824431.jpg?fit=1200%2C1200&ssl=1","width":1200,"height":1200},{"@type":"BreadcrumbList","@id":"https:\/\/fermelpe.com\/boutique\/parrainer-une-ruche\/#breadcrumb","itemListElement":[{"@type":"ListItem","position":1,"name":"Accueil","item":"https:\/\/fermelpe.com\/"},{"@type":"ListItem","position":2,"name":"Boutique","item":"https:\/\/fermelpe.com\/boutique\/"},{"@type":"ListItem","position":3,"name":"Parrainer une ruche"}]},{"@type":"WebSite","@id":"https:\/\/fermelpe.com\/#website","url":"https:\/\/fermelpe.com\/","name":"Ferme Les Petites \u00c9cores","description":"Awaken your senses to true taste","publisher":{"@id":"https:\/\/fermelpe.com\/#organization"},"potentialAction":[{"@type":"SearchAction","target":{"@type":"EntryPoint","urlTemplate":"https:\/\/fermelpe.com\/?s={search_term_string}"},"query-input":{"@type":"PropertyValueSpecification","valueRequired":true,"valueName":"search_term_string"}}],"inLanguage":"en-CA"},{"@type":"Organization","@id":"https:\/\/fermelpe.com\/#organization","name":"Ferme Les Petites \u00c9cores","url":"https:\/\/fermelpe.com\/","logo":{"@type":"ImageObject","inLanguage":"en-CA","@id":"https:\/\/fermelpe.com\/#\/schema\/logo\/image\/","url":"https:\/\/i0.wp.com\/fermelpe.com\/wp-content\/uploads\/2022\/12\/Facebook-Logo.png?fit=180%2C180&ssl=1","contentUrl":"https:\/\/i0.wp.com\/fermelpe.com\/wp-content\/uploads\/2022\/12\/Facebook-Logo.png?fit=180%2C180&ssl=1","width":180,"height":180,"caption":"Ferme Les Petites \u00c9cores"},"image":{"@id":"https:\/\/fermelpe.com\/#\/schema\/logo\/image\/"},"sameAs":["https:\/\/www.facebook.com\/fermelpe","https:\/\/www.instagram.com\/flpecores\/"]}]}},"_links":{"self":[{"href":"https:\/\/fermelpe.com\/en\/wp-json\/wp\/v2\/product\/5997","targetHints":{"allow":["GET"]}}],"collection":[{"href":"https:\/\/fermelpe.com\/en\/wp-json\/wp\/v2\/product"}],"about":[{"href":"https:\/\/fermelpe.com\/en\/wp-json\/wp\/v2\/types\/product"}],"author":[{"embeddable":true,"href":"https:\/\/fermelpe.com\/en\/wp-json\/wp\/v2\/users\/1"}],"replies":[{"embeddable":true,"href":"https:\/\/fermelpe.com\/en\/wp-json\/wp\/v2\/comments?post=5997"}],"wp:featuredmedia":[{"embeddable":true,"href":"https:\/\/fermelpe.com\/en\/wp-json\/wp\/v2\/media\/7579"}],"wp:attachment":[{"href":"https:\/\/fermelpe.com\/en\/wp-json\/wp\/v2\/media?parent=5997"}],"wp:term":[{"taxonomy":"product_brand","embeddable":true,"href":"https:\/\/fermelpe.com\/en\/wp-json\/wp\/v2\/product_brand?post=5997"},{"taxonomy":"product_cat","embeddable":true,"href":"https:\/\/fermelpe.com\/en\/wp-json\/wp\/v2\/product_cat?post=5997"},{"taxonomy":"product_tag","embeddable":true,"href":"https:\/\/fermelpe.com\/en\/wp-json\/wp\/v2\/product_tag?post=5997"}],"curies":[{"name":"wp","href":"https:\/\/api.w.org\/{rel}","templated":true}]}}