{"id":9682,"date":"2026-03-12T06:00:50","date_gmt":"2026-03-12T10:00:50","guid":{"rendered":"https:\/\/fermelpe.com\/?post_type=product&#038;p=9682"},"modified":"2026-04-10T18:01:50","modified_gmt":"2026-04-10T22:01:50","slug":"table-champetre-jfplante-1","status":"publish","type":"product","link":"https:\/\/fermelpe.com\/en\/boutique\/table-champetre-jfplante-1\/","title":{"rendered":"Country Table \u2013 Jean-Fran\u00e7ois Plante \u2013 August 15, 2026"},"content":{"rendered":"<p><strong>Country Table on August 15, 2026 with Chef Jean-Fran\u00e7ois Plante<\/strong><\/p>\n<p>Immerse yourself in a unique culinary experience in the heart of nature with our Table Champ\u00eatre. Inspired by the produce from our farm, this gastronomic feast showcases the bounty of our products and those of local producers, enhanced by the talent of Chef Jean-Fran\u00e7ois Plante.<\/p>\n<p>&nbsp;<\/p>\n<p>Your evening will begin with a tour of the farm where you can discover our organic vegetable crops, our beehives, and sea buckthorn berries. Then, Sous Les Oliviers will present its business and products. Afterwards, indulge in a creative multi-course menu that celebrates the true flavor of the ingredients.<\/p>\n<p><strong>Evening menu:<\/strong> <a href=\"https:\/\/fermelpe.com\/wp-content\/uploads\/2026\/03\/Table-champetre-Jean-Francois-Plante.pdf\">Menu for August 15, 2026<\/a><\/p>\n<p>Chef Jean-Fran\u00e7ois Plante, a creator of flavors, will design this menu in collaboration with Sous les oliviers and Ferme Les Petites \u00c9cores. Get ready for an evening bursting with flavor!<\/p>\n<table style=\"color: #e7e7e7; border-collapse: collapse; width: 100%;\">\n<thead>\n<tr>\n<th style=\"text-align: left;\">Date \/ cost<\/th>\n<th style=\"text-align: center;\">Adult<\/th>\n<\/tr>\n<\/thead>\n<tbody>\n<tr>\n<td>March 21 to March 31<\/td>\n<td style=\"text-align: center;\">170,00 $<\/td>\n<\/tr>\n<tr>\n<td>April 1st to May 31st<\/td>\n<td style=\"text-align: center;\">175,00 $<\/td>\n<\/tr>\n<tr>\n<td>From June 1st<\/td>\n<td style=\"text-align: center;\">185,00 $<\/td>\n<\/tr>\n<\/tbody>\n<\/table>\n<p>&nbsp;<\/p>\n<p><strong>Practical information:<\/strong><\/p>\n<p><strong>Date<\/strong> August 15, 2026<\/p>\n<p><strong>Arrival time<\/strong> From 4:30 PM<\/p>\n<p><strong>Start of the farm tour<\/strong> 5:00 PM<\/p>\n<p><strong>Dinner begins<\/strong> 6:30 PM<\/p>\n<p>Note: Bring your own wine. No alcohol is provided or sold on site.<\/p>","protected":false},"excerpt":{"rendered":"<p>Bring your own wine. No alcohol is provided or sold on site.<\/p>","protected":false},"author":1,"featured_media":9906,"comment_status":"open","ping_status":"closed","template":"","meta":{"wprm-recipe-roundup-name":"","wprm-recipe-roundup-description":"","wpupg_custom_link":[],"wpupg_custom_link_behaviour":[],"wpupg_custom_link_nofollow":[],"wpupg_custom_image":[],"wpupg_custom_image_id":[]},"product_brand":[],"product_cat":[132,298],"product_tag":[],"class_list":{"0":"post-9682","1":"product","2":"type-product","3":"status-publish","4":"has-post-thumbnail","6":"product_cat-activites","7":"product_cat-table-champetre","9":"first","10":"instock","11":"sale","12":"downloadable","13":"virtual","14":"taxable","15":"purchasable","16":"product-type-simple"},"yoast_head":"<!-- This site is optimized with the Yoast SEO plugin v26.7 - https:\/\/yoast.com\/wordpress\/plugins\/seo\/ -->\n<title>Table champ\u00eatre - Jean-Fran\u00e7ois Plante - 15 ao\u00fbt 2026 | Ferme Les Petites \u00c9cores<\/title>\n<meta name=\"robots\" content=\"index, follow, max-snippet:-1, max-image-preview:large, max-video-preview:-1\" \/>\n<link rel=\"canonical\" href=\"https:\/\/fermelpe.com\/en\/boutique\/table-champetre-jfplante-1\/\" \/>\n<meta property=\"og:locale\" content=\"en_US\" \/>\n<meta property=\"og:type\" content=\"article\" \/>\n<meta property=\"og:title\" content=\"Table champ\u00eatre - Jean-Fran\u00e7ois Plante - 15 ao\u00fbt 2026 | Ferme Les Petites \u00c9cores\" \/>\n<meta property=\"og:description\" content=\"Apportez votre vin. Aucun alcool n&#039;est fourni ni vendu sur place.\" \/>\n<meta property=\"og:url\" content=\"https:\/\/fermelpe.com\/en\/boutique\/table-champetre-jfplante-1\/\" \/>\n<meta property=\"og:site_name\" content=\"Ferme Les Petites \u00c9cores\" \/>\n<meta property=\"article:publisher\" content=\"https:\/\/www.facebook.com\/fermelpe\" \/>\n<meta property=\"article:modified_time\" content=\"2026-04-10T22:01:50+00:00\" \/>\n<meta property=\"og:image\" content=\"https:\/\/fermelpe.com\/wp-content\/uploads\/2026\/03\/jean-francois-plante-huile.jpg\" \/>\n\t<meta property=\"og:image:width\" content=\"1500\" \/>\n\t<meta property=\"og:image:height\" content=\"998\" \/>\n\t<meta property=\"og:image:type\" content=\"image\/jpeg\" \/>\n<script type=\"application\/ld+json\" class=\"yoast-schema-graph\">{\"@context\":\"https:\/\/schema.org\",\"@graph\":[{\"@type\":\"WebPage\",\"@id\":\"https:\/\/fermelpe.com\/boutique\/table-champetre-jfplante-1\/\",\"url\":\"https:\/\/fermelpe.com\/boutique\/table-champetre-jfplante-1\/\",\"name\":\"Table champ\u00eatre - Jean-Fran\u00e7ois Plante - 15 ao\u00fbt 2026 | Ferme Les Petites \u00c9cores\",\"isPartOf\":{\"@id\":\"https:\/\/fermelpe.com\/#website\"},\"primaryImageOfPage\":{\"@id\":\"https:\/\/fermelpe.com\/boutique\/table-champetre-jfplante-1\/#primaryimage\"},\"image\":{\"@id\":\"https:\/\/fermelpe.com\/boutique\/table-champetre-jfplante-1\/#primaryimage\"},\"thumbnailUrl\":\"https:\/\/i0.wp.com\/fermelpe.com\/wp-content\/uploads\/2026\/03\/jean-francois-plante-huile.jpg?fit=1500%2C998&ssl=1\",\"datePublished\":\"2026-03-12T10:00:50+00:00\",\"dateModified\":\"2026-04-10T22:01:50+00:00\",\"breadcrumb\":{\"@id\":\"https:\/\/fermelpe.com\/boutique\/table-champetre-jfplante-1\/#breadcrumb\"},\"inLanguage\":\"en-CA\",\"potentialAction\":[{\"@type\":\"ReadAction\",\"target\":[\"https:\/\/fermelpe.com\/boutique\/table-champetre-jfplante-1\/\"]}]},{\"@type\":\"ImageObject\",\"inLanguage\":\"en-CA\",\"@id\":\"https:\/\/fermelpe.com\/boutique\/table-champetre-jfplante-1\/#primaryimage\",\"url\":\"https:\/\/i0.wp.com\/fermelpe.com\/wp-content\/uploads\/2026\/03\/jean-francois-plante-huile.jpg?fit=1500%2C998&ssl=1\",\"contentUrl\":\"https:\/\/i0.wp.com\/fermelpe.com\/wp-content\/uploads\/2026\/03\/jean-francois-plante-huile.jpg?fit=1500%2C998&ssl=1\",\"width\":1500,\"height\":998},{\"@type\":\"BreadcrumbList\",\"@id\":\"https:\/\/fermelpe.com\/boutique\/table-champetre-jfplante-1\/#breadcrumb\",\"itemListElement\":[{\"@type\":\"ListItem\",\"position\":1,\"name\":\"Accueil\",\"item\":\"https:\/\/fermelpe.com\/\"},{\"@type\":\"ListItem\",\"position\":2,\"name\":\"Boutique\",\"item\":\"https:\/\/fermelpe.com\/boutique\/\"},{\"@type\":\"ListItem\",\"position\":3,\"name\":\"Table champ\u00eatre &#8211; Jean-Fran\u00e7ois Plante &#8211; 15 ao\u00fbt 2026\"}]},{\"@type\":\"WebSite\",\"@id\":\"https:\/\/fermelpe.com\/#website\",\"url\":\"https:\/\/fermelpe.com\/\",\"name\":\"Ferme Les Petites \u00c9cores\",\"description\":\"\u00c9veillez vos sens au vrai go\u00fbt\",\"publisher\":{\"@id\":\"https:\/\/fermelpe.com\/#organization\"},\"potentialAction\":[{\"@type\":\"SearchAction\",\"target\":{\"@type\":\"EntryPoint\",\"urlTemplate\":\"https:\/\/fermelpe.com\/?s={search_term_string}\"},\"query-input\":{\"@type\":\"PropertyValueSpecification\",\"valueRequired\":true,\"valueName\":\"search_term_string\"}}],\"inLanguage\":\"en-CA\"},{\"@type\":\"Organization\",\"@id\":\"https:\/\/fermelpe.com\/#organization\",\"name\":\"Ferme Les Petites \u00c9cores\",\"url\":\"https:\/\/fermelpe.com\/\",\"logo\":{\"@type\":\"ImageObject\",\"inLanguage\":\"en-CA\",\"@id\":\"https:\/\/fermelpe.com\/#\/schema\/logo\/image\/\",\"url\":\"https:\/\/i0.wp.com\/fermelpe.com\/wp-content\/uploads\/2022\/12\/Facebook-Logo.png?fit=180%2C180&ssl=1\",\"contentUrl\":\"https:\/\/i0.wp.com\/fermelpe.com\/wp-content\/uploads\/2022\/12\/Facebook-Logo.png?fit=180%2C180&ssl=1\",\"width\":180,\"height\":180,\"caption\":\"Ferme Les Petites \u00c9cores\"},\"image\":{\"@id\":\"https:\/\/fermelpe.com\/#\/schema\/logo\/image\/\"},\"sameAs\":[\"https:\/\/www.facebook.com\/fermelpe\",\"https:\/\/www.instagram.com\/flpecores\/\"]}]}<\/script>\n<!-- \/ Yoast SEO plugin. -->","yoast_head_json":{"title":"Table champ\u00eatre - Jean-Fran\u00e7ois Plante - 15 ao\u00fbt 2026 | Ferme Les Petites \u00c9cores","robots":{"index":"index","follow":"follow","max-snippet":"max-snippet:-1","max-image-preview":"max-image-preview:large","max-video-preview":"max-video-preview:-1"},"canonical":"https:\/\/fermelpe.com\/en\/boutique\/table-champetre-jfplante-1\/","og_locale":"en_US","og_type":"article","og_title":"Table champ\u00eatre - Jean-Fran\u00e7ois Plante - 15 ao\u00fbt 2026 | Ferme Les Petites \u00c9cores","og_description":"Apportez votre vin. Aucun alcool n'est fourni ni vendu sur place.","og_url":"https:\/\/fermelpe.com\/en\/boutique\/table-champetre-jfplante-1\/","og_site_name":"Ferme Les Petites \u00c9cores","article_publisher":"https:\/\/www.facebook.com\/fermelpe","article_modified_time":"2026-04-10T22:01:50+00:00","og_image":[{"width":1500,"height":998,"url":"https:\/\/fermelpe.com\/wp-content\/uploads\/2026\/03\/jean-francois-plante-huile.jpg","type":"image\/jpeg"}],"schema":{"@context":"https:\/\/schema.org","@graph":[{"@type":"WebPage","@id":"https:\/\/fermelpe.com\/boutique\/table-champetre-jfplante-1\/","url":"https:\/\/fermelpe.com\/boutique\/table-champetre-jfplante-1\/","name":"Table champ\u00eatre - Jean-Fran\u00e7ois Plante - 15 ao\u00fbt 2026 | Ferme Les Petites \u00c9cores","isPartOf":{"@id":"https:\/\/fermelpe.com\/#website"},"primaryImageOfPage":{"@id":"https:\/\/fermelpe.com\/boutique\/table-champetre-jfplante-1\/#primaryimage"},"image":{"@id":"https:\/\/fermelpe.com\/boutique\/table-champetre-jfplante-1\/#primaryimage"},"thumbnailUrl":"https:\/\/i0.wp.com\/fermelpe.com\/wp-content\/uploads\/2026\/03\/jean-francois-plante-huile.jpg?fit=1500%2C998&ssl=1","datePublished":"2026-03-12T10:00:50+00:00","dateModified":"2026-04-10T22:01:50+00:00","breadcrumb":{"@id":"https:\/\/fermelpe.com\/boutique\/table-champetre-jfplante-1\/#breadcrumb"},"inLanguage":"en-CA","potentialAction":[{"@type":"ReadAction","target":["https:\/\/fermelpe.com\/boutique\/table-champetre-jfplante-1\/"]}]},{"@type":"ImageObject","inLanguage":"en-CA","@id":"https:\/\/fermelpe.com\/boutique\/table-champetre-jfplante-1\/#primaryimage","url":"https:\/\/i0.wp.com\/fermelpe.com\/wp-content\/uploads\/2026\/03\/jean-francois-plante-huile.jpg?fit=1500%2C998&ssl=1","contentUrl":"https:\/\/i0.wp.com\/fermelpe.com\/wp-content\/uploads\/2026\/03\/jean-francois-plante-huile.jpg?fit=1500%2C998&ssl=1","width":1500,"height":998},{"@type":"BreadcrumbList","@id":"https:\/\/fermelpe.com\/boutique\/table-champetre-jfplante-1\/#breadcrumb","itemListElement":[{"@type":"ListItem","position":1,"name":"Accueil","item":"https:\/\/fermelpe.com\/"},{"@type":"ListItem","position":2,"name":"Boutique","item":"https:\/\/fermelpe.com\/boutique\/"},{"@type":"ListItem","position":3,"name":"Table champ\u00eatre &#8211; Jean-Fran\u00e7ois Plante &#8211; 15 ao\u00fbt 2026"}]},{"@type":"WebSite","@id":"https:\/\/fermelpe.com\/#website","url":"https:\/\/fermelpe.com\/","name":"Ferme Les Petites \u00c9cores","description":"Awaken your senses to true taste","publisher":{"@id":"https:\/\/fermelpe.com\/#organization"},"potentialAction":[{"@type":"SearchAction","target":{"@type":"EntryPoint","urlTemplate":"https:\/\/fermelpe.com\/?s={search_term_string}"},"query-input":{"@type":"PropertyValueSpecification","valueRequired":true,"valueName":"search_term_string"}}],"inLanguage":"en-CA"},{"@type":"Organization","@id":"https:\/\/fermelpe.com\/#organization","name":"Ferme Les Petites \u00c9cores","url":"https:\/\/fermelpe.com\/","logo":{"@type":"ImageObject","inLanguage":"en-CA","@id":"https:\/\/fermelpe.com\/#\/schema\/logo\/image\/","url":"https:\/\/i0.wp.com\/fermelpe.com\/wp-content\/uploads\/2022\/12\/Facebook-Logo.png?fit=180%2C180&ssl=1","contentUrl":"https:\/\/i0.wp.com\/fermelpe.com\/wp-content\/uploads\/2022\/12\/Facebook-Logo.png?fit=180%2C180&ssl=1","width":180,"height":180,"caption":"Ferme Les Petites \u00c9cores"},"image":{"@id":"https:\/\/fermelpe.com\/#\/schema\/logo\/image\/"},"sameAs":["https:\/\/www.facebook.com\/fermelpe","https:\/\/www.instagram.com\/flpecores\/"]}]}},"_links":{"self":[{"href":"https:\/\/fermelpe.com\/en\/wp-json\/wp\/v2\/product\/9682","targetHints":{"allow":["GET"]}}],"collection":[{"href":"https:\/\/fermelpe.com\/en\/wp-json\/wp\/v2\/product"}],"about":[{"href":"https:\/\/fermelpe.com\/en\/wp-json\/wp\/v2\/types\/product"}],"author":[{"embeddable":true,"href":"https:\/\/fermelpe.com\/en\/wp-json\/wp\/v2\/users\/1"}],"replies":[{"embeddable":true,"href":"https:\/\/fermelpe.com\/en\/wp-json\/wp\/v2\/comments?post=9682"}],"wp:featuredmedia":[{"embeddable":true,"href":"https:\/\/fermelpe.com\/en\/wp-json\/wp\/v2\/media\/9906"}],"wp:attachment":[{"href":"https:\/\/fermelpe.com\/en\/wp-json\/wp\/v2\/media?parent=9682"}],"wp:term":[{"taxonomy":"product_brand","embeddable":true,"href":"https:\/\/fermelpe.com\/en\/wp-json\/wp\/v2\/product_brand?post=9682"},{"taxonomy":"product_cat","embeddable":true,"href":"https:\/\/fermelpe.com\/en\/wp-json\/wp\/v2\/product_cat?post=9682"},{"taxonomy":"product_tag","embeddable":true,"href":"https:\/\/fermelpe.com\/en\/wp-json\/wp\/v2\/product_tag?post=9682"}],"curies":[{"name":"wp","href":"https:\/\/api.w.org\/{rel}","templated":true}]}}