{"id":9973,"date":"2026-03-20T06:00:18","date_gmt":"2026-03-20T10:00:18","guid":{"rendered":"https:\/\/fermelpe.com\/?post_type=product&#038;p=9973"},"modified":"2026-04-09T14:06:27","modified_gmt":"2026-04-09T18:06:27","slug":"table-champetre-bon-a-croquer-24-juillet-2026","status":"publish","type":"product","link":"https:\/\/fermelpe.com\/en\/boutique\/table-champetre-bon-a-croquer-24-juillet-2026\/","title":{"rendered":"Country-style table \u2013 Delicious enough to eat \u2013 July 24, 2026"},"content":{"rendered":"<p><strong>Country-style table setting on July 24, 2026 with chef Jean-S\u00e9bastien Beauvais\u00a0<\/strong><\/p>\n<p>Back again this year, Bon \u00e0 croquer offers you an evening bursting with flavor, showcasing farm products and those from local producers. This year, discover the duck from Canard et cie, highlighted alongside other farm products.<\/p>\n<p><strong>Evening menu:<\/strong> <a href=\"https:\/\/fermelpe.com\/wp-content\/uploads\/2026\/03\/Table-champetre-Bon-a-croquer.pdf\">Menu for July 24th and 25th, 2026<\/a><\/p>\n<p>&nbsp;<\/p>\n<table style=\"color: #e7e7e7; border-collapse: collapse; width: 100%;\">\n<thead>\n<tr>\n<th style=\"text-align: left;\">Date \/ cost<\/th>\n<th style=\"text-align: center;\">Adult<\/th>\n<\/tr>\n<\/thead>\n<tbody>\n<tr>\n<td>March 21 to March 31<\/td>\n<td style=\"text-align: center;\">125,00 $<\/td>\n<\/tr>\n<tr>\n<td>April 1st to May 31st<\/td>\n<td style=\"text-align: center;\">130,00 $<\/td>\n<\/tr>\n<tr>\n<td>From June 1st<\/td>\n<td style=\"text-align: center;\">135,00 $<\/td>\n<\/tr>\n<\/tbody>\n<\/table>\n<p>&nbsp;<\/p>\n<p><strong>Practical information:<\/strong><\/p>\n<p><strong>Date<\/strong> July 24, 2026<\/p>\n<p><strong>Arrival time<\/strong> From 5:00 PM<\/p>\n<p><strong>Start of the farm tour<\/strong> 5:30 PM<\/p>\n<p><strong>Dinner begins<\/strong> 7:00 PM<\/p>\n<p>Note: Bring your own wine. No alcohol is provided or sold on site.<\/p>","protected":false},"excerpt":{"rendered":"<p>Bring your own wine. No alcohol is provided or sold on site.<\/p>","protected":false},"author":1,"featured_media":9901,"comment_status":"open","ping_status":"closed","template":"","meta":{"wprm-recipe-roundup-name":"","wprm-recipe-roundup-description":"","wpupg_custom_link":[],"wpupg_custom_link_behaviour":[],"wpupg_custom_link_nofollow":[],"wpupg_custom_image":[],"wpupg_custom_image_id":[]},"product_brand":[],"product_cat":[132,298],"product_tag":[],"class_list":{"0":"post-9973","1":"product","2":"type-product","3":"status-publish","4":"has-post-thumbnail","6":"product_cat-activites","7":"product_cat-table-champetre","9":"first","10":"instock","11":"sale","12":"downloadable","13":"virtual","14":"taxable","15":"purchasable","16":"product-type-simple"},"yoast_head":"<!-- This site is optimized with the Yoast SEO plugin v26.7 - https:\/\/yoast.com\/wordpress\/plugins\/seo\/ -->\n<title>Table champ\u00eatre - Bon \u00e0 croquer - 24 juillet 2026 | Ferme Les Petites \u00c9cores<\/title>\n<meta name=\"robots\" content=\"index, follow, max-snippet:-1, max-image-preview:large, max-video-preview:-1\" \/>\n<link rel=\"canonical\" href=\"https:\/\/fermelpe.com\/en\/boutique\/table-champetre-bon-a-croquer-24-juillet-2026\/\" \/>\n<meta property=\"og:locale\" content=\"en_US\" \/>\n<meta property=\"og:type\" content=\"article\" \/>\n<meta property=\"og:title\" content=\"Table champ\u00eatre - Bon \u00e0 croquer - 24 juillet 2026 | Ferme Les Petites \u00c9cores\" \/>\n<meta property=\"og:description\" content=\"Apportez votre vin. Aucun alcool n&#039;est fourni ni vendu sur place.\" \/>\n<meta property=\"og:url\" content=\"https:\/\/fermelpe.com\/en\/boutique\/table-champetre-bon-a-croquer-24-juillet-2026\/\" \/>\n<meta property=\"og:site_name\" content=\"Ferme Les Petites \u00c9cores\" \/>\n<meta property=\"article:publisher\" content=\"https:\/\/www.facebook.com\/fermelpe\" \/>\n<meta property=\"article:modified_time\" content=\"2026-04-09T18:06:27+00:00\" \/>\n<meta property=\"og:image\" content=\"https:\/\/fermelpe.com\/wp-content\/uploads\/2026\/03\/Cavatelli-bon-a-croquer-Custom.png\" \/>\n\t<meta property=\"og:image:width\" content=\"365\" \/>\n\t<meta property=\"og:image:height\" content=\"500\" \/>\n\t<meta property=\"og:image:type\" content=\"image\/png\" \/>\n<script type=\"application\/ld+json\" class=\"yoast-schema-graph\">{\"@context\":\"https:\/\/schema.org\",\"@graph\":[{\"@type\":\"WebPage\",\"@id\":\"https:\/\/fermelpe.com\/boutique\/table-champetre-bon-a-croquer-24-juillet-2026\/\",\"url\":\"https:\/\/fermelpe.com\/boutique\/table-champetre-bon-a-croquer-24-juillet-2026\/\",\"name\":\"Table champ\u00eatre - Bon \u00e0 croquer - 24 juillet 2026 | Ferme Les Petites \u00c9cores\",\"isPartOf\":{\"@id\":\"https:\/\/fermelpe.com\/#website\"},\"primaryImageOfPage\":{\"@id\":\"https:\/\/fermelpe.com\/boutique\/table-champetre-bon-a-croquer-24-juillet-2026\/#primaryimage\"},\"image\":{\"@id\":\"https:\/\/fermelpe.com\/boutique\/table-champetre-bon-a-croquer-24-juillet-2026\/#primaryimage\"},\"thumbnailUrl\":\"https:\/\/i0.wp.com\/fermelpe.com\/wp-content\/uploads\/2026\/03\/Cavatelli-bon-a-croquer-Custom.png?fit=365%2C500&ssl=1\",\"datePublished\":\"2026-03-20T10:00:18+00:00\",\"dateModified\":\"2026-04-09T18:06:27+00:00\",\"breadcrumb\":{\"@id\":\"https:\/\/fermelpe.com\/boutique\/table-champetre-bon-a-croquer-24-juillet-2026\/#breadcrumb\"},\"inLanguage\":\"en-CA\",\"potentialAction\":[{\"@type\":\"ReadAction\",\"target\":[\"https:\/\/fermelpe.com\/boutique\/table-champetre-bon-a-croquer-24-juillet-2026\/\"]}]},{\"@type\":\"ImageObject\",\"inLanguage\":\"en-CA\",\"@id\":\"https:\/\/fermelpe.com\/boutique\/table-champetre-bon-a-croquer-24-juillet-2026\/#primaryimage\",\"url\":\"https:\/\/i0.wp.com\/fermelpe.com\/wp-content\/uploads\/2026\/03\/Cavatelli-bon-a-croquer-Custom.png?fit=365%2C500&ssl=1\",\"contentUrl\":\"https:\/\/i0.wp.com\/fermelpe.com\/wp-content\/uploads\/2026\/03\/Cavatelli-bon-a-croquer-Custom.png?fit=365%2C500&ssl=1\",\"width\":365,\"height\":500},{\"@type\":\"BreadcrumbList\",\"@id\":\"https:\/\/fermelpe.com\/boutique\/table-champetre-bon-a-croquer-24-juillet-2026\/#breadcrumb\",\"itemListElement\":[{\"@type\":\"ListItem\",\"position\":1,\"name\":\"Accueil\",\"item\":\"https:\/\/fermelpe.com\/\"},{\"@type\":\"ListItem\",\"position\":2,\"name\":\"Boutique\",\"item\":\"https:\/\/fermelpe.com\/boutique\/\"},{\"@type\":\"ListItem\",\"position\":3,\"name\":\"Table champ\u00eatre &#8211; Bon \u00e0 croquer &#8211; 24 juillet 2026\"}]},{\"@type\":\"WebSite\",\"@id\":\"https:\/\/fermelpe.com\/#website\",\"url\":\"https:\/\/fermelpe.com\/\",\"name\":\"Ferme Les Petites \u00c9cores\",\"description\":\"\u00c9veillez vos sens au vrai go\u00fbt\",\"publisher\":{\"@id\":\"https:\/\/fermelpe.com\/#organization\"},\"potentialAction\":[{\"@type\":\"SearchAction\",\"target\":{\"@type\":\"EntryPoint\",\"urlTemplate\":\"https:\/\/fermelpe.com\/?s={search_term_string}\"},\"query-input\":{\"@type\":\"PropertyValueSpecification\",\"valueRequired\":true,\"valueName\":\"search_term_string\"}}],\"inLanguage\":\"en-CA\"},{\"@type\":\"Organization\",\"@id\":\"https:\/\/fermelpe.com\/#organization\",\"name\":\"Ferme Les Petites \u00c9cores\",\"url\":\"https:\/\/fermelpe.com\/\",\"logo\":{\"@type\":\"ImageObject\",\"inLanguage\":\"en-CA\",\"@id\":\"https:\/\/fermelpe.com\/#\/schema\/logo\/image\/\",\"url\":\"https:\/\/i0.wp.com\/fermelpe.com\/wp-content\/uploads\/2022\/12\/Facebook-Logo.png?fit=180%2C180&ssl=1\",\"contentUrl\":\"https:\/\/i0.wp.com\/fermelpe.com\/wp-content\/uploads\/2022\/12\/Facebook-Logo.png?fit=180%2C180&ssl=1\",\"width\":180,\"height\":180,\"caption\":\"Ferme Les Petites \u00c9cores\"},\"image\":{\"@id\":\"https:\/\/fermelpe.com\/#\/schema\/logo\/image\/\"},\"sameAs\":[\"https:\/\/www.facebook.com\/fermelpe\",\"https:\/\/www.instagram.com\/flpecores\/\"]}]}<\/script>\n<!-- \/ Yoast SEO plugin. -->","yoast_head_json":{"title":"Table champ\u00eatre - Bon \u00e0 croquer - 24 juillet 2026 | Ferme Les Petites \u00c9cores","robots":{"index":"index","follow":"follow","max-snippet":"max-snippet:-1","max-image-preview":"max-image-preview:large","max-video-preview":"max-video-preview:-1"},"canonical":"https:\/\/fermelpe.com\/en\/boutique\/table-champetre-bon-a-croquer-24-juillet-2026\/","og_locale":"en_US","og_type":"article","og_title":"Table champ\u00eatre - Bon \u00e0 croquer - 24 juillet 2026 | Ferme Les Petites \u00c9cores","og_description":"Apportez votre vin. Aucun alcool n'est fourni ni vendu sur place.","og_url":"https:\/\/fermelpe.com\/en\/boutique\/table-champetre-bon-a-croquer-24-juillet-2026\/","og_site_name":"Ferme Les Petites \u00c9cores","article_publisher":"https:\/\/www.facebook.com\/fermelpe","article_modified_time":"2026-04-09T18:06:27+00:00","og_image":[{"width":365,"height":500,"url":"https:\/\/fermelpe.com\/wp-content\/uploads\/2026\/03\/Cavatelli-bon-a-croquer-Custom.png","type":"image\/png"}],"schema":{"@context":"https:\/\/schema.org","@graph":[{"@type":"WebPage","@id":"https:\/\/fermelpe.com\/boutique\/table-champetre-bon-a-croquer-24-juillet-2026\/","url":"https:\/\/fermelpe.com\/boutique\/table-champetre-bon-a-croquer-24-juillet-2026\/","name":"Table champ\u00eatre - Bon \u00e0 croquer - 24 juillet 2026 | Ferme Les Petites \u00c9cores","isPartOf":{"@id":"https:\/\/fermelpe.com\/#website"},"primaryImageOfPage":{"@id":"https:\/\/fermelpe.com\/boutique\/table-champetre-bon-a-croquer-24-juillet-2026\/#primaryimage"},"image":{"@id":"https:\/\/fermelpe.com\/boutique\/table-champetre-bon-a-croquer-24-juillet-2026\/#primaryimage"},"thumbnailUrl":"https:\/\/i0.wp.com\/fermelpe.com\/wp-content\/uploads\/2026\/03\/Cavatelli-bon-a-croquer-Custom.png?fit=365%2C500&ssl=1","datePublished":"2026-03-20T10:00:18+00:00","dateModified":"2026-04-09T18:06:27+00:00","breadcrumb":{"@id":"https:\/\/fermelpe.com\/boutique\/table-champetre-bon-a-croquer-24-juillet-2026\/#breadcrumb"},"inLanguage":"en-CA","potentialAction":[{"@type":"ReadAction","target":["https:\/\/fermelpe.com\/boutique\/table-champetre-bon-a-croquer-24-juillet-2026\/"]}]},{"@type":"ImageObject","inLanguage":"en-CA","@id":"https:\/\/fermelpe.com\/boutique\/table-champetre-bon-a-croquer-24-juillet-2026\/#primaryimage","url":"https:\/\/i0.wp.com\/fermelpe.com\/wp-content\/uploads\/2026\/03\/Cavatelli-bon-a-croquer-Custom.png?fit=365%2C500&ssl=1","contentUrl":"https:\/\/i0.wp.com\/fermelpe.com\/wp-content\/uploads\/2026\/03\/Cavatelli-bon-a-croquer-Custom.png?fit=365%2C500&ssl=1","width":365,"height":500},{"@type":"BreadcrumbList","@id":"https:\/\/fermelpe.com\/boutique\/table-champetre-bon-a-croquer-24-juillet-2026\/#breadcrumb","itemListElement":[{"@type":"ListItem","position":1,"name":"Accueil","item":"https:\/\/fermelpe.com\/"},{"@type":"ListItem","position":2,"name":"Boutique","item":"https:\/\/fermelpe.com\/boutique\/"},{"@type":"ListItem","position":3,"name":"Table champ\u00eatre &#8211; Bon \u00e0 croquer &#8211; 24 juillet 2026"}]},{"@type":"WebSite","@id":"https:\/\/fermelpe.com\/#website","url":"https:\/\/fermelpe.com\/","name":"Ferme Les Petites \u00c9cores","description":"Awaken your senses to true taste","publisher":{"@id":"https:\/\/fermelpe.com\/#organization"},"potentialAction":[{"@type":"SearchAction","target":{"@type":"EntryPoint","urlTemplate":"https:\/\/fermelpe.com\/?s={search_term_string}"},"query-input":{"@type":"PropertyValueSpecification","valueRequired":true,"valueName":"search_term_string"}}],"inLanguage":"en-CA"},{"@type":"Organization","@id":"https:\/\/fermelpe.com\/#organization","name":"Ferme Les Petites \u00c9cores","url":"https:\/\/fermelpe.com\/","logo":{"@type":"ImageObject","inLanguage":"en-CA","@id":"https:\/\/fermelpe.com\/#\/schema\/logo\/image\/","url":"https:\/\/i0.wp.com\/fermelpe.com\/wp-content\/uploads\/2022\/12\/Facebook-Logo.png?fit=180%2C180&ssl=1","contentUrl":"https:\/\/i0.wp.com\/fermelpe.com\/wp-content\/uploads\/2022\/12\/Facebook-Logo.png?fit=180%2C180&ssl=1","width":180,"height":180,"caption":"Ferme Les Petites \u00c9cores"},"image":{"@id":"https:\/\/fermelpe.com\/#\/schema\/logo\/image\/"},"sameAs":["https:\/\/www.facebook.com\/fermelpe","https:\/\/www.instagram.com\/flpecores\/"]}]}},"_links":{"self":[{"href":"https:\/\/fermelpe.com\/en\/wp-json\/wp\/v2\/product\/9973","targetHints":{"allow":["GET"]}}],"collection":[{"href":"https:\/\/fermelpe.com\/en\/wp-json\/wp\/v2\/product"}],"about":[{"href":"https:\/\/fermelpe.com\/en\/wp-json\/wp\/v2\/types\/product"}],"author":[{"embeddable":true,"href":"https:\/\/fermelpe.com\/en\/wp-json\/wp\/v2\/users\/1"}],"replies":[{"embeddable":true,"href":"https:\/\/fermelpe.com\/en\/wp-json\/wp\/v2\/comments?post=9973"}],"wp:featuredmedia":[{"embeddable":true,"href":"https:\/\/fermelpe.com\/en\/wp-json\/wp\/v2\/media\/9901"}],"wp:attachment":[{"href":"https:\/\/fermelpe.com\/en\/wp-json\/wp\/v2\/media?parent=9973"}],"wp:term":[{"taxonomy":"product_brand","embeddable":true,"href":"https:\/\/fermelpe.com\/en\/wp-json\/wp\/v2\/product_brand?post=9973"},{"taxonomy":"product_cat","embeddable":true,"href":"https:\/\/fermelpe.com\/en\/wp-json\/wp\/v2\/product_cat?post=9973"},{"taxonomy":"product_tag","embeddable":true,"href":"https:\/\/fermelpe.com\/en\/wp-json\/wp\/v2\/product_tag?post=9973"}],"curies":[{"name":"wp","href":"https:\/\/api.w.org\/{rel}","templated":true}]}}